{"id":949,"date":"2019-12-13T14:47:50","date_gmt":"2019-12-13T17:47:50","guid":{"rendered":"http:\/\/uenf.br\/projetos\/arvoresdauenf\/?page_id=949"},"modified":"2023-05-01T14:20:00","modified_gmt":"2023-05-01T17:20:00","slug":"coqueiro","status":"publish","type":"page","link":"https:\/\/uenf.br\/projetos\/arvoresdauenf\/especie-2\/coqueiro\/","title":{"rendered":"Coqueiro"},"content":{"rendered":"<h2><strong><em>Cocos nucifera <\/em>L.<\/strong><\/h2>\n<div id=\"attachment_1573\" style=\"width: 405px\" class=\"wp-caption aligncenter\"><img loading=\"lazy\" decoding=\"async\" aria-describedby=\"caption-attachment-1573\" class=\"wp-image-1573\" src=\"http:\/\/uenf.br\/projetos\/arvoresdauenf\/files\/2020\/07\/e22b2a69-aa58-465d-8382-38a9343ffe20-768x1024.jpg\" alt=\"\" width=\"395\" height=\"526\" srcset=\"https:\/\/uenf.br\/projetos\/arvoresdauenf\/files\/2020\/07\/e22b2a69-aa58-465d-8382-38a9343ffe20-768x1024.jpg 768w, https:\/\/uenf.br\/projetos\/arvoresdauenf\/files\/2020\/07\/e22b2a69-aa58-465d-8382-38a9343ffe20-225x300.jpg 225w, https:\/\/uenf.br\/projetos\/arvoresdauenf\/files\/2020\/07\/e22b2a69-aa58-465d-8382-38a9343ffe20.jpg 780w\" sizes=\"auto, (max-width: 395px) 100vw, 395px\" \/><p id=\"caption-attachment-1573\" class=\"wp-caption-text\">Coqueiro na Vila Maria. Foto: Christian Ribeiro<\/p><\/div>\n<div id=\"attachment_1635\" style=\"width: 415px\" class=\"wp-caption aligncenter\"><img loading=\"lazy\" decoding=\"async\" aria-describedby=\"caption-attachment-1635\" class=\"wp-image-1635\" src=\"http:\/\/uenf.br\/projetos\/arvoresdauenf\/files\/2020\/08\/IMG_20200724_095543441_HDR-1024x768.jpg\" alt=\"\" width=\"405\" height=\"304\" srcset=\"https:\/\/uenf.br\/projetos\/arvoresdauenf\/files\/2020\/08\/IMG_20200724_095543441_HDR-1024x768.jpg 1024w, https:\/\/uenf.br\/projetos\/arvoresdauenf\/files\/2020\/08\/IMG_20200724_095543441_HDR-300x225.jpg 300w, https:\/\/uenf.br\/projetos\/arvoresdauenf\/files\/2020\/08\/IMG_20200724_095543441_HDR-768x576.jpg 768w, https:\/\/uenf.br\/projetos\/arvoresdauenf\/files\/2020\/08\/IMG_20200724_095543441_HDR-1536x1152.jpg 1536w, https:\/\/uenf.br\/projetos\/arvoresdauenf\/files\/2020\/08\/IMG_20200724_095543441_HDR-2048x1536.jpg 2048w\" sizes=\"auto, (max-width: 405px) 100vw, 405px\" \/><p id=\"caption-attachment-1635\" class=\"wp-caption-text\">Coqueiro <em>campus<\/em> Leonel Brizola &#8211; UENF. Foto: Christian Ribeiro<\/p><\/div>\n<div id=\"attachment_1614\" style=\"width: 425px\" class=\"wp-caption aligncenter\"><img loading=\"lazy\" decoding=\"async\" aria-describedby=\"caption-attachment-1614\" class=\"wp-image-1614\" src=\"http:\/\/uenf.br\/projetos\/arvoresdauenf\/files\/2020\/08\/IMG_4705-1024x768.jpg\" alt=\"\" width=\"415\" height=\"311\" srcset=\"https:\/\/uenf.br\/projetos\/arvoresdauenf\/files\/2020\/08\/IMG_4705-1024x768.jpg 1024w, https:\/\/uenf.br\/projetos\/arvoresdauenf\/files\/2020\/08\/IMG_4705-300x225.jpg 300w, https:\/\/uenf.br\/projetos\/arvoresdauenf\/files\/2020\/08\/IMG_4705-768x576.jpg 768w, https:\/\/uenf.br\/projetos\/arvoresdauenf\/files\/2020\/08\/IMG_4705-1536x1152.jpg 1536w, https:\/\/uenf.br\/projetos\/arvoresdauenf\/files\/2020\/08\/IMG_4705-2048x1536.jpg 2048w\" sizes=\"auto, (max-width: 415px) 100vw, 415px\" \/><p id=\"caption-attachment-1614\" class=\"wp-caption-text\">Foto: Yara Pereira<\/p><\/div>\n<div id=\"attachment_1611\" style=\"width: 405px\" class=\"wp-caption aligncenter\"><img loading=\"lazy\" decoding=\"async\" aria-describedby=\"caption-attachment-1611\" class=\"wp-image-1611\" src=\"http:\/\/uenf.br\/projetos\/arvoresdauenf\/files\/2020\/08\/IMG_4710-e1596483394272-768x1024.jpg\" alt=\"\" width=\"395\" height=\"527\" srcset=\"https:\/\/uenf.br\/projetos\/arvoresdauenf\/files\/2020\/08\/IMG_4710-e1596483394272-768x1024.jpg 768w, https:\/\/uenf.br\/projetos\/arvoresdauenf\/files\/2020\/08\/IMG_4710-e1596483394272-225x300.jpg 225w, https:\/\/uenf.br\/projetos\/arvoresdauenf\/files\/2020\/08\/IMG_4710-e1596483394272-1152x1536.jpg 1152w, https:\/\/uenf.br\/projetos\/arvoresdauenf\/files\/2020\/08\/IMG_4710-e1596483394272-1536x2048.jpg 1536w\" sizes=\"auto, (max-width: 395px) 100vw, 395px\" \/><p id=\"caption-attachment-1611\" class=\"wp-caption-text\">Foto: Yara Pereira<span style=\"font-size: 16px\">\u00a0<\/span><\/p><\/div>\n<h3><strong><span style=\"color: #000000\">Fam\u00edlia: Arecaceae\u00a0<\/span><\/strong><\/h3>\n<h3><strong><span style=\"color: #000000\">Nomes populares: coco, coco-da-ba\u00eda, coco-da-praia, c<b>oqueiro<\/b>, c<b>oqueiro<\/b>-an\u00e3o, c<b>oqueiro<\/b>-da-\u00edndia<\/span><\/strong><\/h3>\n<h3>Origem: Sudeste da \u00c1sia<\/h3>\n<h3 id=\"distribuicaoGeografica\" class=\"label\"><strong>Distribui\u00e7\u00e3o Geogr\u00e1fica<\/strong><\/h3>\n<div class=\"tabelamapa\">\n<div id=\"ocorrencia_confirmada\" class=\"label\"><strong>Ocorr\u00eancias:<\/strong><\/div>\n<\/div>\n<div id=\"tr-carregaTaxonGrupoDistribuicaoGeograficaCertezaNorte\" class=\"distribuicaoGeograficaCertezaNorte\">\n<ul>\n<li><b>Nordeste<\/b>\u00a0(Alagoas, Bahia, Cear\u00e1, Maranh\u00e3o, Para\u00edba, Pernambuco, Piau\u00ed, Rio Grande do Norte, Sergipe)<\/li>\n<\/ul>\n<h3 class=\"label\"><strong>Dom\u00ednios Fitogeogr\u00e1ficos\u00a0<\/strong><\/h3>\n<ul>\n<li class=\"label\">Mata Atl\u00e2ntica<\/li>\n<\/ul>\n<p><img loading=\"lazy\" decoding=\"async\" class=\"size-full wp-image-1690 aligncenter\" src=\"http:\/\/uenf.br\/projetos\/arvoresdauenf\/files\/2020\/08\/coco-min.jpg\" alt=\"\" width=\"405\" height=\"343\" srcset=\"https:\/\/uenf.br\/projetos\/arvoresdauenf\/files\/2020\/08\/coco-min.jpg 405w, https:\/\/uenf.br\/projetos\/arvoresdauenf\/files\/2020\/08\/coco-min-300x254.jpg 300w\" sizes=\"auto, (max-width: 405px) 100vw, 405px\" \/><\/p>\n<div>Fonte: Flora do Brasil, 2020 (<a href=\"http:\/\/reflora.jbrj.gov.br\/reflora\/listaBrasil\/ConsultaPublicaUC\/BemVindoConsultaPublicaConsultar.do?invalidatePageControlCounter=5&amp;idsFilhosAlgas=%5B2%5D&amp;idsFilhosFungos=%5B1%2C10%2C11%5D&amp;lingua=&amp;grupo=5&amp;familia=ARECACEAE&amp;genero=Cocos&amp;especie=nucifera&amp;autor=&amp;nomeVernaculo=&amp;nomeCompleto=&amp;formaVida=null&amp;substrato=null&amp;ocorreBrasil=QUALQUER&amp;ocorrencia=OCORRE&amp;endemismo=TODOS&amp;origem=TODOS&amp;regiao=QUALQUER&amp;estado=QUALQUER&amp;ilhaOceanica=32767&amp;domFitogeograficos=QUALQUER&amp;bacia=QUALQUER&amp;vegetacao=TODOS&amp;mostrarAte=SUBESP_VAR&amp;opcoesBusca=TODOS_OS_NOMES&amp;loginUsuario=Visitante&amp;senhaUsuario=&amp;contexto=consulta-publica\">clique aqui<\/a>)<\/div>\n<div>\n<h3><strong>Curiosidades:<\/strong><\/h3>\n<ul>\n<li>O extrato da fibra de casca de <em>C. nucifera<\/em> \u00e9 utilizado no tratamento da diarreia, na redu\u00e7\u00e3o de inflama\u00e7\u00e3o renal e como uma pomada t\u00f3pica para dermatites, abscessos e les\u00f5es.<\/li>\n<li>Na Papua Nova Guin\u00e9, as folhas e ra\u00edzes das plantas jovens s\u00e3o mastigadas como tratamento para diarreia e dores de est\u00f4mago. (<a href=\"http:\/\/www.scielo.br\/scielo.php?pid=S0100-879X2015005054773&amp;script=sci_arttext#B07\">clique aqui<\/a>)<\/li>\n<li>Na \u00cdndia, infus\u00f5es feitas com a infloresc\u00eancia do coco s\u00e3o utilizadas para o tratamento oral de dist\u00farbios do ciclo menstrual. (<a href=\"http:\/\/www.scielo.br\/scielo.php?pid=S0100-879X2015005054773&amp;script=sci_arttext#B07\">clique aqui<\/a>)<\/li>\n<li>No Qu\u00eania, a fruta \u00e9 usada para aliviar erup\u00e7\u00f5es cut\u00e2neas causadas por infec\u00e7\u00f5es resultantes do HIV. (<a href=\"http:\/\/www.scielo.br\/scielo.php?pid=S0100-879X2015005054773&amp;script=sci_arttext#B07\">clique aqui<\/a>)<\/li>\n<\/ul>\n<\/div>\n<\/div>\n<div><\/div>\n","protected":false},"excerpt":{"rendered":"<p>Cocos nucifera L. Fam\u00edlia: Arecaceae\u00a0 Nomes populares: coco, coco-da-ba\u00eda, coco-da-praia, coqueiro, coqueiro-an\u00e3o, coqueiro-da-\u00edndia Origem: Sudeste da \u00c1sia Distribui\u00e7\u00e3o Geogr\u00e1fica Ocorr\u00eancias:&#8230;<\/p>\n","protected":false},"author":24,"featured_media":0,"parent":27,"menu_order":0,"comment_status":"closed","ping_status":"closed","template":"","meta":{"footnotes":""},"class_list":["post-949","page","type-page","status-publish","hentry"],"_links":{"self":[{"href":"https:\/\/uenf.br\/projetos\/arvoresdauenf\/wp-json\/wp\/v2\/pages\/949","targetHints":{"allow":["GET"]}}],"collection":[{"href":"https:\/\/uenf.br\/projetos\/arvoresdauenf\/wp-json\/wp\/v2\/pages"}],"about":[{"href":"https:\/\/uenf.br\/projetos\/arvoresdauenf\/wp-json\/wp\/v2\/types\/page"}],"author":[{"embeddable":true,"href":"https:\/\/uenf.br\/projetos\/arvoresdauenf\/wp-json\/wp\/v2\/users\/24"}],"replies":[{"embeddable":true,"href":"https:\/\/uenf.br\/projetos\/arvoresdauenf\/wp-json\/wp\/v2\/comments?post=949"}],"version-history":[{"count":0,"href":"https:\/\/uenf.br\/projetos\/arvoresdauenf\/wp-json\/wp\/v2\/pages\/949\/revisions"}],"up":[{"embeddable":true,"href":"https:\/\/uenf.br\/projetos\/arvoresdauenf\/wp-json\/wp\/v2\/pages\/27"}],"wp:attachment":[{"href":"https:\/\/uenf.br\/projetos\/arvoresdauenf\/wp-json\/wp\/v2\/media?parent=949"}],"curies":[{"name":"wp","href":"https:\/\/api.w.org\/{rel}","templated":true}]}}