{"id":955,"date":"2019-12-13T14:50:35","date_gmt":"2019-12-13T17:50:35","guid":{"rendered":"http:\/\/uenf.br\/projetos\/arvoresdauenf\/?page_id=955"},"modified":"2022-06-08T22:13:34","modified_gmt":"2022-06-09T01:13:34","slug":"pau-dalho","status":"publish","type":"page","link":"https:\/\/uenf.br\/projetos\/arvoresdauenf\/especie-2\/pau-dalho\/","title":{"rendered":"Pau-d&#8217;alho"},"content":{"rendered":"<h2><em><i><b>Gallesia integrifolia <\/b><\/i><\/em><strong><small>Spreng<\/small><\/strong><em><small>.<\/small><\/em><\/h2>\n<div id=\"attachment_1653\" style=\"width: 395px\" class=\"wp-caption aligncenter\"><img loading=\"lazy\" decoding=\"async\" aria-describedby=\"caption-attachment-1653\" class=\"wp-image-1653\" src=\"http:\/\/uenf.br\/projetos\/arvoresdauenf\/files\/2020\/08\/IMG_4682.jpg\" alt=\"\" width=\"385\" height=\"514\" srcset=\"https:\/\/uenf.br\/projetos\/arvoresdauenf\/files\/2020\/08\/IMG_4682.jpg 662w, https:\/\/uenf.br\/projetos\/arvoresdauenf\/files\/2020\/08\/IMG_4682-225x300.jpg 225w\" sizes=\"auto, (max-width: 385px) 100vw, 385px\" \/><p id=\"caption-attachment-1653\" class=\"wp-caption-text\">Campus Leonel Brizola. Foto: Yara Pereira<\/p><\/div>\n<div id=\"attachment_1654\" style=\"width: 392px\" class=\"wp-caption aligncenter\"><img loading=\"lazy\" decoding=\"async\" aria-describedby=\"caption-attachment-1654\" class=\"wp-image-1654\" src=\"http:\/\/uenf.br\/projetos\/arvoresdauenf\/files\/2020\/08\/IMG_4684-768x1024.jpg\" alt=\"\" width=\"382\" height=\"510\" srcset=\"https:\/\/uenf.br\/projetos\/arvoresdauenf\/files\/2020\/08\/IMG_4684-768x1024.jpg 768w, https:\/\/uenf.br\/projetos\/arvoresdauenf\/files\/2020\/08\/IMG_4684-225x300.jpg 225w, https:\/\/uenf.br\/projetos\/arvoresdauenf\/files\/2020\/08\/IMG_4684-1152x1536.jpg 1152w, https:\/\/uenf.br\/projetos\/arvoresdauenf\/files\/2020\/08\/IMG_4684-1536x2048.jpg 1536w\" sizes=\"auto, (max-width: 382px) 100vw, 382px\" \/><p id=\"caption-attachment-1654\" class=\"wp-caption-text\">Foto: Yara Pereira<\/p><\/div>\n<h3><strong><span style=\"color: #000000\">Fam\u00edlia: <\/span><\/strong>\u00a0<strong>Phytolaccaceae<\/strong><\/h3>\n<h3><strong><span style=\"color: #000000\">Nomes populares: P<b>au-d&#8217;alho<\/b>,\u00a0<b>guararema<\/b>,\u00a0<b>gurarema<\/b>,\u00a0<b>guarema<\/b>, <sup id=\"cite_ref-FERREIRA,_A._B._H._1986._p.873_2-0\" class=\"reference\"><\/sup><b>pau-de-mau-cheiro<\/b>\u00a0e\u00a0<b>ubaet\u00e9<\/b><\/span><\/strong><\/h3>\n<h3>Origem: Nativa (\u00e9 end\u00eamica do Brasil)<\/h3>\n<h3 id=\"distribuicaoGeografica\" class=\"label\"><strong>Distribui\u00e7\u00e3o Geogr\u00e1fica<\/strong><\/h3>\n<div class=\"tabelamapa\">\n<div id=\"ocorrencia_confirmada\" class=\"label\"><strong>Ocorr\u00eancias:<\/strong><\/div>\n<div id=\"tr-carregaTaxonGrupoDistribuicaoGeograficaCertezaSudeste\" class=\"distribuicaoGeograficaCertezaSudeste\">\n<div id=\"tr-carregaTaxonGrupoDistribuicaoGeograficaCertezaNorte\" class=\"distribuicaoGeograficaCertezaNorte\">\n<ul>\n<li id=\"idFieldCertezaNorte\" class=\"field\"><b>Norte<\/b> (Acre, Amazonas)<\/li>\n<li class=\"field\"><b>Nordeste<\/b> (Bahia, Cear\u00e1, Para\u00edba, Pernambuco)<\/li>\n<li class=\"field\"><b>Centro-Oeste<\/b> (Mato Grosso)<\/li>\n<li class=\"field\"><b>Sudeste<\/b> (Minas Gerais, Rio de Janeiro, S\u00e3o Paulo)<\/li>\n<li class=\"field\"><b>Sul<\/b>\u00a0(Paran\u00e1)<\/li>\n<\/ul>\n<\/div>\n<\/div>\n<div>\n<div class=\"dominiosFitogeograficos\">\n<h3 class=\"label\"><strong>Dom\u00ednios Fitogeogr\u00e1ficos\u00a0<\/strong><\/h3>\n<\/div>\n<div id=\"tr-carregaTaxonGrupoDominiosFitogeograficos\" class=\"dominiosFitogeograficos\">\n<ul>\n<li id=\"idFieldDominiosFitogeograficos\" class=\"field\">Amaz\u00f4nia, Caatinga, Cerrado, Mata Atl\u00e2ntica<\/li>\n<\/ul>\n<p><img loading=\"lazy\" decoding=\"async\" class=\"size-full wp-image-1797 aligncenter\" src=\"http:\/\/uenf.br\/projetos\/arvoresdauenf\/files\/2020\/08\/pau-dalho-min.jpg\" alt=\"\" width=\"392\" height=\"346\" srcset=\"https:\/\/uenf.br\/projetos\/arvoresdauenf\/files\/2020\/08\/pau-dalho-min.jpg 392w, https:\/\/uenf.br\/projetos\/arvoresdauenf\/files\/2020\/08\/pau-dalho-min-300x265.jpg 300w\" sizes=\"auto, (max-width: 392px) 100vw, 392px\" \/><\/p>\n<\/div>\n<\/div>\n<\/div>\n<div>Fonte:\u00a0Flora do Brasil, 2020 (<a href=\"http:\/\/floradobrasil.jbrj.gov.br\/reflora\/listaBrasil\/ConsultaPublicaUC\/BemVindoConsultaPublicaConsultar.do?invalidatePageControlCounter=19&amp;idsFilhosAlgas=%5B2%5D&amp;idsFilhosFungos=%5B1%2C10%2C11%5D&amp;lingua=&amp;grupo=5&amp;familia=null&amp;genero=&amp;especie=&amp;autor=&amp;nomeVernaculo=&amp;nomeCompleto=Phytolaccaceae+Gallesia+integrifolia+%28Spreng.%29+Harms&amp;formaVida=null&amp;substrato=null&amp;ocorreBrasil=QUALQUER&amp;ocorrencia=OCORRE&amp;endemismo=TODOS&amp;origem=TODOS&amp;regiao=QUALQUER&amp;estado=QUALQUER&amp;ilhaOceanica=32767&amp;domFitogeograficos=QUALQUER&amp;bacia=QUALQUER&amp;vegetacao=TODOS&amp;mostrarAte=SUBESP_VAR&amp;opcoesBusca=NOME_ACEITO&amp;loginUsuario=Visitante&amp;senhaUsuario=&amp;contexto=consulta-publica\">clique aqui<\/a>)<\/div>\n<h3>\u00a0<strong>Curiosidades:<\/strong><\/h3>\n<ul>\n<li>Sua madeira \u00e9 utilizada em constru\u00e7\u00f5es tempor\u00e1rias, ripas e t\u00e1buas. A decoc\u00e7\u00e3o da mesma, \u00e9 usada no combate a vermes intestinais e doen\u00e7as do sistema linf\u00e1tico.<\/li>\n<li>\u00c9 poss\u00edvel obter de suas folhas um \u00f3leo essencial, sendo utilizado no tratamento da gonorreia. (<a href=\"http:\/\/tropical.theferns.info\/viewtropical.php?id=Gallesia+integrifolia\">Clique aqui)<\/a><\/li>\n<li>O seu nome popular, &#8220;pau-d&#8217;alho&#8221;\u00a0 \u00e9 proveniente da fragr\u00e2ncia de alho de sua madeira, quando verde. <a href=\"https:\/\/www.scielo.br\/j\/rbb\/a\/nqtbGNhLrH76LXcZYcyXWNj\/?format=pdf&amp;lang=pt\">(Clique aqui)<\/a><\/li>\n<li>A cinza da madeira do pau-d&#8217;alho \u00e9 rica em pot\u00e1ssio e muito utilizada no preparo de sab\u00e3o.\u00a0<a href=\"https:\/\/arvoresdaunicamp.blogspot.com\/2014\/02\/pau-dalho.html\">(Clique aqui)<\/a><\/li>\n<\/ul>\n<div>\n<p>&nbsp;<\/p>\n<\/div>\n","protected":false},"excerpt":{"rendered":"<p>Gallesia integrifolia Spreng. Fam\u00edlia: \u00a0Phytolaccaceae Nomes populares: Pau-d&#8217;alho,\u00a0guararema,\u00a0gurarema,\u00a0guarema, pau-de-mau-cheiro\u00a0e\u00a0ubaet\u00e9 Origem: Nativa (\u00e9 end\u00eamica do Brasil) Distribui\u00e7\u00e3o Geogr\u00e1fica Ocorr\u00eancias: Norte (Acre,&#8230;<\/p>\n","protected":false},"author":24,"featured_media":0,"parent":27,"menu_order":0,"comment_status":"closed","ping_status":"closed","template":"","meta":{"footnotes":""},"class_list":["post-955","page","type-page","status-publish","hentry"],"_links":{"self":[{"href":"https:\/\/uenf.br\/projetos\/arvoresdauenf\/wp-json\/wp\/v2\/pages\/955","targetHints":{"allow":["GET"]}}],"collection":[{"href":"https:\/\/uenf.br\/projetos\/arvoresdauenf\/wp-json\/wp\/v2\/pages"}],"about":[{"href":"https:\/\/uenf.br\/projetos\/arvoresdauenf\/wp-json\/wp\/v2\/types\/page"}],"author":[{"embeddable":true,"href":"https:\/\/uenf.br\/projetos\/arvoresdauenf\/wp-json\/wp\/v2\/users\/24"}],"replies":[{"embeddable":true,"href":"https:\/\/uenf.br\/projetos\/arvoresdauenf\/wp-json\/wp\/v2\/comments?post=955"}],"version-history":[{"count":0,"href":"https:\/\/uenf.br\/projetos\/arvoresdauenf\/wp-json\/wp\/v2\/pages\/955\/revisions"}],"up":[{"embeddable":true,"href":"https:\/\/uenf.br\/projetos\/arvoresdauenf\/wp-json\/wp\/v2\/pages\/27"}],"wp:attachment":[{"href":"https:\/\/uenf.br\/projetos\/arvoresdauenf\/wp-json\/wp\/v2\/media?parent=955"}],"curies":[{"name":"wp","href":"https:\/\/api.w.org\/{rel}","templated":true}]}}