{"id":959,"date":"2019-12-13T14:55:29","date_gmt":"2019-12-13T17:55:29","guid":{"rendered":"http:\/\/uenf.br\/projetos\/arvoresdauenf\/?page_id=959"},"modified":"2023-04-25T09:29:52","modified_gmt":"2023-04-25T12:29:52","slug":"graviola-2","status":"publish","type":"page","link":"https:\/\/uenf.br\/projetos\/arvoresdauenf\/especie-2\/graviola-2\/","title":{"rendered":"Gravioleira"},"content":{"rendered":"<h2><strong>Annona muricata <em>L<\/em><\/strong><em><strong style=\"font-size: 16px\">.<\/strong><\/em><\/h2>\n<div id=\"attachment_1238\" style=\"width: 367px\" class=\"wp-caption aligncenter\"><img loading=\"lazy\" decoding=\"async\" aria-describedby=\"caption-attachment-1238\" class=\"wp-image-1238\" src=\"http:\/\/uenf.br\/projetos\/arvoresdauenf\/files\/2020\/03\/IMG_1464.jpg\" alt=\"\" width=\"357\" height=\"476\" srcset=\"https:\/\/uenf.br\/projetos\/arvoresdauenf\/files\/2020\/03\/IMG_1464.jpg 647w, https:\/\/uenf.br\/projetos\/arvoresdauenf\/files\/2020\/03\/IMG_1464-225x300.jpg 225w\" sizes=\"auto, (max-width: 357px) 100vw, 357px\" \/><p id=\"caption-attachment-1238\" class=\"wp-caption-text\">A <em>Annona muricata L<strong style=\"font-size: 16px\">.<\/strong><\/em> \u00e9 uma \u00e1rvore de pequeno porte, alcan\u00e7ando 4-6 m de altura. Campus Maca\u00e9. Foto: Yara Pereira<\/p><\/div>\n<p>&nbsp;<\/p>\n<p style=\"text-align: center\"><strong><em>As folhas da Gravioleira possuem pec\u00edolo curto e medem de 14 a 16cm de comprimento. O seu fruto \u00e9 uma baga composta e carnosa,\u00a0 de colora\u00e7\u00e3o verde-escuro, por\u00e9m, quando desenvolvido o seu fruto apresenta a colora\u00e7\u00e3o verde-claro, apresentando esp\u00edculas que lembram espinhos.<br \/>\n<\/em><\/strong><\/p>\n<p style=\"text-align: center\"><img loading=\"lazy\" decoding=\"async\" class=\"wp-image-1239 aligncenter\" src=\"http:\/\/uenf.br\/projetos\/arvoresdauenf\/files\/2020\/03\/IMG_1465-1024x768.jpg\" alt=\"\" width=\"371\" height=\"279\" srcset=\"https:\/\/uenf.br\/projetos\/arvoresdauenf\/files\/2020\/03\/IMG_1465-1024x768.jpg 1024w, https:\/\/uenf.br\/projetos\/arvoresdauenf\/files\/2020\/03\/IMG_1465-300x225.jpg 300w, https:\/\/uenf.br\/projetos\/arvoresdauenf\/files\/2020\/03\/IMG_1465-768x576.jpg 768w, https:\/\/uenf.br\/projetos\/arvoresdauenf\/files\/2020\/03\/IMG_1465.jpg 1151w\" sizes=\"auto, (max-width: 371px) 100vw, 371px\" \/><span style=\"font-size: 14px\">Foto: Yara Pereira Gon\u00e7alves<\/span><\/p>\n<h3><strong><span style=\"color: #000000\">Fam\u00edlia: Annonaceae<\/span><\/strong><\/h3>\n<h3><strong><span style=\"color: #000000\">Nomes populares: araticum-do-grande, guanabano, cora\u00e7\u00e3o-da-rainha, condessa, jaca-do-par\u00e1, jaca-de-pobre, araticum, fruta-do-conde, pinha, cabe\u00e7a-de-negro, grave\u00f3la, jaca de pobre<\/span><\/strong><\/h3>\n<h3><strong>Origem: Antilhas<\/strong><\/h3>\n<h3 id=\"distribuicaoGeografica\" class=\"label\"><strong>Distribui\u00e7\u00e3o Geogr\u00e1fica<\/strong><\/h3>\n<div class=\"tabelamapa\">\n<div id=\"ocorrencia_confirmada\" class=\"label\"><strong>Ocorr\u00eancias:<\/strong><\/div>\n<\/div>\n<div id=\"tr-carregaTaxonGrupoDistribuicaoGeograficaCertezaNorte\" class=\"distribuicaoGeograficaCertezaNorte\">\n<ul>\n<li id=\"idFieldCertezaNorte\" class=\"field\"><b>Norte<\/b> (Acre, Amazonas, Amap\u00e1, Par\u00e1, Rond\u00f4nia, Roraima, Tocantins)<\/li>\n<li class=\"field\"><b>Nordeste<\/b> (Alagoas, Bahia, Cear\u00e1, Maranh\u00e3o, Para\u00edba, Pernambuco, Piau\u00ed, Sergipe)<\/li>\n<li class=\"field\"><b>Centro-Oeste<\/b> (Distrito Federal, Goi\u00e1s, Mato Grosso do Sul, Mato Grosso)<\/li>\n<li class=\"field\"><b>Sudeste<\/b> (Esp\u00edrito Santo, Minas Gerais, Rio de Janeiro, S\u00e3o Paulo)<\/li>\n<li class=\"field\"><b>Sul<\/b>\u00a0(Paran\u00e1, Rio Grande do Sul, Santa Catarina)<\/li>\n<\/ul>\n<h3 class=\"label\"><strong>Dom\u00ednios Fitogeogr\u00e1ficos\u00a0<\/strong><\/h3>\n<ul>\n<li>Amaz\u00f4nia, Caatinga, Cerrado, Mata Atl\u00e2ntica, Pantanal<\/li>\n<\/ul>\n<p><img loading=\"lazy\" decoding=\"async\" class=\"size-full wp-image-1678 aligncenter\" src=\"http:\/\/uenf.br\/projetos\/arvoresdauenf\/files\/2020\/08\/graviola-min.jpg\" alt=\"\" width=\"410\" height=\"363\" srcset=\"https:\/\/uenf.br\/projetos\/arvoresdauenf\/files\/2020\/08\/graviola-min.jpg 410w, https:\/\/uenf.br\/projetos\/arvoresdauenf\/files\/2020\/08\/graviola-min-300x266.jpg 300w\" sizes=\"auto, (max-width: 410px) 100vw, 410px\" \/><\/p>\n<p>Fonte: Flora do Brasil, 2020 <a href=\"http:\/\/reflora.jbrj.gov.br\/reflora\/listaBrasil\/ConsultaPublicaUC\/BemVindoConsultaPublicaConsultar.do?invalidatePageControlCounter=1&amp;idsFilhosAlgas=%5B2%5D&amp;idsFilhosFungos=%5B1%2C11%2C10%5D&amp;lingua=&amp;grupo=5&amp;genero=Annona&amp;especie=muricata&amp;autor=&amp;nomeVernaculo=&amp;nomeCompleto=&amp;formaVida=null&amp;substrato=null&amp;ocorreBrasil=QUALQUER&amp;ocorrencia=OCORRE&amp;endemismo=TODOS&amp;origem=TODOS&amp;regiao=QUALQUER&amp;estado=QUALQUER&amp;ilhaOceanica=32767&amp;domFitogeograficos=QUALQUER&amp;bacia=QUALQUER&amp;vegetacao=TODOS&amp;mostrarAte=SUBESP_VAR&amp;opcoesBusca=TODOS_OS_NOMES&amp;loginUsuario=Visitante&amp;senhaUsuario=&amp;contexto=consulta-publica\">(clique aqui<\/a>)<\/p>\n<h3>\u00a0<strong>Curiosidades:<\/strong><\/h3>\n<ul>\n<li>O extrato etan\u00f3lico de folhas de <em>A. muricata<\/em> \u00e9 fonte ativa de subst\u00e2ncias com atividades antinociceptivas e anti-inflamat\u00f3rias. (<a href=\"https:\/\/www.mdpi.com\/1422-0067\/11\/5\/2067\/htm#b1-ijms-11-02067\">clique aqui<\/a>)<\/li>\n<li>A polpa e as sementes da\u00a0 graviola \u00a0possuem \u00e1cidos graxos em sua composi\u00e7\u00e3o como os \u00e1cidos ol\u00e9ico, linol\u00e9ico e palm\u00edtico. <a href=\"http:\/\/livimagens.sct.embrapa.br\/amostras\/00013550.pdf\">(Clique aqui)<\/a><\/li>\n<\/ul>\n<\/div>\n","protected":false},"excerpt":{"rendered":"<p>Annona muricata L. &nbsp; As folhas da Gravioleira possuem pec\u00edolo curto e medem de 14 a 16cm de comprimento. O&#8230;<\/p>\n","protected":false},"author":24,"featured_media":0,"parent":27,"menu_order":0,"comment_status":"closed","ping_status":"closed","template":"","meta":{"footnotes":""},"class_list":["post-959","page","type-page","status-publish","hentry"],"_links":{"self":[{"href":"https:\/\/uenf.br\/projetos\/arvoresdauenf\/wp-json\/wp\/v2\/pages\/959","targetHints":{"allow":["GET"]}}],"collection":[{"href":"https:\/\/uenf.br\/projetos\/arvoresdauenf\/wp-json\/wp\/v2\/pages"}],"about":[{"href":"https:\/\/uenf.br\/projetos\/arvoresdauenf\/wp-json\/wp\/v2\/types\/page"}],"author":[{"embeddable":true,"href":"https:\/\/uenf.br\/projetos\/arvoresdauenf\/wp-json\/wp\/v2\/users\/24"}],"replies":[{"embeddable":true,"href":"https:\/\/uenf.br\/projetos\/arvoresdauenf\/wp-json\/wp\/v2\/comments?post=959"}],"version-history":[{"count":0,"href":"https:\/\/uenf.br\/projetos\/arvoresdauenf\/wp-json\/wp\/v2\/pages\/959\/revisions"}],"up":[{"embeddable":true,"href":"https:\/\/uenf.br\/projetos\/arvoresdauenf\/wp-json\/wp\/v2\/pages\/27"}],"wp:attachment":[{"href":"https:\/\/uenf.br\/projetos\/arvoresdauenf\/wp-json\/wp\/v2\/media?parent=959"}],"curies":[{"name":"wp","href":"https:\/\/api.w.org\/{rel}","templated":true}]}}