{"id":961,"date":"2019-12-13T14:56:02","date_gmt":"2019-12-13T17:56:02","guid":{"rendered":"http:\/\/uenf.br\/projetos\/arvoresdauenf\/?page_id=961"},"modified":"2022-06-02T11:49:28","modified_gmt":"2022-06-02T14:49:28","slug":"leucena","status":"publish","type":"page","link":"https:\/\/uenf.br\/projetos\/arvoresdauenf\/especie-2\/leucena\/","title":{"rendered":"Leucena"},"content":{"rendered":"<h2><em>Leucaena leucocephala <\/em>(Lam.) de Wit<\/h2>\n<div id=\"attachment_1643\" style=\"width: 450px\" class=\"wp-caption aligncenter\"><img loading=\"lazy\" decoding=\"async\" aria-describedby=\"caption-attachment-1643\" class=\"wp-image-1643\" src=\"http:\/\/uenf.br\/projetos\/arvoresdauenf\/files\/2020\/08\/IMG_20200724_095832848_HDR-768x1024.jpg\" alt=\"\" width=\"440\" height=\"587\" srcset=\"https:\/\/uenf.br\/projetos\/arvoresdauenf\/files\/2020\/08\/IMG_20200724_095832848_HDR-768x1024.jpg 768w, https:\/\/uenf.br\/projetos\/arvoresdauenf\/files\/2020\/08\/IMG_20200724_095832848_HDR-225x300.jpg 225w, https:\/\/uenf.br\/projetos\/arvoresdauenf\/files\/2020\/08\/IMG_20200724_095832848_HDR-1152x1536.jpg 1152w, https:\/\/uenf.br\/projetos\/arvoresdauenf\/files\/2020\/08\/IMG_20200724_095832848_HDR-1536x2048.jpg 1536w\" sizes=\"auto, (max-width: 440px) 100vw, 440px\" \/><p id=\"caption-attachment-1643\" class=\"wp-caption-text\">Foto: Christian Ribeiro<\/p><\/div>\n<div id=\"attachment_1644\" style=\"width: 445px\" class=\"wp-caption aligncenter\"><img loading=\"lazy\" decoding=\"async\" aria-describedby=\"caption-attachment-1644\" class=\"wp-image-1644\" src=\"http:\/\/uenf.br\/projetos\/arvoresdauenf\/files\/2020\/08\/IMG_20200724_095900808.jpg\" alt=\"\" width=\"435\" height=\"580\" srcset=\"https:\/\/uenf.br\/projetos\/arvoresdauenf\/files\/2020\/08\/IMG_20200724_095900808.jpg 662w, https:\/\/uenf.br\/projetos\/arvoresdauenf\/files\/2020\/08\/IMG_20200724_095900808-225x300.jpg 225w\" sizes=\"auto, (max-width: 435px) 100vw, 435px\" \/><p id=\"caption-attachment-1644\" class=\"wp-caption-text\">Foto: Christian Ribeiro<\/p><\/div>\n<div id=\"attachment_1645\" style=\"width: 453px\" class=\"wp-caption aligncenter\"><img loading=\"lazy\" decoding=\"async\" aria-describedby=\"caption-attachment-1645\" class=\"wp-image-1645\" src=\"http:\/\/uenf.br\/projetos\/arvoresdauenf\/files\/2020\/08\/IMG_20200724_095910633.jpg\" alt=\"\" width=\"443\" height=\"591\" srcset=\"https:\/\/uenf.br\/projetos\/arvoresdauenf\/files\/2020\/08\/IMG_20200724_095910633.jpg 707w, https:\/\/uenf.br\/projetos\/arvoresdauenf\/files\/2020\/08\/IMG_20200724_095910633-225x300.jpg 225w\" sizes=\"auto, (max-width: 443px) 100vw, 443px\" \/><p id=\"caption-attachment-1645\" class=\"wp-caption-text\">Foto: Christian Ribeiro<\/p><\/div>\n<h3><strong><span style=\"color: #000000\">Fam\u00edlia: Fabaceae<\/span><\/strong><\/h3>\n<h3><strong><span style=\"color: #000000\">Nomes populares: \u00e1rvore-do-conflito, deserto-verde<\/span><\/strong><\/h3>\n<h3>Origem: Am\u00e9rica Central<\/h3>\n<h3 id=\"distribuicaoGeografica\" class=\"label\"><strong>Distribui\u00e7\u00e3o Geogr\u00e1fica<\/strong><\/h3>\n<div class=\"tabelamapa\">\n<div id=\"ocorrencia_confirmada\" class=\"label\"><strong>Ocorr\u00eancias:<\/strong><\/div>\n<div id=\"tr-carregaTaxonGrupoDistribuicaoGeograficaCertezaNorte\" class=\"distribuicaoGeograficaCertezaNorte\">\n<ul>\n<li id=\"idFieldCertezaNorte\" class=\"field\"><b>Norte<\/b> (Acre, Amazonas)<\/li>\n<li class=\"field\"><b>Nordeste<\/b> (Bahia, Cear\u00e1, Para\u00edba, Pernambuco)<\/li>\n<li class=\"field\"><b>Centro-Oeste<\/b> (Distrito Federal, Mato Grosso)<\/li>\n<li class=\"field\"><b>Sudeste<\/b> (Esp\u00edrito Santo, Minas Gerais, Rio de Janeiro, S\u00e3o Paulo)<\/li>\n<li class=\"field\"><b>Sul<\/b>\u00a0(Paran\u00e1)<\/li>\n<\/ul>\n<h3 class=\"label\"><strong>Dom\u00ednios Fitogeogr\u00e1ficos\u00a0<\/strong><\/h3>\n<ul>\n<li>Amaz\u00f4nia, Caatinga, Cerrado, Mata Atl\u00e2ntica<\/li>\n<\/ul>\n<p><img loading=\"lazy\" decoding=\"async\" class=\"size-full wp-image-1768 aligncenter\" src=\"http:\/\/uenf.br\/projetos\/arvoresdauenf\/files\/2020\/08\/leucena-min.jpg\" alt=\"\" width=\"350\" height=\"344\" srcset=\"https:\/\/uenf.br\/projetos\/arvoresdauenf\/files\/2020\/08\/leucena-min.jpg 350w, https:\/\/uenf.br\/projetos\/arvoresdauenf\/files\/2020\/08\/leucena-min-300x295.jpg 300w\" sizes=\"auto, (max-width: 350px) 100vw, 350px\" \/><\/p>\n<p>Fonte: Flora do Brasil, 2020 (<a href=\"http:\/\/reflora.jbrj.gov.br\/reflora\/listaBrasil\/ConsultaPublicaUC\/BemVindoConsultaPublicaConsultar.do?invalidatePageControlCounter=1&amp;idsFilhosAlgas=%5B2%5D&amp;idsFilhosFungos=%5B1%2C11%2C10%5D&amp;lingua=&amp;grupo=5&amp;genero=Leucaena&amp;especie=leucocephala&amp;autor=&amp;nomeVernaculo=&amp;nomeCompleto=&amp;formaVida=null&amp;substrato=null&amp;ocorreBrasil=QUALQUER&amp;ocorrencia=OCORRE&amp;endemismo=TODOS&amp;origem=TODOS&amp;regiao=QUALQUER&amp;estado=QUALQUER&amp;ilhaOceanica=32767&amp;domFitogeograficos=QUALQUER&amp;bacia=QUALQUER&amp;vegetacao=TODOS&amp;mostrarAte=SUBESP_VAR&amp;opcoesBusca=TODOS_OS_NOMES&amp;loginUsuario=Visitante&amp;senhaUsuario=&amp;contexto=consulta-publica\">clique aqui<\/a>)<\/p>\n<\/div>\n<\/div>\n<h3><strong>Curiosidades:<\/strong><\/h3>\n<ul>\n<li>\u00c9 uma planta palat\u00e1vel para o gado, e devido a sua\u00a0 toler\u00e2ncia \u00e0 seca \u00e9\u00a0 empregada nos sistemas de alimenta\u00e7\u00e3o do rebanho no Brasil Central (<a href=\"http:\/\/old.cnpgc.embrapa.br\/publicacoes\/ct\/ct13\/03leucena.html\">clique aqui<\/a>)<\/li>\n<li>\u00a0Entretanto, \u00e9 uma esp\u00e9cie muito invasora e promove a homogeneiza\u00e7\u00e3o da flora devido sua alta capacidade competitiva e da libera\u00e7\u00e3o de aleloqu\u00edmicos no ambiente (<a href=\"https:\/\/www.grupocultivar.com.br\/artigos\/leucena-quem-realmente-e-voce\">clique aqui<\/a>)<\/li>\n<\/ul>\n<p>&nbsp;<\/p>\n<p>&nbsp;<\/p>\n","protected":false},"excerpt":{"rendered":"<p>Leucaena leucocephala (Lam.) de Wit Fam\u00edlia: Fabaceae Nomes populares: \u00e1rvore-do-conflito, deserto-verde Origem: Am\u00e9rica Central Distribui\u00e7\u00e3o Geogr\u00e1fica Ocorr\u00eancias: Norte (Acre, Amazonas)&#8230;<\/p>\n","protected":false},"author":24,"featured_media":0,"parent":27,"menu_order":0,"comment_status":"closed","ping_status":"closed","template":"","meta":{"footnotes":""},"class_list":["post-961","page","type-page","status-publish","hentry"],"_links":{"self":[{"href":"https:\/\/uenf.br\/projetos\/arvoresdauenf\/wp-json\/wp\/v2\/pages\/961","targetHints":{"allow":["GET"]}}],"collection":[{"href":"https:\/\/uenf.br\/projetos\/arvoresdauenf\/wp-json\/wp\/v2\/pages"}],"about":[{"href":"https:\/\/uenf.br\/projetos\/arvoresdauenf\/wp-json\/wp\/v2\/types\/page"}],"author":[{"embeddable":true,"href":"https:\/\/uenf.br\/projetos\/arvoresdauenf\/wp-json\/wp\/v2\/users\/24"}],"replies":[{"embeddable":true,"href":"https:\/\/uenf.br\/projetos\/arvoresdauenf\/wp-json\/wp\/v2\/comments?post=961"}],"version-history":[{"count":0,"href":"https:\/\/uenf.br\/projetos\/arvoresdauenf\/wp-json\/wp\/v2\/pages\/961\/revisions"}],"up":[{"embeddable":true,"href":"https:\/\/uenf.br\/projetos\/arvoresdauenf\/wp-json\/wp\/v2\/pages\/27"}],"wp:attachment":[{"href":"https:\/\/uenf.br\/projetos\/arvoresdauenf\/wp-json\/wp\/v2\/media?parent=961"}],"curies":[{"name":"wp","href":"https:\/\/api.w.org\/{rel}","templated":true}]}}