{"id":969,"date":"2019-12-13T14:59:30","date_gmt":"2019-12-13T17:59:30","guid":{"rendered":"http:\/\/uenf.br\/projetos\/arvoresdauenf\/?page_id=969"},"modified":"2020-08-08T09:06:02","modified_gmt":"2020-08-08T12:06:02","slug":"jabuticaba","status":"publish","type":"page","link":"https:\/\/uenf.br\/projetos\/arvoresdauenf\/especie-2\/jabuticaba\/","title":{"rendered":"Jabuticabeira"},"content":{"rendered":"<div id=\"rso\" data-async-context=\"query:jabuticaba%20nome%20cientifico\">\n<div class=\"bkWMgd\">\n<div class=\"g mnr-c g-blk\" lang=\"pt-BR\" data-hveid=\"CA8QAA\" data-ved=\"2ahUKEwiv2sOUl4jnAhWsJrkGHeOMBsQQizYoAHoECA8QAA\">\n<div class=\"EyBRub kp-blk fm06If Wnoohf OJXvsb\">\n<div class=\"xpdopen\">\n<div class=\"ifM9O\">\n<div class=\"NFQFxe viOShc mod\" lang=\"pt-BR\" data-md=\"126\" data-hveid=\"CAgQAA\" data-ved=\"2ahUKEwiv2sOUl4jnAhWsJrkGHeOMBsQQum4wAHoECAgQAA\">\n<h2 class=\"E6Cqjb\"><em>Plinia cauliflora <\/em>(Mart.) Kausel<\/h2>\n<\/div>\n<div id=\"attachment_1334\" style=\"width: 416px\" class=\"wp-caption aligncenter\"><img loading=\"lazy\" decoding=\"async\" aria-describedby=\"caption-attachment-1334\" class=\"wp-image-1334 \" src=\"http:\/\/uenf.br\/projetos\/arvoresdauenf\/files\/2020\/07\/IMG-20200708-WA0017-225x300.jpg\" alt=\"\" width=\"406\" height=\"542\" srcset=\"https:\/\/uenf.br\/projetos\/arvoresdauenf\/files\/2020\/07\/IMG-20200708-WA0017-225x300.jpg 225w, https:\/\/uenf.br\/projetos\/arvoresdauenf\/files\/2020\/07\/IMG-20200708-WA0017-768x1024.jpg 768w, https:\/\/uenf.br\/projetos\/arvoresdauenf\/files\/2020\/07\/IMG-20200708-WA0017.jpg 960w\" sizes=\"auto, (max-width: 406px) 100vw, 406px\" \/><p id=\"caption-attachment-1334\" class=\"wp-caption-text\">Jabuticabeira na Villa Maria. Foto: Raul E. L. Palacio<\/p><\/div>\n<\/div>\n<\/div>\n<\/div>\n<div id=\"attachment_1339\" style=\"width: 418px\" class=\"wp-caption aligncenter\"><img loading=\"lazy\" decoding=\"async\" aria-describedby=\"caption-attachment-1339\" class=\"wp-image-1339\" src=\"http:\/\/uenf.br\/projetos\/arvoresdauenf\/files\/2020\/07\/20200708_115721-e1594432769219-225x300.jpg\" alt=\"\" width=\"408\" height=\"545\" srcset=\"https:\/\/uenf.br\/projetos\/arvoresdauenf\/files\/2020\/07\/20200708_115721-e1594432769219-225x300.jpg 225w, https:\/\/uenf.br\/projetos\/arvoresdauenf\/files\/2020\/07\/20200708_115721-e1594432769219-768x1024.jpg 768w, https:\/\/uenf.br\/projetos\/arvoresdauenf\/files\/2020\/07\/20200708_115721-e1594432769219-1152x1536.jpg 1152w, https:\/\/uenf.br\/projetos\/arvoresdauenf\/files\/2020\/07\/20200708_115721-e1594432769219-1536x2048.jpg 1536w\" sizes=\"auto, (max-width: 408px) 100vw, 408px\" \/><p id=\"caption-attachment-1339\" class=\"wp-caption-text\">Flores, bot\u00f5es e frutos de jabuticaba. O ciclo de desenvolvimento, desde a antese at\u00e9 o amadurecimento do fruto, \u00e9 de 45 dias (Oliveira, 2018) <a href=\"https:\/\/www.teses.usp.br\/teses\/disponiveis\/11\/11136\/tde-29032019-110932\/publico\/Girlaine_Pereira_Oliveira.pdf\">clique aqui<\/a>. Foto: Deborah G. Barroso.<\/p><\/div>\n<div class=\"EyBRub kp-blk fm06If Wnoohf OJXvsb\">\n<div class=\"xpdopen\">\n<div class=\"ifM9O\">\n<div class=\"NFQFxe viOShc mod\" lang=\"pt-BR\" data-md=\"126\" data-hveid=\"CAgQAA\" data-ved=\"2ahUKEwiv2sOUl4jnAhWsJrkGHeOMBsQQum4wAHoECAgQAA\">\n<div id=\"attachment_1301\" style=\"width: 417px\" class=\"wp-caption aligncenter\"><a href=\"http:\/\/uenf.br\/projetos\/arvoresdauenf\/files\/2020\/07\/WhatsApp-Image-2020-07-07-at-09.07.44-1.jpeg\"><img loading=\"lazy\" decoding=\"async\" aria-describedby=\"caption-attachment-1301\" class=\"wp-image-1301\" src=\"http:\/\/uenf.br\/projetos\/arvoresdauenf\/files\/2020\/07\/WhatsApp-Image-2020-07-07-at-09.07.44-1-768x1024.jpeg\" alt=\"\" width=\"407\" height=\"542\" srcset=\"https:\/\/uenf.br\/projetos\/arvoresdauenf\/files\/2020\/07\/WhatsApp-Image-2020-07-07-at-09.07.44-1-768x1024.jpeg 768w, https:\/\/uenf.br\/projetos\/arvoresdauenf\/files\/2020\/07\/WhatsApp-Image-2020-07-07-at-09.07.44-1-225x300.jpeg 225w, https:\/\/uenf.br\/projetos\/arvoresdauenf\/files\/2020\/07\/WhatsApp-Image-2020-07-07-at-09.07.44-1.jpeg 780w\" sizes=\"auto, (max-width: 407px) 100vw, 407px\" \/><\/a><p id=\"caption-attachment-1301\" class=\"wp-caption-text\">Jabuticabeira frutificando em Lavras, Minas Gerais. O fruto \u00e9 arredondado, com casca roxa escura e polpa macia, esbranqui\u00e7ada e doce. Os frutos cobrem a planta e s\u00e3o fixados no tronco e nos galhos.\u00a0 Foto C\u00e1ssia Sales Marinho<\/p><\/div>\n<h3 class=\"E6Cqjb\"><strong><span style=\"color: #000000\">Fam\u00edlia: Myrtaceae<\/span><\/strong><\/h3>\n<h3><strong><span style=\"color: #000000\">Nomes populares: jabuticabeira, jabuticabeira-preta<\/span><\/strong><\/h3>\n<h3>Origem: end\u00eamica do Brasil<\/h3>\n<h3 id=\"distribuicaoGeografica\" class=\"label\"><strong>Distribui\u00e7\u00e3o Geogr\u00e1fica<\/strong><\/h3>\n<div class=\"tabelamapa\">\n<div id=\"ocorrencia_confirmada\" class=\"label\"><strong>Ocorr\u00eancias:<\/strong><\/div>\n<div>\n<div id=\"tr-carregaTaxonGrupoDistribuicaoGeograficaCertezaNordeste\" class=\"distribuicaoGeograficaCertezaNordeste\">\n<ul>\n<li id=\"idFieldCertezaNordeste\" class=\"field\"><b>Nordeste<\/b> (Bahia, Pernambuco)<\/li>\n<li class=\"field\"><b>Sudeste<\/b> (Esp\u00edrito Santo, Minas Gerais, Rio de Janeiro, S\u00e3o Paulo)<\/li>\n<li class=\"field\"><b>Sul<\/b>\u00a0(Paran\u00e1)<\/li>\n<\/ul>\n<h3 class=\"label\"><strong>Dom\u00ednios Fitogeogr\u00e1ficos\u00a0<\/strong><\/h3>\n<ul>\n<li>Mata Atl\u00e2ntica<\/li>\n<\/ul>\n<p><img loading=\"lazy\" decoding=\"async\" class=\"size-full wp-image-1765 aligncenter\" src=\"http:\/\/uenf.br\/projetos\/arvoresdauenf\/files\/2020\/08\/jabuticaba-min.jpg\" alt=\"\" width=\"411\" height=\"355\" srcset=\"https:\/\/uenf.br\/projetos\/arvoresdauenf\/files\/2020\/08\/jabuticaba-min.jpg 411w, https:\/\/uenf.br\/projetos\/arvoresdauenf\/files\/2020\/08\/jabuticaba-min-300x259.jpg 300w\" sizes=\"auto, (max-width: 411px) 100vw, 411px\" \/><\/p>\n<div>Fonte: Flora do Brasil, 2020 (<a href=\"http:\/\/floradobrasil.jbrj.gov.br\/reflora\/listaBrasil\/ConsultaPublicaUC\/BemVindoConsultaPublicaConsultar.do?invalidatePageControlCounter=17&amp;idsFilhosAlgas=%5B2%5D&amp;idsFilhosFungos=%5B1%2C11%2C10%5D&amp;lingua=&amp;grupo=5&amp;familia=null&amp;genero=&amp;especie=&amp;autor=&amp;nomeVernaculo=&amp;nomeCompleto=Plinia+cauliflora&amp;formaVida=null&amp;substrato=null&amp;ocorreBrasil=QUALQUER&amp;ocorrencia=OCORRE&amp;endemismo=TODOS&amp;origem=TODOS&amp;regiao=QUALQUER&amp;estado=QUALQUER&amp;ilhaOceanica=32767&amp;domFitogeograficos=QUALQUER&amp;bacia=QUALQUER&amp;vegetacao=TODOS&amp;mostrarAte=SUBESP_VAR&amp;opcoesBusca=TODOS_OS_NOMES&amp;loginUsuario=Visitante&amp;senhaUsuario=&amp;contexto=consulta-publica\">clique aqui<\/a>)<\/div>\n<div>\n<h3>\u00a0<strong>Curiosidades:<\/strong><\/h3>\n<ul>\n<li>Os polifen\u00f3is de jaboticaba mostraram-se eficazes na preven\u00e7\u00e3o de ganho de peso e adiposidade em camundongos alimentados com alto teor de gordura e alto teor de sacarose (<a href=\"https:\/\/reader.elsevier.com\/reader\/sd\/pii\/S2214799317302187?token=62497A6FE6E0F2B8BA251BC529317A8F98C663A2E49DDE2F035ED77BF72C9AD79D8B68FA94292AF9EC5C98D48FC26842\">Donado-Pestana et al. <span class=\"ref-lnk lazy-ref\">2018<\/span><\/a>)<\/li>\n<li>\u00a0Estudos realizados detectaram compostos fen\u00f3licos nas cascas de jabuticaba, como flavon\u00f3ides, antocianinas e elagitaninas, com atividades antioxidantes, anti-inflamat\u00f3rias e quimio-preventivas (Silva et al. <span class=\"ref-lnk lazy-ref\"><a href=\"https:\/\/www.tandfonline.com\/doi\/full\/10.1080\/14786419.2019.1633642#\" data-rid=\"CIT0015\" data-reflink=\"_i15 _i16\">2016<\/a><\/span>\u00a0; Betta et al.\u00a0<span class=\"ref-lnk lazy-ref\"><a href=\"https:\/\/www.tandfonline.com\/doi\/full\/10.1080\/14786419.2019.1633642#\" data-rid=\"CIT0004\" data-reflink=\"_i15 _i16\">2018<\/a><\/span> ) (<a href=\"https:\/\/www.tandfonline.com\/doi\/full\/10.1080\/14786419.2019.1633642\">clique aqui<\/a>)<\/li>\n<li>Al\u00e9m de ser consumida <em>in natura<\/em>, a jabuticaba pode ser usada para fazer vinagre, licor, suco, vinho, sorvete, xarope, gel\u00e9ia e cerveja, entre outros produtos (<a href=\"https:\/\/incrivel.club\/criatividade-saude\/8-curiosidades-sobre-a-mais-brasileira-das-frutas-636410\/\">clique aqui<\/a>)<\/li>\n<li>Sabar\u00e1, em Minas Gerais, \u00e9 considerada a terra da jabuticaba. Em 1982 houve a Publica\u00e7\u00e3o da Lei n\u00ba 146\/1982, concedendo incentivo fiscal em fun\u00e7\u00e3o das jabuticabeiras em \u00e1rea urbana, que prev\u00ea o desconto de 5% (por p\u00e9) no IPTU (com limite de 25%). Por l\u00e1 tamb\u00e9m \u00e9 poss\u00edvel alugar um p\u00e9 de jabuticaba e comer o quanto conseguir. A cidade possui desde 1987 o Festival da Jabuticaba, realizado em setembro (<a href=\"http:\/\/www.agenciarmbh.mg.gov.br\/wp-content\/uploads\/2016\/06\/A-Jabuticaba-de-Sabar%C3%A1-apresenta%C3%A7%C3%A3o.pdf\">clique aqui<\/a>)<\/li>\n<\/ul>\n<\/div>\n<\/div>\n<\/div>\n<\/div>\n<\/div>\n<\/div>\n<\/div>\n<\/div>\n<\/div>\n<\/div>\n<\/div>\n","protected":false},"excerpt":{"rendered":"<p>Plinia cauliflora (Mart.) Kausel Fam\u00edlia: Myrtaceae Nomes populares: jabuticabeira, jabuticabeira-preta Origem: end\u00eamica do Brasil Distribui\u00e7\u00e3o Geogr\u00e1fica Ocorr\u00eancias: Nordeste (Bahia, Pernambuco)&#8230;<\/p>\n","protected":false},"author":24,"featured_media":0,"parent":27,"menu_order":0,"comment_status":"closed","ping_status":"closed","template":"","meta":{"footnotes":""},"class_list":["post-969","page","type-page","status-publish","hentry"],"_links":{"self":[{"href":"https:\/\/uenf.br\/projetos\/arvoresdauenf\/wp-json\/wp\/v2\/pages\/969","targetHints":{"allow":["GET"]}}],"collection":[{"href":"https:\/\/uenf.br\/projetos\/arvoresdauenf\/wp-json\/wp\/v2\/pages"}],"about":[{"href":"https:\/\/uenf.br\/projetos\/arvoresdauenf\/wp-json\/wp\/v2\/types\/page"}],"author":[{"embeddable":true,"href":"https:\/\/uenf.br\/projetos\/arvoresdauenf\/wp-json\/wp\/v2\/users\/24"}],"replies":[{"embeddable":true,"href":"https:\/\/uenf.br\/projetos\/arvoresdauenf\/wp-json\/wp\/v2\/comments?post=969"}],"version-history":[{"count":0,"href":"https:\/\/uenf.br\/projetos\/arvoresdauenf\/wp-json\/wp\/v2\/pages\/969\/revisions"}],"up":[{"embeddable":true,"href":"https:\/\/uenf.br\/projetos\/arvoresdauenf\/wp-json\/wp\/v2\/pages\/27"}],"wp:attachment":[{"href":"https:\/\/uenf.br\/projetos\/arvoresdauenf\/wp-json\/wp\/v2\/media?parent=969"}],"curies":[{"name":"wp","href":"https:\/\/api.w.org\/{rel}","templated":true}]}}