{"id":971,"date":"2019-12-13T15:00:18","date_gmt":"2019-12-13T18:00:18","guid":{"rendered":"http:\/\/uenf.br\/projetos\/arvoresdauenf\/?page_id=971"},"modified":"2022-06-02T11:55:17","modified_gmt":"2022-06-02T14:55:17","slug":"sapotizeiro","status":"publish","type":"page","link":"https:\/\/uenf.br\/projetos\/arvoresdauenf\/especie-2\/sapotizeiro\/","title":{"rendered":"Sapotizeiro"},"content":{"rendered":"<h2><em><span class=\"w8qArf\">\u00a0<\/span><\/em><span class=\"LrzXr kno-fv\"><em>Manilkara zapota<\/em> \u00a0(L.) P.Royen<\/span><\/h2>\n<p>&nbsp;<\/p>\n<div id=\"attachment_1575\" style=\"width: 425px\" class=\"wp-caption aligncenter\"><img loading=\"lazy\" decoding=\"async\" aria-describedby=\"caption-attachment-1575\" class=\"wp-image-1575\" src=\"http:\/\/uenf.br\/projetos\/arvoresdauenf\/files\/2020\/07\/IMG_4577.jpg\" alt=\"\" width=\"415\" height=\"554\" srcset=\"https:\/\/uenf.br\/projetos\/arvoresdauenf\/files\/2020\/07\/IMG_4577.jpg 662w, https:\/\/uenf.br\/projetos\/arvoresdauenf\/files\/2020\/07\/IMG_4577-225x300.jpg 225w\" sizes=\"auto, (max-width: 415px) 100vw, 415px\" \/><p id=\"caption-attachment-1575\" class=\"wp-caption-text\">Sapotizeiro na Villa Maria. Foto: Yara Pereira<\/p><\/div>\n<div id=\"attachment_1577\" style=\"width: 429px\" class=\"wp-caption aligncenter\"><img loading=\"lazy\" decoding=\"async\" aria-describedby=\"caption-attachment-1577\" class=\"wp-image-1577\" src=\"http:\/\/uenf.br\/projetos\/arvoresdauenf\/files\/2020\/07\/IMG_4581-1024x768.jpg\" alt=\"\" width=\"419\" height=\"313\" srcset=\"https:\/\/uenf.br\/projetos\/arvoresdauenf\/files\/2020\/07\/IMG_4581-1024x768.jpg 1024w, https:\/\/uenf.br\/projetos\/arvoresdauenf\/files\/2020\/07\/IMG_4581-300x225.jpg 300w, https:\/\/uenf.br\/projetos\/arvoresdauenf\/files\/2020\/07\/IMG_4581-768x576.jpg 768w, https:\/\/uenf.br\/projetos\/arvoresdauenf\/files\/2020\/07\/IMG_4581-1536x1152.jpg 1536w, https:\/\/uenf.br\/projetos\/arvoresdauenf\/files\/2020\/07\/IMG_4581-2048x1536.jpg 2048w\" sizes=\"auto, (max-width: 419px) 100vw, 419px\" \/><p id=\"caption-attachment-1577\" class=\"wp-caption-text\">Foto: Yara Pereira<span style=\"font-size: 16px\">\u00a0<\/span><\/p><\/div>\n<h3><strong><span style=\"color: #000000\">Fam\u00edlia: Sapotaceae<\/span><\/strong><\/h3>\n<h3>Nomes populares: sapoti<\/h3>\n<h3>Origem: \u00a0Am\u00e9rica Central<\/h3>\n<h3 id=\"distribuicaoGeografica\" class=\"label\"><strong>Distribui\u00e7\u00e3o Geogr\u00e1fica<\/strong><\/h3>\n<div class=\"tabelamapa\">\n<div id=\"ocorrencia_confirmada\" class=\"label\"><strong>Ocorr\u00eancias:<\/strong><\/div>\n<div>\n<div id=\"tr-carregaTaxonGrupoDistribuicaoGeograficaCertezaNorte\" class=\"distribuicaoGeograficaCertezaNorte\">\n<ul>\n<li id=\"idFieldCertezaNorte\" class=\"field\"><b>Norte<\/b> (Amazonas, Amap\u00e1, Par\u00e1)<\/li>\n<li class=\"field\"><b>Nordeste<\/b> (Alagoas, Bahia, Cear\u00e1, Maranh\u00e3o, Para\u00edba, Pernambuco, Piau\u00ed, Rio Grande do Norte, Sergipe)<\/li>\n<li class=\"field\"><b>Centro-Oeste<\/b> (Mato Grosso do Sul)<\/li>\n<li class=\"field\"><b>Sudeste<\/b> (Esp\u00edrito Santo, Minas Gerais, Rio de Janeiro, S\u00e3o Paulo)<\/li>\n<li class=\"field\"><b>Sul<\/b>\u00a0(Paran\u00e1)<\/li>\n<\/ul>\n<h3 class=\"label\"><strong>Dom\u00ednios Fitogeogr\u00e1ficos\u00a0<\/strong><\/h3>\n<ul>\n<li>Amaz\u00f4nia, Caatinga, Cerrado, Mata Atl\u00e2ntica<\/li>\n<\/ul>\n<p><img loading=\"lazy\" decoding=\"async\" class=\"size-full wp-image-1808 aligncenter\" src=\"http:\/\/uenf.br\/projetos\/arvoresdauenf\/files\/2020\/08\/sapoti-min.jpg\" alt=\"\" width=\"387\" height=\"364\" srcset=\"https:\/\/uenf.br\/projetos\/arvoresdauenf\/files\/2020\/08\/sapoti-min.jpg 387w, https:\/\/uenf.br\/projetos\/arvoresdauenf\/files\/2020\/08\/sapoti-min-300x282.jpg 300w\" sizes=\"auto, (max-width: 387px) 100vw, 387px\" \/><\/p>\n<p>Fonte: Flora do Brasil, 2020 (<a href=\"http:\/\/reflora.jbrj.gov.br\/reflora\/listaBrasil\/ConsultaPublicaUC\/BemVindoConsultaPublicaConsultar.do?invalidatePageControlCounter=1&amp;idsFilhosAlgas=%5B2%5D&amp;idsFilhosFungos=%5B1%2C11%2C10%5D&amp;lingua=&amp;grupo=5&amp;genero=Manilkara&amp;especie=zapota&amp;autor=&amp;nomeVernaculo=&amp;nomeCompleto=&amp;formaVida=null&amp;substrato=null&amp;ocorreBrasil=QUALQUER&amp;ocorrencia=OCORRE&amp;endemismo=TODOS&amp;origem=TODOS&amp;regiao=QUALQUER&amp;estado=QUALQUER&amp;ilhaOceanica=32767&amp;domFitogeograficos=QUALQUER&amp;bacia=QUALQUER&amp;vegetacao=TODOS&amp;mostrarAte=SUBESP_VAR&amp;opcoesBusca=TODOS_OS_NOMES&amp;loginUsuario=Visitante&amp;senhaUsuario=&amp;contexto=consulta-publica\">clique aqui<\/a>)<\/p>\n<\/div>\n<\/div>\n<\/div>\n<h3>\u00a0<strong>Curiosidades:<\/strong><\/h3>\n<ul>\n<li>Seus frutos s\u00e3o utilizados na produ\u00e7\u00e3o de licores, sorvetes, geleias e doces como pudins (<a href=\"https:\/\/mundoeducacao.bol.uol.com.br\/biologia\/sapoti.htm\">clique aqui<\/a>)<\/li>\n<li>\u00a0A \u00e1rvore do sapoti libera uma resina que pode ser utilizada como goma de mascar (<a href=\"https:\/\/mundoeducacao.bol.uol.com.br\/biologia\/sapoti.htm\">clique aqui<\/a>)<\/li>\n<li>\u00c9 valorizada por seu papel ecol\u00f3gico como esp\u00e9cie de dossel e fonte de alimento para p\u00e1ssaros e mam\u00edferos na floresta (<a href=\"https:\/\/link.springer.com\/article\/10.1007\/s11295-015-0867-9\">clique aqui<\/a>)<\/li>\n<\/ul>\n<p>&nbsp;<\/p>\n","protected":false},"excerpt":{"rendered":"<p>\u00a0Manilkara zapota \u00a0(L.) P.Royen &nbsp; Fam\u00edlia: Sapotaceae Nomes populares: sapoti Origem: \u00a0Am\u00e9rica Central Distribui\u00e7\u00e3o Geogr\u00e1fica Ocorr\u00eancias: Norte (Amazonas, Amap\u00e1, Par\u00e1)&#8230;<\/p>\n","protected":false},"author":24,"featured_media":0,"parent":27,"menu_order":0,"comment_status":"closed","ping_status":"closed","template":"","meta":{"footnotes":""},"class_list":["post-971","page","type-page","status-publish","hentry"],"_links":{"self":[{"href":"https:\/\/uenf.br\/projetos\/arvoresdauenf\/wp-json\/wp\/v2\/pages\/971","targetHints":{"allow":["GET"]}}],"collection":[{"href":"https:\/\/uenf.br\/projetos\/arvoresdauenf\/wp-json\/wp\/v2\/pages"}],"about":[{"href":"https:\/\/uenf.br\/projetos\/arvoresdauenf\/wp-json\/wp\/v2\/types\/page"}],"author":[{"embeddable":true,"href":"https:\/\/uenf.br\/projetos\/arvoresdauenf\/wp-json\/wp\/v2\/users\/24"}],"replies":[{"embeddable":true,"href":"https:\/\/uenf.br\/projetos\/arvoresdauenf\/wp-json\/wp\/v2\/comments?post=971"}],"version-history":[{"count":0,"href":"https:\/\/uenf.br\/projetos\/arvoresdauenf\/wp-json\/wp\/v2\/pages\/971\/revisions"}],"up":[{"embeddable":true,"href":"https:\/\/uenf.br\/projetos\/arvoresdauenf\/wp-json\/wp\/v2\/pages\/27"}],"wp:attachment":[{"href":"https:\/\/uenf.br\/projetos\/arvoresdauenf\/wp-json\/wp\/v2\/media?parent=971"}],"curies":[{"name":"wp","href":"https:\/\/api.w.org\/{rel}","templated":true}]}}