{"id":976,"date":"2019-12-13T15:03:08","date_gmt":"2019-12-13T18:03:08","guid":{"rendered":"http:\/\/uenf.br\/projetos\/arvoresdauenf\/?page_id=976"},"modified":"2024-03-25T15:57:22","modified_gmt":"2024-03-25T18:57:22","slug":"abrico-do-para","status":"publish","type":"page","link":"https:\/\/uenf.br\/projetos\/arvoresdauenf\/especie-2\/abrico-do-para\/","title":{"rendered":"Abric\u00f3-do-par\u00e1"},"content":{"rendered":"<h2><em>Mammea americana<\/em> <b>L.<\/b><\/h2>\n<div id=\"attachment_2650\" style=\"width: 342px\" class=\"wp-caption aligncenter\"><img loading=\"lazy\" decoding=\"async\" aria-describedby=\"caption-attachment-2650\" class=\"wp-image-2650\" src=\"https:\/\/uenf.br\/projetos\/arvoresdauenf\/files\/2024\/03\/WhatsApp-Image-2024-03-25-at-15.52.54-225x300.jpeg\" alt=\"\" width=\"332\" height=\"443\" srcset=\"https:\/\/uenf.br\/projetos\/arvoresdauenf\/files\/2024\/03\/WhatsApp-Image-2024-03-25-at-15.52.54-225x300.jpeg 225w, https:\/\/uenf.br\/projetos\/arvoresdauenf\/files\/2024\/03\/WhatsApp-Image-2024-03-25-at-15.52.54-769x1024.jpeg 769w, https:\/\/uenf.br\/projetos\/arvoresdauenf\/files\/2024\/03\/WhatsApp-Image-2024-03-25-at-15.52.54-768x1023.jpeg 768w, https:\/\/uenf.br\/projetos\/arvoresdauenf\/files\/2024\/03\/WhatsApp-Image-2024-03-25-at-15.52.54-1153x1536.jpeg 1153w, https:\/\/uenf.br\/projetos\/arvoresdauenf\/files\/2024\/03\/WhatsApp-Image-2024-03-25-at-15.52.54-1537x2048.jpeg 1537w\" sizes=\"auto, (max-width: 332px) 100vw, 332px\" \/><p id=\"caption-attachment-2650\" class=\"wp-caption-text\">Foto: Savyo Carvalho<\/p><\/div>\n<p>&nbsp;<\/p>\n<div id=\"attachment_2651\" style=\"width: 328px\" class=\"wp-caption aligncenter\"><img loading=\"lazy\" decoding=\"async\" aria-describedby=\"caption-attachment-2651\" class=\"wp-image-2651\" src=\"https:\/\/uenf.br\/projetos\/arvoresdauenf\/files\/2024\/03\/WhatsApp-Image-2024-03-25-at-15.52.54-1-225x300.jpeg\" alt=\"\" width=\"318\" height=\"424\" srcset=\"https:\/\/uenf.br\/projetos\/arvoresdauenf\/files\/2024\/03\/WhatsApp-Image-2024-03-25-at-15.52.54-1-225x300.jpeg 225w, https:\/\/uenf.br\/projetos\/arvoresdauenf\/files\/2024\/03\/WhatsApp-Image-2024-03-25-at-15.52.54-1-769x1024.jpeg 769w, https:\/\/uenf.br\/projetos\/arvoresdauenf\/files\/2024\/03\/WhatsApp-Image-2024-03-25-at-15.52.54-1-768x1023.jpeg 768w, https:\/\/uenf.br\/projetos\/arvoresdauenf\/files\/2024\/03\/WhatsApp-Image-2024-03-25-at-15.52.54-1-1153x1536.jpeg 1153w, https:\/\/uenf.br\/projetos\/arvoresdauenf\/files\/2024\/03\/WhatsApp-Image-2024-03-25-at-15.52.54-1-1537x2048.jpeg 1537w\" sizes=\"auto, (max-width: 318px) 100vw, 318px\" \/><p id=\"caption-attachment-2651\" class=\"wp-caption-text\">Foto: Savyo Carvalho<\/p><\/div>\n<h3><strong><span style=\"color: #000000\">Fam\u00edlia: <\/span><\/strong>Calophyllaceae<\/h3>\n<h3><strong><span style=\"color: #000000\">Nomes populares: Abricoteiro, Abric\u00f3-de-s\u00e3o-domingos e Abric\u00f3-selvagem<\/span><\/strong><\/h3>\n<h3>Origem: \u00cdndias Ocidentais, Am\u00e9rica do Sul, Am\u00e9rica Central<\/h3>\n<h3 id=\"distribuicaoGeografica\" class=\"label\"><strong>Distribui\u00e7\u00e3o Geogr\u00e1fica<\/strong><\/h3>\n<p><strong>Ocorr\u00eancias:<\/strong><\/p>\n<div id=\"tr-carregaTaxonGrupoDistribuicaoGeograficaCertezaNorte\" class=\"distribuicaoGeograficaCertezaNorte\">\n<ul>\n<li id=\"idFieldCertezaNorte\" class=\"field\"><b>Norte<\/b>\u00a0(Amazonas, Amap\u00e1, Par\u00e1)<\/li>\n<\/ul>\n<\/div>\n<div id=\"tr-carregaTaxonGrupoDistribuicaoGeograficaCertezaNordeste\" class=\"distribuicaoGeograficaCertezaNordeste\">\n<ul>\n<li><b>Nordeste<\/b>\u00a0(Bahia, Maranh\u00e3o)<\/li>\n<\/ul>\n<h3 class=\"label\"><strong>Dom\u00ednios Fitogeogr\u00e1ficos<\/strong><\/h3>\n<ul>\n<li>Amaz\u00f4nia, Mata Atl\u00e2ntica<\/li>\n<\/ul>\n<p><img loading=\"lazy\" decoding=\"async\" class=\"size-full wp-image-1688 aligncenter\" src=\"http:\/\/uenf.br\/projetos\/arvoresdauenf\/files\/2020\/08\/abrico-do-para-min.jpg\" alt=\"\" width=\"394\" height=\"355\" srcset=\"https:\/\/uenf.br\/projetos\/arvoresdauenf\/files\/2020\/08\/abrico-do-para-min.jpg 394w, https:\/\/uenf.br\/projetos\/arvoresdauenf\/files\/2020\/08\/abrico-do-para-min-300x270.jpg 300w\" sizes=\"auto, (max-width: 394px) 100vw, 394px\" \/><\/p>\n<p>Fonte: Flora do Brasil, 2020 (<a href=\"http:\/\/floradobrasil.jbrj.gov.br\/reflora\/listaBrasil\/ConsultaPublicaUC\/BemVindoConsultaPublicaConsultar.do?invalidatePageControlCounter=1&amp;idsFilhosAlgas=%5B2%5D&amp;idsFilhosFungos=%5B1%2C10%2C11%5D&amp;lingua=&amp;grupo=5&amp;familia=null&amp;genero=&amp;especie=&amp;autor=&amp;nomeVernaculo=&amp;nomeCompleto=Mammea+americana&amp;formaVida=null&amp;substrato=null&amp;ocorreBrasil=QUALQUER&amp;ocorrencia=OCORRE&amp;endemismo=TODOS&amp;origem=TODOS&amp;regiao=QUALQUER&amp;estado=QUALQUER&amp;ilhaOceanica=32767&amp;domFitogeograficos=QUALQUER&amp;bacia=QUALQUER&amp;vegetacao=TODOS&amp;mostrarAte=SUBESP_VAR&amp;opcoesBusca=TODOS_OS_NOMES&amp;loginUsuario=Visitante&amp;senhaUsuario=&amp;contexto=consulta-publica\">clique aqui<\/a>)<\/p>\n<h3>\u00a0<strong>Curiosidades:<\/strong><\/h3>\n<ul>\n<li><i>Mammea americana<\/i> L.\u00a0<i><\/i>\u00e9 amplamente utilizado na cura de v\u00e1rios tipos de doen\u00e7as causadas por parasitas e insetos (<a href=\"http:\/\/scielo.sld.cu\/scielo.php?script=sci_arttext&amp;pid=S1028-47962012000400002&amp;lang=pt\">clique aqui<\/a>)<\/li>\n<li>As sementes possuem propriedades inseticidas e parasiticidas, sendo utilizadas no controle de piolhos, carrapatos, pulgas e verminoses. (<a href=\"https:\/\/www.jardineiro.net\/plantas\/abrico-do-para-mammea-americana.html\">clique aqui<\/a>)<\/li>\n<li>Os frutos s\u00e3o fontes promissoras de v\u00e1rios compostos bioativos, como caroten\u00f3ides, vitamina C e compostos fen\u00f3licos, e oferecem grande potencial para uso no processamento agroindustrial e para atender aos requisitos desejados para a sa\u00fade do consumidor. (<a href=\"http:\/\/www.scielo.org.mx\/scielo.php?script=sci_arttext&amp;pid=S1405-31952014000400003&amp;lang=pt\">clique aqui<\/a>)<\/li>\n<li>Alta diversidade de metab\u00f3litos secund\u00e1rios, com predom\u00ednio de alcal\u00f3ides, cumarinas, fen\u00f3is ou taninos, quinonas e flavon\u00f3ides. Os extratos secos apresentaram atividade antibacteriana\u00a0<i>in vitro<\/i>\u00a0contra a cepa\u00a0<i>Staphylococcus aureus. (<a href=\"http:\/\/scielo.sld.cu\/scielo.php?script=sci_arttext&amp;pid=S1028-47962012000400002&amp;lang=pt\">clique aqui<\/a>)<\/i><\/li>\n<li>Possui\u00a0 valor medicinal como t\u00f4nico e contra a dor de est\u00f4mago, e vem apresentando\u00a0resultados promissores para o tratamento de\u00a0\u00falceras g\u00e1stricas \u00a0(<a href=\"https:\/\/repositorio.ufc.br\/handle\/riufc\/61586\">clique aqui)<\/a><\/li>\n<\/ul>\n<\/div>\n<p>&nbsp;<\/p>\n","protected":false},"excerpt":{"rendered":"<p>Mammea americana L. &nbsp; Fam\u00edlia: Calophyllaceae Nomes populares: Abricoteiro, Abric\u00f3-de-s\u00e3o-domingos e Abric\u00f3-selvagem Origem: \u00cdndias Ocidentais, Am\u00e9rica do Sul, Am\u00e9rica Central&#8230;<\/p>\n","protected":false},"author":24,"featured_media":0,"parent":27,"menu_order":0,"comment_status":"closed","ping_status":"closed","template":"","meta":{"footnotes":""},"class_list":["post-976","page","type-page","status-publish","hentry"],"_links":{"self":[{"href":"https:\/\/uenf.br\/projetos\/arvoresdauenf\/wp-json\/wp\/v2\/pages\/976","targetHints":{"allow":["GET"]}}],"collection":[{"href":"https:\/\/uenf.br\/projetos\/arvoresdauenf\/wp-json\/wp\/v2\/pages"}],"about":[{"href":"https:\/\/uenf.br\/projetos\/arvoresdauenf\/wp-json\/wp\/v2\/types\/page"}],"author":[{"embeddable":true,"href":"https:\/\/uenf.br\/projetos\/arvoresdauenf\/wp-json\/wp\/v2\/users\/24"}],"replies":[{"embeddable":true,"href":"https:\/\/uenf.br\/projetos\/arvoresdauenf\/wp-json\/wp\/v2\/comments?post=976"}],"version-history":[{"count":0,"href":"https:\/\/uenf.br\/projetos\/arvoresdauenf\/wp-json\/wp\/v2\/pages\/976\/revisions"}],"up":[{"embeddable":true,"href":"https:\/\/uenf.br\/projetos\/arvoresdauenf\/wp-json\/wp\/v2\/pages\/27"}],"wp:attachment":[{"href":"https:\/\/uenf.br\/projetos\/arvoresdauenf\/wp-json\/wp\/v2\/media?parent=976"}],"curies":[{"name":"wp","href":"https:\/\/api.w.org\/{rel}","templated":true}]}}