{"id":984,"date":"2019-12-13T15:06:53","date_gmt":"2019-12-13T18:06:53","guid":{"rendered":"http:\/\/uenf.br\/projetos\/arvoresdauenf\/?page_id=984"},"modified":"2022-10-24T14:27:06","modified_gmt":"2022-10-24T17:27:06","slug":"mafumeira","status":"publish","type":"page","link":"https:\/\/uenf.br\/projetos\/arvoresdauenf\/especie-2\/mafumeira\/","title":{"rendered":"Suma\u00fama"},"content":{"rendered":"<h2><em>Ceiba pentandra<\/em> (L.) Gaertn.<\/h2>\n<h3><span style=\"color: #000000\">Fam\u00edlia: \u00a0Malvaceae\u00a0<\/span><\/h3>\n<h3>Nomes populares: <b>mafumeira, suma\u00fama<\/b><\/h3>\n<h3>Origem: Am\u00e9rica do Sul, Am\u00e9rica do norte, \u00c1frica e \u00c1sia<\/h3>\n<h3 id=\"distribuicaoGeografica\" class=\"label\"><strong>Distribui\u00e7\u00e3o Geogr\u00e1fica<\/strong><\/h3>\n<div class=\"tabelamapa\">\n<div id=\"ocorrencia_confirmada\" class=\"label\"><strong>Ocorr\u00eancias:<\/strong><\/div>\n<div>\n<div id=\"tr-carregaTaxonGrupoDistribuicaoGeograficaCertezaNorte\" class=\"distribuicaoGeograficaCertezaNorte\">\n<ul>\n<li id=\"idFieldCertezaNorte\" class=\"field\"><b>Norte<\/b> (Acre, Par\u00e1, Roraima)<\/li>\n<li class=\"field\"><b>Nordeste<\/b>\u00a0(Maranh\u00e3o)<\/li>\n<li><b>Centro-Oeste<\/b>\u00a0(Mato Grosso)<\/li>\n<\/ul>\n<h3 class=\"label\"><strong>Dom\u00ednios Fitogeogr\u00e1ficos\u00a0<\/strong><\/h3>\n<ul>\n<li>Amaz\u00f4nia<\/li>\n<\/ul>\n<p><img loading=\"lazy\" decoding=\"async\" class=\"size-full wp-image-1695 aligncenter\" src=\"http:\/\/uenf.br\/projetos\/arvoresdauenf\/files\/2020\/08\/SUMAUMA-min.jpg\" alt=\"\" width=\"357\" height=\"360\" srcset=\"https:\/\/uenf.br\/projetos\/arvoresdauenf\/files\/2020\/08\/SUMAUMA-min.jpg 357w, https:\/\/uenf.br\/projetos\/arvoresdauenf\/files\/2020\/08\/SUMAUMA-min-298x300.jpg 298w, https:\/\/uenf.br\/projetos\/arvoresdauenf\/files\/2020\/08\/SUMAUMA-min-150x150.jpg 150w\" sizes=\"auto, (max-width: 357px) 100vw, 357px\" \/><\/p>\n<p>Fonte: Flora do Brasil, 2020 (<a href=\"http:\/\/reflora.jbrj.gov.br\/reflora\/listaBrasil\/ConsultaPublicaUC\/BemVindoConsultaPublicaConsultar.do?invalidatePageControlCounter=1&amp;idsFilhosAlgas=%5B2%5D&amp;idsFilhosFungos=%5B1%2C11%2C10%5D&amp;lingua=&amp;grupo=5&amp;genero=Ceiba&amp;especie=pentandra&amp;autor=&amp;nomeVernaculo=&amp;nomeCompleto=&amp;formaVida=null&amp;substrato=null&amp;ocorreBrasil=QUALQUER&amp;ocorrencia=OCORRE&amp;endemismo=TODOS&amp;origem=TODOS&amp;regiao=QUALQUER&amp;estado=QUALQUER&amp;ilhaOceanica=32767&amp;domFitogeograficos=QUALQUER&amp;bacia=QUALQUER&amp;vegetacao=TODOS&amp;mostrarAte=SUBESP_VAR&amp;opcoesBusca=TODOS_OS_NOMES&amp;loginUsuario=Visitante&amp;senhaUsuario=&amp;contexto=consulta-publica\">clique aqui<\/a>)<\/p>\n<h3>\u00a0<strong>Curiosidades:<\/strong><\/h3>\n<ul>\n<li>\u00a0A paina que envolve as sementes \u00e9 utilizada como alternativa ao algod\u00e3o para encher almofadas e para isolamentos.<\/li>\n<li>As sementes produzem um\u00a0\u00f3leo\u00a0usado para fabricar\u00a0sab\u00e3o\u00a0e tamb\u00e9m s\u00e3o usadas como o\u00a0fertilizante, al\u00e9m disso utiliza-se as sementes na culin\u00e1ria e medicina (<a href=\"https:\/\/pt.wikipedia.org\/wiki\/Mafumeira#cite_note-9\">clique aqui<\/a>)<\/li>\n<li>A\u00a0<i><b>Yaaxche<\/b><\/i>, seu nome em Maia, era considerada uma \u00e1rvore sagrada na mitologia pr\u00e9 colombiana (<a href=\"https:\/\/pt.wikipedia.org\/wiki\/Mafumeira#cite_note-9\">clique aqui<\/a>)<\/li>\n<li>As folhas, cascas, brota\u00e7\u00f5es e ra\u00edzes s\u00e3o utilizadas\u00a0 no controle e tratamento do diabetes . \u00a0 (<a href=\"https:\/\/www.sciencedirect.com\/science\/article\/pii\/S0378874102003215\">clique aqui<\/a>)<\/li>\n<\/ul>\n<\/div>\n<\/div>\n<\/div>\n","protected":false},"excerpt":{"rendered":"<p>Ceiba pentandra (L.) Gaertn. Fam\u00edlia: \u00a0Malvaceae\u00a0 Nomes populares: mafumeira, suma\u00fama Origem: Am\u00e9rica do Sul, Am\u00e9rica do norte, \u00c1frica e \u00c1sia&#8230;<\/p>\n","protected":false},"author":24,"featured_media":0,"parent":27,"menu_order":0,"comment_status":"closed","ping_status":"closed","template":"","meta":{"footnotes":""},"class_list":["post-984","page","type-page","status-publish","hentry"],"_links":{"self":[{"href":"https:\/\/uenf.br\/projetos\/arvoresdauenf\/wp-json\/wp\/v2\/pages\/984","targetHints":{"allow":["GET"]}}],"collection":[{"href":"https:\/\/uenf.br\/projetos\/arvoresdauenf\/wp-json\/wp\/v2\/pages"}],"about":[{"href":"https:\/\/uenf.br\/projetos\/arvoresdauenf\/wp-json\/wp\/v2\/types\/page"}],"author":[{"embeddable":true,"href":"https:\/\/uenf.br\/projetos\/arvoresdauenf\/wp-json\/wp\/v2\/users\/24"}],"replies":[{"embeddable":true,"href":"https:\/\/uenf.br\/projetos\/arvoresdauenf\/wp-json\/wp\/v2\/comments?post=984"}],"version-history":[{"count":0,"href":"https:\/\/uenf.br\/projetos\/arvoresdauenf\/wp-json\/wp\/v2\/pages\/984\/revisions"}],"up":[{"embeddable":true,"href":"https:\/\/uenf.br\/projetos\/arvoresdauenf\/wp-json\/wp\/v2\/pages\/27"}],"wp:attachment":[{"href":"https:\/\/uenf.br\/projetos\/arvoresdauenf\/wp-json\/wp\/v2\/media?parent=984"}],"curies":[{"name":"wp","href":"https:\/\/api.w.org\/{rel}","templated":true}]}}