{"id":986,"date":"2019-12-13T15:07:35","date_gmt":"2019-12-13T18:07:35","guid":{"rendered":"http:\/\/uenf.br\/projetos\/arvoresdauenf\/?page_id=986"},"modified":"2022-10-24T14:52:06","modified_gmt":"2022-10-24T17:52:06","slug":"babosa-branca","status":"publish","type":"page","link":"https:\/\/uenf.br\/projetos\/arvoresdauenf\/especie-2\/babosa-branca\/","title":{"rendered":"Babosa branca"},"content":{"rendered":"<h2><em>Cordia superba<\/em> Cham.<\/h2>\n<div id=\"attachment_2330\" style=\"width: 610px\" class=\"wp-caption aligncenter\"><a href=\"https:\/\/uenf.br\/projetos\/arvoresdauenf\/files\/2022\/10\/Babosa_branca.jpg\"><img loading=\"lazy\" decoding=\"async\" aria-describedby=\"caption-attachment-2330\" class=\"wp-image-2330 size-full\" src=\"https:\/\/uenf.br\/projetos\/arvoresdauenf\/files\/2022\/10\/Babosa_branca.jpg\" alt=\"\" width=\"600\" height=\"450\" srcset=\"https:\/\/uenf.br\/projetos\/arvoresdauenf\/files\/2022\/10\/Babosa_branca.jpg 600w, https:\/\/uenf.br\/projetos\/arvoresdauenf\/files\/2022\/10\/Babosa_branca-300x225.jpg 300w\" sizes=\"auto, (max-width: 600px) 100vw, 600px\" \/><\/a><p id=\"caption-attachment-2330\" class=\"wp-caption-text\">Babosa Branca (<a href=\"https:\/\/www.nossafloranossomeio.eco.br\/2021\/02\/arvore-babosa-branca-cordia-superba.html\">https:\/\/www.nossafloranossomeio.eco.br\/2021\/02\/arvore-babosa-branca-cordia-superba.html<\/a>)<\/p><\/div>\n<h3><strong><span style=\"color: #000000\">Fam\u00edlia: Boraginaceae<\/span><\/strong><\/h3>\n<h3><strong><span style=\"color: #000000\">Nome popular: Babosa branca<\/span><\/strong><\/h3>\n<h3><strong>Origem:<\/strong> Brasil<\/h3>\n<h3 id=\"distribuicaoGeografica\" class=\"label\"><strong>Distribui\u00e7\u00e3o Geogr\u00e1fica<\/strong><\/h3>\n<div class=\"tabelamapa\">\n<h4 id=\"ocorrencia_confirmada\" class=\"label\">Ocorr\u00eancias:<\/h4>\n<div id=\"tr-carregaTaxonGrupoDistribuicaoGeograficaCertezaNorte\" class=\"distribuicaoGeograficaCertezaNorte\">\n<ul>\n<li id=\"idFieldCertezaNorte\" class=\"field\"><b>Norte<\/b>\u00a0(Tocantins)<\/li>\n<\/ul>\n<\/div>\n<div id=\"tr-carregaTaxonGrupoDistribuicaoGeograficaCertezaNordeste\" class=\"distribuicaoGeograficaCertezaNordeste\">\n<ul>\n<li id=\"idFieldCertezaNordeste\" class=\"field\"><b>Nordeste<\/b>\u00a0(Alagoas, Bahia, Cear\u00e1, Maranh\u00e3o, Para\u00edba, Pernambuco, Piau\u00ed, Rio Grande do Norte, Sergipe)<\/li>\n<\/ul>\n<\/div>\n<div id=\"tr-carregaTaxonGrupoDistribuicaoGeograficaCertezaCentroOeste\" class=\"distribuicaoGeograficaCertezaCentroOeste\">\n<ul>\n<li id=\"idFieldCertezaCentroOeste\" class=\"field\"><b>Centro-Oeste<\/b>\u00a0(Goi\u00e1s)<\/li>\n<\/ul>\n<\/div>\n<div id=\"tr-carregaTaxonGrupoDistribuicaoGeograficaCertezaSudeste\" class=\"distribuicaoGeograficaCertezaSudeste\">\n<ul>\n<li id=\"idFieldCertezaSudeste\" class=\"field\"><b>Sudeste<\/b>\u00a0(Esp\u00edrito Santo, Minas Gerais, Rio de Janeiro, S\u00e3o Paulo)<\/li>\n<\/ul>\n<\/div>\n<div id=\"tr-carregaTaxonGrupoDistribuicaoGeograficaCertezaSul\" class=\"distribuicaoGeograficaCertezaSul\">\n<ul>\n<li id=\"idFieldCertezaSul\" class=\"field\"><b>Sul<\/b>\u00a0(Paran\u00e1)<\/li>\n<\/ul>\n<\/div>\n<div id=\"tr-carregaTaxonGrupoDistribuicaoGeograficaCertezaSul\" class=\"distribuicaoGeograficaCertezaSul\">\n<h3 class=\"field\" style=\"text-align: left\">Dom\u00ednios Fitogeogr\u00e1ficos<\/h3>\n<\/div>\n<div>\n<div class=\"dominiosFitogeograficos\">\n<div class=\"label\">\n<div class=\"dominiosFitogeograficos\">\n<ul>\n<li class=\"label\">\n<div>\n<div id=\"tr-carregaTaxonGrupoDominiosFitogeograficos\" class=\"dominiosFitogeograficos\">\n<div id=\"idFieldDominiosFitogeograficos\" class=\"field\">Caatinga, Cerrado, Mata Atl\u00e2ntica<\/div>\n<div style=\"text-align: left\"><img loading=\"lazy\" decoding=\"async\" class=\"size-full wp-image-1735 aligncenter\" src=\"http:\/\/uenf.br\/projetos\/arvoresdauenf\/files\/2020\/08\/babosa-branca-min.jpg\" alt=\"\" width=\"417\" height=\"352\" srcset=\"https:\/\/uenf.br\/projetos\/arvoresdauenf\/files\/2020\/08\/babosa-branca-min.jpg 417w, https:\/\/uenf.br\/projetos\/arvoresdauenf\/files\/2020\/08\/babosa-branca-min-300x253.jpg 300w\" sizes=\"auto, (max-width: 417px) 100vw, 417px\" \/><\/div>\n<div class=\"field\" style=\"text-align: left\">Fonte: Flora do Brasil, 2020 (<a href=\"http:\/\/floradobrasil.jbrj.gov.br\/reflora\/listaBrasil\/ConsultaPublicaUC\/BemVindoConsultaPublicaConsultar.do?invalidatePageControlCounter=1&amp;idsFilhosAlgas=%5B2%5D&amp;idsFilhosFungos=%5B1%2C10%2C11%5D&amp;lingua=&amp;grupo=5&amp;familia=null&amp;genero=&amp;especie=&amp;autor=&amp;nomeVernaculo=&amp;nomeCompleto=Boraginaceae+Cordia+superba+Cham.&amp;formaVida=null&amp;substrato=null&amp;ocorreBrasil=QUALQUER&amp;ocorrencia=OCORRE&amp;endemismo=TODOS&amp;origem=TODOS&amp;regiao=QUALQUER&amp;estado=QUALQUER&amp;ilhaOceanica=32767&amp;domFitogeograficos=QUALQUER&amp;bacia=QUALQUER&amp;vegetacao=TODOS&amp;mostrarAte=SUBESP_VAR&amp;opcoesBusca=TODOS_OS_NOMES&amp;loginUsuario=Visitante&amp;senhaUsuario=&amp;contexto=consulta-publica\">clique aqui<\/a>)<\/div>\n<\/div>\n<\/div>\n<\/li>\n<\/ul>\n<\/div>\n<h3><strong>Curiosidades:<\/strong><\/h3>\n<\/div>\n<ul>\n<li>Esta esp\u00e9cie possui a capacidade de desenvolver diferentes fen\u00f3tipos em resposta a disponibilidades de luz contrastantes, apresentando caracter\u00edsticas de plantas de sol bem como de sombra nos respectivos ambientes de crescimento. (<a href=\"http:\/\/www.scielo.br\/scielo.php?pid=S0102-33062009000200019&amp;script=sci_abstract&amp;tlng=pt\">clique aqui<\/a>)<\/li>\n<li>No Nordeste do Brasil, s\u00e3o usadas para tratar sintomas de reumatismo e dores menstruais\u00a0 (<a href=\"http:\/\/www.scielo.br\/scielo.php?pid=S0102-695X2008000100004&amp;script=sci_arttext\">clique aqui<\/a>)<\/li>\n<li>Extrato de suas folhas e ramos apresenta atividade imunomoduladora (<a href=\"http:\/\/www.scielo.br\/scielo.php?pid=S0102-695X2008000100004&amp;script=sci_arttext\">clique aqui<\/a>)<\/li>\n<\/ul>\n<\/div>\n<\/div>\n<\/div>\n","protected":false},"excerpt":{"rendered":"<p>Cordia superba Cham. Fam\u00edlia: Boraginaceae Nome popular: Babosa branca Origem: Brasil Distribui\u00e7\u00e3o Geogr\u00e1fica Ocorr\u00eancias: Norte\u00a0(Tocantins) Nordeste\u00a0(Alagoas, Bahia, Cear\u00e1, Maranh\u00e3o, Para\u00edba,&#8230;<\/p>\n","protected":false},"author":24,"featured_media":0,"parent":27,"menu_order":0,"comment_status":"closed","ping_status":"closed","template":"","meta":{"footnotes":""},"class_list":["post-986","page","type-page","status-publish","hentry"],"_links":{"self":[{"href":"https:\/\/uenf.br\/projetos\/arvoresdauenf\/wp-json\/wp\/v2\/pages\/986","targetHints":{"allow":["GET"]}}],"collection":[{"href":"https:\/\/uenf.br\/projetos\/arvoresdauenf\/wp-json\/wp\/v2\/pages"}],"about":[{"href":"https:\/\/uenf.br\/projetos\/arvoresdauenf\/wp-json\/wp\/v2\/types\/page"}],"author":[{"embeddable":true,"href":"https:\/\/uenf.br\/projetos\/arvoresdauenf\/wp-json\/wp\/v2\/users\/24"}],"replies":[{"embeddable":true,"href":"https:\/\/uenf.br\/projetos\/arvoresdauenf\/wp-json\/wp\/v2\/comments?post=986"}],"version-history":[{"count":0,"href":"https:\/\/uenf.br\/projetos\/arvoresdauenf\/wp-json\/wp\/v2\/pages\/986\/revisions"}],"up":[{"embeddable":true,"href":"https:\/\/uenf.br\/projetos\/arvoresdauenf\/wp-json\/wp\/v2\/pages\/27"}],"wp:attachment":[{"href":"https:\/\/uenf.br\/projetos\/arvoresdauenf\/wp-json\/wp\/v2\/media?parent=986"}],"curies":[{"name":"wp","href":"https:\/\/api.w.org\/{rel}","templated":true}]}}