{"id":989,"date":"2019-12-13T15:08:49","date_gmt":"2019-12-13T18:08:49","guid":{"rendered":"http:\/\/uenf.br\/projetos\/arvoresdauenf\/?page_id=989"},"modified":"2023-05-31T12:29:40","modified_gmt":"2023-05-31T15:29:40","slug":"vinhatico","status":"publish","type":"page","link":"https:\/\/uenf.br\/projetos\/arvoresdauenf\/especie-2\/vinhatico\/","title":{"rendered":"Vinh\u00e1tico"},"content":{"rendered":"<h2 class=\"taxon\"><em>Plathymenia reticulata Benth<\/em>.<\/h2>\n<h3>Fam\u00edlia:\u00a0Fabaceae<\/h3>\n<h3>Nomes populares: vinh\u00e1tico, <b>amarelo<\/b>\u00a0<b>acende-candeia<\/b>,\u00a0<b>amarelinho<\/b>,\u00a0<b>candeia<\/b>,\u00a0<b>oiteira<\/b>,\u00a0<b>paricazinho<\/b>,\u00a0<b>pau-amarelo<\/b>,\u00a0<b>pau-de-candeia<\/b>,\u00a0<b>vinh\u00e1tico-branco<\/b>,\u00a0<b>vinh\u00e1tico-castanho<\/b>,\u00a0<b>vinh\u00e1tico-da-mata<\/b>,\u00a0<b>vinh\u00e1tico-do-campo<\/b>,\u00a0<b>vinh\u00e1tico-do-mato<\/b>,\u00a0<b>vinh\u00e1tico-rajado<\/b>\u00a0e\u00a0<b>vinh\u00e1tico-testa-de-boi<\/b><\/h3>\n<h3>Origem: Am\u00e9rica do Sul<\/h3>\n<h3 id=\"distribuicaoGeografica\" class=\"label\"><strong>Distribui\u00e7\u00e3o Geogr\u00e1fica<\/strong><\/h3>\n<div class=\"tabelamapa\">\n<div id=\"ocorrencia_confirmada\" class=\"label\"><strong>Ocorr\u00eancias:<\/strong><\/div>\n<div>\n<div id=\"tr-carregaTaxonGrupoDistribuicaoGeograficaCertezaNorte\" class=\"distribuicaoGeograficaCertezaNorte\">\n<ul>\n<li><b>Norte<\/b> (Par\u00e1)<\/li>\n<li><b>Nordeste<\/b> (Bahia, Cear\u00e1, Maranh\u00e3o, Piau\u00ed)<\/li>\n<li><b>Centro-Oeste<\/b> (Distrito Federal, Goi\u00e1s, Mato Grosso do Sul, Mato Grosso)<\/li>\n<li><b>Sudeste<\/b> (Esp\u00edrito Santo, Minas Gerais, Rio de Janeiro, S\u00e3o Paulo)<\/li>\n<li><b>Sul<\/b>\u00a0(Paran\u00e1)<\/li>\n<\/ul>\n<h3 class=\"label\"><strong>Dom\u00ednios Fitogeogr\u00e1ficos\u00a0<\/strong><\/h3>\n<ul>\n<li>Amaz\u00f4nia, Caatinga, Cerrado, Mata Atl\u00e2ntica<\/li>\n<\/ul>\n<p><img loading=\"lazy\" decoding=\"async\" class=\"size-full wp-image-1697 aligncenter\" src=\"http:\/\/uenf.br\/projetos\/arvoresdauenf\/files\/2020\/08\/VINHATICO-min.jpg\" alt=\"\" width=\"340\" height=\"359\" srcset=\"https:\/\/uenf.br\/projetos\/arvoresdauenf\/files\/2020\/08\/VINHATICO-min.jpg 340w, https:\/\/uenf.br\/projetos\/arvoresdauenf\/files\/2020\/08\/VINHATICO-min-284x300.jpg 284w\" sizes=\"auto, (max-width: 340px) 100vw, 340px\" \/><\/p>\n<p>Fonte: Flora do Brasil, 2020 (<a href=\"http:\/\/reflora.jbrj.gov.br\/reflora\/listaBrasil\/ConsultaPublicaUC\/BemVindoConsultaPublicaConsultar.do?invalidatePageControlCounter=5&amp;idsFilhosAlgas=%5B2%5D&amp;idsFilhosFungos=%5B1%2C10%2C11%5D&amp;lingua=&amp;grupo=5&amp;familia=LEGUMINOSAE&amp;genero=Plathymenia&amp;especie=reticulata&amp;autor=&amp;nomeVernaculo=&amp;nomeCompleto=&amp;formaVida=null&amp;substrato=null&amp;ocorreBrasil=QUALQUER&amp;ocorrencia=OCORRE&amp;endemismo=TODOS&amp;origem=TODOS&amp;regiao=QUALQUER&amp;estado=QUALQUER&amp;ilhaOceanica=32767&amp;domFitogeograficos=QUALQUER&amp;bacia=QUALQUER&amp;vegetacao=TODOS&amp;mostrarAte=SUBESP_VAR&amp;opcoesBusca=TODOS_OS_NOMES&amp;loginUsuario=Visitante&amp;senhaUsuario=&amp;contexto=consulta-publica\">clique aqui<\/a>)<\/p>\n<\/div>\n<\/div>\n<\/div>\n<p>&nbsp;<\/p>\n<div id=\"attachment_2101\" style=\"width: 604px\" class=\"wp-caption aligncenter\"><img loading=\"lazy\" decoding=\"async\" aria-describedby=\"caption-attachment-2101\" class=\"wp-image-2101\" src=\"http:\/\/uenf.br\/projetos\/arvoresdauenf\/files\/2021\/04\/DSCN3786-1024x768.jpg\" alt=\"\" width=\"594\" height=\"446\" srcset=\"https:\/\/uenf.br\/projetos\/arvoresdauenf\/files\/2021\/04\/DSCN3786-1024x768.jpg 1024w, https:\/\/uenf.br\/projetos\/arvoresdauenf\/files\/2021\/04\/DSCN3786-300x225.jpg 300w, https:\/\/uenf.br\/projetos\/arvoresdauenf\/files\/2021\/04\/DSCN3786-768x576.jpg 768w, https:\/\/uenf.br\/projetos\/arvoresdauenf\/files\/2021\/04\/DSCN3786-1536x1152.jpg 1536w, https:\/\/uenf.br\/projetos\/arvoresdauenf\/files\/2021\/04\/DSCN3786.jpg 1600w\" sizes=\"auto, (max-width: 594px) 100vw, 594px\" \/><p id=\"caption-attachment-2101\" class=\"wp-caption-text\">Esp\u00e9cie de comportamento dec\u00edduo , podendo atingir at\u00e9 30m de altura. Possui tronco cil\u00edndrico e geralmente torcido.\u00a0 \u00a0 \u00a0 \u00a0 \u00a0 \u00a0 \u00a0 \u00a0 \u00a0 \u00a0 \u00a0 \u00a0 \u00a0 \u00a0 \u00a0 \u00a0 \u00a0 \u00a0 \u00a0 \u00a0 \u00a0 \u00a0 \u00a0 \u00a0 \u00a0 \u00a0 \u00a0 \u00a0 \u00a0 \u00a0 \u00a0 \u00a0 \u00a0 \u00a0 \u00a0 \u00a0 \u00a0 \u00a0 \u00a0 \u00a0 \u00a0 \u00a0 \u00a0 \u00a0 \u00a0 \u00a0 \u00a0 \u00a0 \u00a0 \u00a0 \u00a0 \u00a0 \u00a0 \u00a0 \u00a0 \u00a0 Foto: <a href=\"https:\/\/rubens-plantasdobrasil.blogspot.com\/search?q=%C2%A0P.+reticulata\">https:\/\/rubens-plantasdobrasil.blogspot.com\/search?q=%C2%A0P.+reticulata<\/a><\/p><\/div>\n<p>&nbsp;<\/p>\n<div id=\"attachment_2103\" style=\"width: 601px\" class=\"wp-caption aligncenter\"><img loading=\"lazy\" decoding=\"async\" aria-describedby=\"caption-attachment-2103\" class=\"wp-image-2103\" src=\"http:\/\/uenf.br\/projetos\/arvoresdauenf\/files\/2021\/04\/DSCN2751-1024x768.jpg\" alt=\"\" width=\"591\" height=\"443\" srcset=\"https:\/\/uenf.br\/projetos\/arvoresdauenf\/files\/2021\/04\/DSCN2751-1024x768.jpg 1024w, https:\/\/uenf.br\/projetos\/arvoresdauenf\/files\/2021\/04\/DSCN2751-300x225.jpg 300w, https:\/\/uenf.br\/projetos\/arvoresdauenf\/files\/2021\/04\/DSCN2751-768x576.jpg 768w, https:\/\/uenf.br\/projetos\/arvoresdauenf\/files\/2021\/04\/DSCN2751-1536x1152.jpg 1536w, https:\/\/uenf.br\/projetos\/arvoresdauenf\/files\/2021\/04\/DSCN2751.jpg 1600w\" sizes=\"auto, (max-width: 591px) 100vw, 591px\" \/><p id=\"caption-attachment-2103\" class=\"wp-caption-text\">A infloresc\u00eancia da <em>Plathymenia reticulata <\/em> \u00e9 uma espiga longa, de colora\u00e7\u00e3o esbranqui\u00e7ada. J\u00e1 suas folhas s\u00e3o compostas,\/bipinadas.\u00a0 \u00a0 \u00a0 \u00a0 \u00a0 \u00a0 \u00a0 \u00a0 \u00a0 \u00a0 \u00a0 \u00a0 \u00a0 \u00a0 \u00a0 \u00a0 \u00a0 \u00a0 \u00a0 \u00a0 \u00a0 \u00a0 \u00a0 \u00a0 \u00a0 \u00a0 \u00a0 \u00a0 \u00a0 \u00a0 \u00a0 \u00a0 \u00a0 \u00a0 \u00a0 \u00a0 \u00a0 \u00a0 \u00a0 \u00a0 \u00a0 \u00a0 \u00a0 \u00a0 \u00a0 \u00a0 \u00a0 \u00a0 \u00a0 \u00a0 \u00a0 \u00a0 \u00a0 \u00a0Foto:<a href=\"https:\/\/rubens-plantasdobrasil.blogspot.com\/search?q=%C2%A0P.+reticulata\"> https:\/\/rubens-plantasdobrasil.blogspot.com\/search?q=%C2%A0P.+reticulata<\/a><\/p><\/div>\n<p>&nbsp;<\/p>\n<p>As sementes, de formato ovoide, se destacam revestidas pelo endocarpo subcori\u00e1ceo, de tonalidade palha. Apresentam tegumento r\u00edgido, glabro, de colora\u00e7\u00e3o castanha, com pleurograma cont\u00ednuo em ambas as faces, de colora\u00e7\u00e3o mais clara que o tegumento.<\/p>\n<div id=\"attachment_2130\" style=\"width: 569px\" class=\"wp-caption aligncenter\"><a href=\"http:\/\/uenf.br\/projetos\/arvoresdauenf\/files\/2021\/05\/7B-Plathymenia-reticulata-Deborah-G.-Barroso.jpg\"><img loading=\"lazy\" decoding=\"async\" aria-describedby=\"caption-attachment-2130\" class=\"wp-image-2130\" src=\"http:\/\/uenf.br\/projetos\/arvoresdauenf\/files\/2021\/05\/7B-Plathymenia-reticulata-Deborah-G.-Barroso-1024x768.jpg\" alt=\"\" width=\"559\" height=\"420\" srcset=\"https:\/\/uenf.br\/projetos\/arvoresdauenf\/files\/2021\/05\/7B-Plathymenia-reticulata-Deborah-G.-Barroso-1024x768.jpg 1024w, https:\/\/uenf.br\/projetos\/arvoresdauenf\/files\/2021\/05\/7B-Plathymenia-reticulata-Deborah-G.-Barroso-300x225.jpg 300w, https:\/\/uenf.br\/projetos\/arvoresdauenf\/files\/2021\/05\/7B-Plathymenia-reticulata-Deborah-G.-Barroso-768x576.jpg 768w, https:\/\/uenf.br\/projetos\/arvoresdauenf\/files\/2021\/05\/7B-Plathymenia-reticulata-Deborah-G.-Barroso-1536x1152.jpg 1536w, https:\/\/uenf.br\/projetos\/arvoresdauenf\/files\/2021\/05\/7B-Plathymenia-reticulata-Deborah-G.-Barroso-2048x1536.jpg 2048w\" sizes=\"auto, (max-width: 559px) 100vw, 559px\" \/><\/a><p id=\"caption-attachment-2130\" class=\"wp-caption-text\">Fruto e sementes de vinh\u00e1tico. Foto: Deborah Barroso<\/p><\/div>\n<p>&nbsp;<\/p>\n<div class=\"tabelamapa\">\n<div>\n<div id=\"tr-carregaTaxonGrupoDistribuicaoGeograficaCertezaNorte\" class=\"distribuicaoGeograficaCertezaNorte\">\n<div id=\"attachment_2129\" style=\"width: 408px\" class=\"wp-caption aligncenter\"><a href=\"http:\/\/uenf.br\/projetos\/arvoresdauenf\/files\/2021\/05\/12421278_984097811682902_132756783_n.jpg\"><img loading=\"lazy\" decoding=\"async\" aria-describedby=\"caption-attachment-2129\" class=\"wp-image-2129\" src=\"http:\/\/uenf.br\/projetos\/arvoresdauenf\/files\/2021\/05\/12421278_984097811682902_132756783_n.jpg\" alt=\"\" width=\"398\" height=\"532\" srcset=\"https:\/\/uenf.br\/projetos\/arvoresdauenf\/files\/2021\/05\/12421278_984097811682902_132756783_n.jpg 720w, https:\/\/uenf.br\/projetos\/arvoresdauenf\/files\/2021\/05\/12421278_984097811682902_132756783_n-225x300.jpg 225w\" sizes=\"auto, (max-width: 398px) 100vw, 398px\" \/><\/a><p id=\"caption-attachment-2129\" class=\"wp-caption-text\">Pl\u00e2ntulas de vinh\u00e1tico. Germina\u00e7\u00e3o ep\u00edgea. Foto: Priscila G. F. de Sousa<\/p><\/div>\n<\/div>\n<\/div>\n<\/div>\n<h3>Pesquisas na UENF:<\/h3>\n<p>No Setor de Silvicultura do LFIT s\u00e3o realizadas pesquisas com a esp\u00e9cie:<\/p>\n<ul>\n<li>Propaga\u00e7\u00e3o clonal da esp\u00e9cie por miniestaquia. Embora a t\u00e9cnica seja vi\u00e1vel para a esp\u00e9cie, o percentual de enraizamento ainda \u00e9 baixo e a equipe estuda protocolos para aumentar este percentual. O resgate a partir de materiais adultos\u00a0 tamb\u00e9m tem sido alvo das pesquisas. A propaga\u00e7\u00e3o vegetativa da esp\u00e9cie auxiliar\u00e1 nos trabalhos de melhoramento para fins de silvicultura econ\u00f4mica, reduzindo o corte ilegal da madeira em \u00e1reas naturais. Permitir\u00e1 tamb\u00e9m a implanta\u00e7\u00e3o de pomares de sementes a partir de matrizes selecionadas.<\/li>\n<li>Experimento de campo \u00e9 conduzido no munic\u00edpio de Linhares, onde \u00e9 monitorado o crescimento de plantas de vinh\u00e1tico em diferentes espa\u00e7amentos.<\/li>\n<li>Plantio de vinh\u00e1tico realizado em 1992, em Trajano de Moraes, na atual Floresta Estadual Jos\u00e9 Zago, tem sido acompanhado ao longo do tempo com rela\u00e7\u00e3o ao seu crescimento e \u00e0 sua influ\u00eancia sobre as caracter\u00edsticas do solo.<\/li>\n<\/ul>\n<h3><strong>Curiosidades:<\/strong><\/h3>\n<ul>\n<li>Estudos tem demonstrado que a casca de <em>P. reticulata<\/em> pode pode ser utilizada como base para estrat\u00e9gia terap\u00eautica contra envenenamento por serpentes,\u00a0 ajudando a reduzir a inflama\u00e7\u00e3o local e as sequelas.(<a href=\"https:\/\/www.sciencedirect.com\/science\/article\/pii\/S0378874116300897\">clique aqui<\/a>)<\/li>\n<li>A\u00a0 madeira do Vinh\u00e1tico apresenta um pr\u00e1tico torneamento e um bom acabamento, sendo muito utilizada em embarca\u00e7\u00f5es, constru\u00e7\u00e3o civil, setor mobili\u00e1rio e em molduras decorativas.<a href=\"http:\/\/www.ipt.br\/informacoes_madeiras3.php?madeira=66\">(Clique aqui)<\/a><\/li>\n<li>As folhas e a resina da esp\u00e9cie s\u00e3o utilizadas na medicina popular para combater diarreia, hemorragia, varizes e doen\u00e7as pulmonares. \u00a0<a href=\"https:\/\/www.infoteca.cnptia.embrapa.br\/bitstream\/doc\/578666\/1\/CT231.pdf\">(Clique aqui)<\/a><\/li>\n<\/ul>\n","protected":false},"excerpt":{"rendered":"<p>Plathymenia reticulata Benth. Fam\u00edlia:\u00a0Fabaceae Nomes populares: vinh\u00e1tico, amarelo\u00a0acende-candeia,\u00a0amarelinho,\u00a0candeia,\u00a0oiteira,\u00a0paricazinho,\u00a0pau-amarelo,\u00a0pau-de-candeia,\u00a0vinh\u00e1tico-branco,\u00a0vinh\u00e1tico-castanho,\u00a0vinh\u00e1tico-da-mata,\u00a0vinh\u00e1tico-do-campo,\u00a0vinh\u00e1tico-do-mato,\u00a0vinh\u00e1tico-rajado\u00a0e\u00a0vinh\u00e1tico-testa-de-boi Origem: Am\u00e9rica do Sul Distribui\u00e7\u00e3o Geogr\u00e1fica Ocorr\u00eancias: Norte (Par\u00e1) Nordeste (Bahia, Cear\u00e1,&#8230;<\/p>\n","protected":false},"author":24,"featured_media":0,"parent":27,"menu_order":0,"comment_status":"closed","ping_status":"closed","template":"","meta":{"footnotes":""},"class_list":["post-989","page","type-page","status-publish","hentry"],"_links":{"self":[{"href":"https:\/\/uenf.br\/projetos\/arvoresdauenf\/wp-json\/wp\/v2\/pages\/989","targetHints":{"allow":["GET"]}}],"collection":[{"href":"https:\/\/uenf.br\/projetos\/arvoresdauenf\/wp-json\/wp\/v2\/pages"}],"about":[{"href":"https:\/\/uenf.br\/projetos\/arvoresdauenf\/wp-json\/wp\/v2\/types\/page"}],"author":[{"embeddable":true,"href":"https:\/\/uenf.br\/projetos\/arvoresdauenf\/wp-json\/wp\/v2\/users\/24"}],"replies":[{"embeddable":true,"href":"https:\/\/uenf.br\/projetos\/arvoresdauenf\/wp-json\/wp\/v2\/comments?post=989"}],"version-history":[{"count":0,"href":"https:\/\/uenf.br\/projetos\/arvoresdauenf\/wp-json\/wp\/v2\/pages\/989\/revisions"}],"up":[{"embeddable":true,"href":"https:\/\/uenf.br\/projetos\/arvoresdauenf\/wp-json\/wp\/v2\/pages\/27"}],"wp:attachment":[{"href":"https:\/\/uenf.br\/projetos\/arvoresdauenf\/wp-json\/wp\/v2\/media?parent=989"}],"curies":[{"name":"wp","href":"https:\/\/api.w.org\/{rel}","templated":true}]}}