{"id":15,"date":"2016-03-31T18:09:03","date_gmt":"2016-03-31T18:09:03","guid":{"rendered":"http:\/\/uenf.br\/projetos\/biotecveg\/?page_id=15"},"modified":"2016-03-31T18:57:23","modified_gmt":"2016-03-31T18:57:23","slug":"links-uteis","status":"publish","type":"page","link":"https:\/\/uenf.br\/projetos\/biotecveg\/links-uteis\/","title":{"rendered":"Links \u00dateis"},"content":{"rendered":"<p><a href=\"http:\/\/uenf.br\/cbb\/biblioteca\/\" target=\"_blank\">Biblioteca do Centro de Bioci\u00eancias e Biotecnologia (CBB)<\/a><br \/>\n<a href=\"http:\/\/uenf.br\/ccta\/biblioteca\/\" target=\"_blank\">Biblioteca do Centro de Ci\u00eancias e Tecnologias Agropecu\u00e1rias (CCTA)<\/a><br \/>\n<a href=\"http:\/\/uenf.br\/cct\/biblioteca\/\" target=\"_blank\">Biblioteca do Centro de Ci\u00eancia e Tecnologia (CCT)<\/a><br \/>\n<a href=\"http:\/\/sistemas.uenf.br\/lista_online\" target=\"_blank\">Lista telef\u00f4nica online da UENF<\/a><br \/>\n<a href=\"http:\/\/uenf.br\/pos-graduacao\/gmp\/\" target=\"_blank\">P\u00e1gina da P\u00f3s-gradua\u00e7\u00e3o em Gen\u00e9tica e Melhoramento de Plantas (UENF)<\/a><br \/>\n<a href=\"http:\/\/www.uenf.br\/portal\/index.php\/br\/ensino\/pos-graduacao.html\" target=\"_blank\">Programas de P\u00f3s-gradua\u00e7\u00e3o (UENF)<\/a><br \/>\n<a href=\"http:\/\/uenf.br\/pos-graduacao\/gmp\/regimentos-resolucoes-e-normas\/\" target=\"_blank\">Regimentos, Resolu\u00e7\u00f5es e Normas<\/a><br \/>\n<a href=\"http:\/\/www.uenf.br\/portal\/index.php\/br\/\" target=\"_blank\">Site UENF (Universidade Estadual do Norte Fluminense Darcy Ribeiro)<\/a><\/p>\n","protected":false},"excerpt":{"rendered":"<p>Biblioteca do Centro de Bioci\u00eancias e Biotecnologia (CBB) Biblioteca do Centro de Ci\u00eancias e Tecnologias Agropecu\u00e1rias (CCTA) Biblioteca do Centro&#8230;<\/p>\n","protected":false},"author":9,"featured_media":0,"parent":0,"menu_order":4,"comment_status":"closed","ping_status":"closed","template":"","meta":{"footnotes":""},"class_list":["post-15","page","type-page","status-publish","hentry"],"_links":{"self":[{"href":"https:\/\/uenf.br\/projetos\/biotecveg\/wp-json\/wp\/v2\/pages\/15","targetHints":{"allow":["GET"]}}],"collection":[{"href":"https:\/\/uenf.br\/projetos\/biotecveg\/wp-json\/wp\/v2\/pages"}],"about":[{"href":"https:\/\/uenf.br\/projetos\/biotecveg\/wp-json\/wp\/v2\/types\/page"}],"author":[{"embeddable":true,"href":"https:\/\/uenf.br\/projetos\/biotecveg\/wp-json\/wp\/v2\/users\/9"}],"replies":[{"embeddable":true,"href":"https:\/\/uenf.br\/projetos\/biotecveg\/wp-json\/wp\/v2\/comments?post=15"}],"version-history":[{"count":0,"href":"https:\/\/uenf.br\/projetos\/biotecveg\/wp-json\/wp\/v2\/pages\/15\/revisions"}],"wp:attachment":[{"href":"https:\/\/uenf.br\/projetos\/biotecveg\/wp-json\/wp\/v2\/media?parent=15"}],"curies":[{"name":"wp","href":"https:\/\/api.w.org\/{rel}","templated":true}]}}