{"id":30,"date":"2016-04-13T14:38:50","date_gmt":"2016-04-13T14:38:50","guid":{"rendered":"http:\/\/uenf.br\/projetos\/biotecveg\/?page_id=30"},"modified":"2016-04-18T16:53:05","modified_gmt":"2016-04-18T16:53:05","slug":"artigos-recentes","status":"publish","type":"page","link":"https:\/\/uenf.br\/projetos\/biotecveg\/artigos-recentes\/","title":{"rendered":"Artigos recentes"},"content":{"rendered":"<p style=\"text-align: center\">Voc\u00ea pode conferir alguns artigos gerados \u00e0 partir de trabalhos desenvolvidos no laborat\u00f3rio (departamento) CBB (Centro de Bioci\u00eancias e Biotecnologia).<\/p>\n<p style=\"text-align: center\"><a href=\"http:\/\/uenf.br\/projetos\/biotecveg\/files\/2016\/04\/1-s2.0-S1874391915301421-main.pdf\" target=\"_blank\" rel=\"attachment wp-att-65\"><img loading=\"lazy\" decoding=\"async\" class=\"size-full wp-image-65 aligncenter\" src=\"http:\/\/uenf.br\/projetos\/biotecveg\/files\/2016\/04\/ARTIGO1.png\" alt=\"ARTIGO1\" width=\"709\" height=\"324\" \/><\/a><\/p>\n<hr \/>\n<p style=\"text-align: center\"><a href=\"http:\/\/uenf.br\/projetos\/biotecveg\/files\/2016\/04\/5art3A10.11862F1477-5956-12-37.pdf\" target=\"_blank\" rel=\"attachment wp-att-69\"><img loading=\"lazy\" decoding=\"async\" class=\"size-full wp-image-69 aligncenter\" src=\"http:\/\/uenf.br\/projetos\/biotecveg\/files\/2016\/04\/ARTIGO6.png\" alt=\"ARTIGO6\" width=\"652\" height=\"245\" \/><\/a><\/p>\n<hr \/>\n<p style=\"text-align: center\"><a href=\"http:\/\/uenf.br\/projetos\/biotecveg\/files\/2016\/04\/4art3A10.10072Fs11240-013-0330-2.pdf\" target=\"_blank\" rel=\"attachment wp-att-68\"><img loading=\"lazy\" decoding=\"async\" class=\"size-full wp-image-68 aligncenter\" src=\"http:\/\/uenf.br\/projetos\/biotecveg\/files\/2016\/04\/ARTIGO4.png\" alt=\"ARTIGO4\" width=\"672\" height=\"233\" \/><\/a><\/p>\n<hr \/>\n<p style=\"text-align: center\"><a href=\"http:\/\/uenf.br\/projetos\/biotecveg\/files\/2016\/04\/3journal.pone_.0127803.pdf\" target=\"_blank\" rel=\"attachment wp-att-67\"><img loading=\"lazy\" decoding=\"async\" class=\"size-full wp-image-67 aligncenter\" src=\"http:\/\/uenf.br\/projetos\/biotecveg\/files\/2016\/04\/ARTIGO3.png\" alt=\"ARTIGO3\" width=\"744\" height=\"401\" \/><\/a><\/p>\n<hr \/>\n<p style=\"text-align: center\"><a href=\"http:\/\/uenf.br\/projetos\/biotecveg\/files\/2016\/04\/2art3A10.10072Fs11240-016-0956-y.pdf\" target=\"_blank\" rel=\"attachment wp-att-66\"><img loading=\"lazy\" decoding=\"async\" class=\"size-full wp-image-66 aligncenter\" src=\"http:\/\/uenf.br\/projetos\/biotecveg\/files\/2016\/04\/ARTIGO2.png\" alt=\"ARTIGO2\" width=\"729\" height=\"263\" \/><\/a><\/p>\n<hr \/>\n<p style=\"text-align: center\"><a href=\"http:\/\/uenf.br\/projetos\/biotecveg\/files\/2016\/04\/7art3A10.10072Fs40626-015-0041-7.pdf\" target=\"_blank\" rel=\"attachment wp-att-74\"><img loading=\"lazy\" decoding=\"async\" class=\"size-full wp-image-74 aligncenter\" src=\"http:\/\/uenf.br\/projetos\/biotecveg\/files\/2016\/04\/ARTIGO7.png\" alt=\"ARTIGO7\" width=\"630\" height=\"288\" \/><\/a><\/p>\n<hr \/>\n<p style=\"text-align: center\"><a href=\"http:\/\/uenf.br\/projetos\/biotecveg\/files\/2016\/04\/8art3A10.10072Fs11816-015-0359-2.pdf\" target=\"_blank\" rel=\"attachment wp-att-75\"><img loading=\"lazy\" decoding=\"async\" class=\"size-full wp-image-75 aligncenter\" src=\"http:\/\/uenf.br\/projetos\/biotecveg\/files\/2016\/04\/ARTIGO8.png\" alt=\"ARTIGO8\" width=\"676\" height=\"229\" \/><\/a><\/p>\n<hr \/>\n<p style=\"text-align: center\"><a href=\"http:\/\/uenf.br\/projetos\/biotecveg\/files\/2016\/04\/9_3500-20981-1-PB.pdf\" target=\"_blank\" rel=\"attachment wp-att-76\"><img loading=\"lazy\" decoding=\"async\" class=\"size-full wp-image-76 aligncenter\" src=\"http:\/\/uenf.br\/projetos\/biotecveg\/files\/2016\/04\/ARTIGO9.png\" alt=\"ARTIGO9\" width=\"656\" height=\"281\" \/><\/a><\/p>\n<hr \/>\n<p style=\"text-align: center\"><a href=\"http:\/\/uenf.br\/projetos\/biotecveg\/files\/2016\/04\/10art3A10.10072Fs40626-016-0062-x.pdf\" target=\"_blank\" rel=\"attachment wp-att-77\"><img loading=\"lazy\" decoding=\"async\" class=\"size-full wp-image-77 aligncenter\" src=\"http:\/\/uenf.br\/projetos\/biotecveg\/files\/2016\/04\/ARTIGO10.png\" alt=\"ARTIGO10\" width=\"628\" height=\"239\" \/><\/a><\/p>\n<hr \/>\n<p style=\"text-align: center\"><a href=\"http:\/\/uenf.br\/projetos\/biotecveg\/files\/2016\/04\/11_0100-2945-rbf-37-4-819.pdf\" target=\"_blank\" rel=\"attachment wp-att-78\"><img loading=\"lazy\" decoding=\"async\" class=\"size-full wp-image-78 aligncenter\" src=\"http:\/\/uenf.br\/projetos\/biotecveg\/files\/2016\/04\/ARTIGO11.png\" alt=\"ARTIGO11\" width=\"531\" height=\"512\" \/><\/a><\/p>\n<hr \/>\n<p style=\"text-align: center\">\n<p style=\"text-align: center\">\n","protected":false},"excerpt":{"rendered":"<p>Voc\u00ea pode conferir alguns artigos gerados \u00e0 partir de trabalhos desenvolvidos no laborat\u00f3rio (departamento) CBB (Centro de Bioci\u00eancias e Biotecnologia).<\/p>\n","protected":false},"author":9,"featured_media":0,"parent":0,"menu_order":3,"comment_status":"closed","ping_status":"closed","template":"","meta":{"footnotes":""},"class_list":["post-30","page","type-page","status-publish","hentry"],"_links":{"self":[{"href":"https:\/\/uenf.br\/projetos\/biotecveg\/wp-json\/wp\/v2\/pages\/30","targetHints":{"allow":["GET"]}}],"collection":[{"href":"https:\/\/uenf.br\/projetos\/biotecveg\/wp-json\/wp\/v2\/pages"}],"about":[{"href":"https:\/\/uenf.br\/projetos\/biotecveg\/wp-json\/wp\/v2\/types\/page"}],"author":[{"embeddable":true,"href":"https:\/\/uenf.br\/projetos\/biotecveg\/wp-json\/wp\/v2\/users\/9"}],"replies":[{"embeddable":true,"href":"https:\/\/uenf.br\/projetos\/biotecveg\/wp-json\/wp\/v2\/comments?post=30"}],"version-history":[{"count":0,"href":"https:\/\/uenf.br\/projetos\/biotecveg\/wp-json\/wp\/v2\/pages\/30\/revisions"}],"wp:attachment":[{"href":"https:\/\/uenf.br\/projetos\/biotecveg\/wp-json\/wp\/v2\/media?parent=30"}],"curies":[{"name":"wp","href":"https:\/\/api.w.org\/{rel}","templated":true}]}}