{"id":128,"date":"2022-10-21T16:49:46","date_gmt":"2022-10-21T19:49:46","guid":{"rendered":"https:\/\/uenf.br\/projetos\/matematicaalcancetodos\/?page_id=128"},"modified":"2024-07-08T21:50:38","modified_gmt":"2024-07-09T00:50:38","slug":"feiras-de-matematica","status":"publish","type":"page","link":"https:\/\/uenf.br\/projetos\/matematicaalcancetodos\/feiras-de-matematica\/","title":{"rendered":"Feiras de Matem\u00e1tica"},"content":{"rendered":"<p>As Feiras de Matem\u00e1tica da Universidade Estadual do Norte Fluminense (UENF) s\u00e3o eventos anuais dedicados \u00e0 promo\u00e7\u00e3o do conhecimento matem\u00e1tico e ao incentivo do interesse pela disciplina. Esses eventos proporcionam um espa\u00e7o para que estudantes e a comunidade explorem conceitos matem\u00e1ticos de forma pr\u00e1tica e interativa.<\/p>\n<p>Durante as Feiras, alunos de diferentes n\u00edveis de ensino t\u00eam a oportunidade de apresentar projetos, participar de atividades l\u00fadicas, e interagir com especialistas na \u00e1rea. As Feiras de Matem\u00e1tica da UENF destacam-se por promover a aprendizagem colaborativa, integrar diversas faixas et\u00e1rias e fomentar a troca de experi\u00eancias, contribuindo para uma forma\u00e7\u00e3o acad\u00eamica mais s\u00f3lida e completa.<\/p>\n<p>Ao celebrar a matem\u00e1tica como uma ci\u00eancia essencial e fascinante, as Feiras da UENF refor\u00e7am o papel fundamental dessa disciplina no desenvolvimento educacional e tecnol\u00f3gico.<\/p>\n","protected":false},"excerpt":{"rendered":"<p>As Feiras de Matem\u00e1tica da Universidade Estadual do Norte Fluminense (UENF) s\u00e3o eventos anuais dedicados \u00e0 promo\u00e7\u00e3o do conhecimento matem\u00e1tico&#8230;<\/p>\n","protected":false},"author":30,"featured_media":0,"parent":0,"menu_order":12,"comment_status":"closed","ping_status":"closed","template":"","meta":{"footnotes":""},"class_list":["post-128","page","type-page","status-publish","hentry"],"_links":{"self":[{"href":"https:\/\/uenf.br\/projetos\/matematicaalcancetodos\/wp-json\/wp\/v2\/pages\/128","targetHints":{"allow":["GET"]}}],"collection":[{"href":"https:\/\/uenf.br\/projetos\/matematicaalcancetodos\/wp-json\/wp\/v2\/pages"}],"about":[{"href":"https:\/\/uenf.br\/projetos\/matematicaalcancetodos\/wp-json\/wp\/v2\/types\/page"}],"author":[{"embeddable":true,"href":"https:\/\/uenf.br\/projetos\/matematicaalcancetodos\/wp-json\/wp\/v2\/users\/30"}],"replies":[{"embeddable":true,"href":"https:\/\/uenf.br\/projetos\/matematicaalcancetodos\/wp-json\/wp\/v2\/comments?post=128"}],"version-history":[{"count":0,"href":"https:\/\/uenf.br\/projetos\/matematicaalcancetodos\/wp-json\/wp\/v2\/pages\/128\/revisions"}],"wp:attachment":[{"href":"https:\/\/uenf.br\/projetos\/matematicaalcancetodos\/wp-json\/wp\/v2\/media?parent=128"}],"curies":[{"name":"wp","href":"https:\/\/api.w.org\/{rel}","templated":true}]}}