{"id":2,"date":"2022-08-15T10:27:51","date_gmt":"2022-08-15T13:27:51","guid":{"rendered":"https:\/\/uenf.br\/projetos\/matematicaalcancetodos\/?page_id=2"},"modified":"2024-07-08T21:52:10","modified_gmt":"2024-07-09T00:52:10","slug":"apresentacao","status":"publish","type":"page","link":"https:\/\/uenf.br\/projetos\/matematicaalcancetodos\/","title":{"rendered":"Apresenta\u00e7\u00e3o"},"content":{"rendered":"\r\n<p class=\"has-text-align-left has-white-background-color has-background\">O <em>Projeto Matem\u00e1tica ao alcance de todos<\/em> tem como objetivo minimizar a dificuldade na aprendizagem de Matem\u00e1tica. Desenvolvemos nossas atividades em duas frentes, o Ensino B\u00e1sico em Matem\u00e1tica e a Matem\u00e1tica de N\u00edvel Superior, trabalhando os conceitos necess\u00e1rios que minimizem a evas\u00e3o nos Cursos de Gradua\u00e7\u00e3o.<br \/>O desenvolvimento destas atividades proporciona uma troca de experi\u00eancias entre os docentes, licenciandos, e os alunos das escolas p\u00fablicas, por meio das aulas de refor\u00e7o. Al\u00e9m da experi\u00eancia, os licenciandos encaram o desafio profissional da utiliza\u00e7\u00e3o dos mais diversos recursos did\u00e1ticos.<\/p>\r\n","protected":false},"excerpt":{"rendered":"<p>O Projeto Matem\u00e1tica ao alcance de todos tem como objetivo minimizar a dificuldade na aprendizagem de Matem\u00e1tica. Desenvolvemos nossas atividades&#8230;<\/p>\n","protected":false},"author":29,"featured_media":0,"parent":0,"menu_order":1,"comment_status":"closed","ping_status":"closed","template":"","meta":{"footnotes":""},"class_list":["post-2","page","type-page","status-publish","hentry"],"_links":{"self":[{"href":"https:\/\/uenf.br\/projetos\/matematicaalcancetodos\/wp-json\/wp\/v2\/pages\/2","targetHints":{"allow":["GET"]}}],"collection":[{"href":"https:\/\/uenf.br\/projetos\/matematicaalcancetodos\/wp-json\/wp\/v2\/pages"}],"about":[{"href":"https:\/\/uenf.br\/projetos\/matematicaalcancetodos\/wp-json\/wp\/v2\/types\/page"}],"author":[{"embeddable":true,"href":"https:\/\/uenf.br\/projetos\/matematicaalcancetodos\/wp-json\/wp\/v2\/users\/29"}],"replies":[{"embeddable":true,"href":"https:\/\/uenf.br\/projetos\/matematicaalcancetodos\/wp-json\/wp\/v2\/comments?post=2"}],"version-history":[{"count":0,"href":"https:\/\/uenf.br\/projetos\/matematicaalcancetodos\/wp-json\/wp\/v2\/pages\/2\/revisions"}],"wp:attachment":[{"href":"https:\/\/uenf.br\/projetos\/matematicaalcancetodos\/wp-json\/wp\/v2\/media?parent=2"}],"curies":[{"name":"wp","href":"https:\/\/api.w.org\/{rel}","templated":true}]}}