{"id":279,"date":"2025-05-02T20:45:48","date_gmt":"2025-05-02T23:45:48","guid":{"rendered":"https:\/\/uenf.br\/projetos\/matematicaalcancetodos\/?page_id=279"},"modified":"2025-09-15T15:33:26","modified_gmt":"2025-09-15T18:33:26","slug":"quarta-feira-de-matematica-da-uenf","status":"publish","type":"page","link":"https:\/\/uenf.br\/projetos\/matematicaalcancetodos\/feiras-de-matematica\/quarta-feira-de-matematica-da-uenf\/","title":{"rendered":"Quarta Feira de Matem\u00e1tica da UENF"},"content":{"rendered":"<p><img loading=\"lazy\" decoding=\"async\" class=\"aligncenter wp-image-283 \" src=\"https:\/\/uenf.br\/projetos\/matematicaalcancetodos\/files\/2025\/05\/logo-le.jpg\" alt=\"\" width=\"1280\" height=\"720\" srcset=\"https:\/\/uenf.br\/projetos\/matematicaalcancetodos\/files\/2025\/05\/logo-le.jpg 1600w, https:\/\/uenf.br\/projetos\/matematicaalcancetodos\/files\/2025\/05\/logo-le-300x169.jpg 300w, https:\/\/uenf.br\/projetos\/matematicaalcancetodos\/files\/2025\/05\/logo-le-1024x576.jpg 1024w, https:\/\/uenf.br\/projetos\/matematicaalcancetodos\/files\/2025\/05\/logo-le-768x432.jpg 768w, https:\/\/uenf.br\/projetos\/matematicaalcancetodos\/files\/2025\/05\/logo-le-1536x864.jpg 1536w, https:\/\/uenf.br\/projetos\/matematicaalcancetodos\/files\/2025\/05\/logo-le-800x450.jpg 800w\" sizes=\"auto, (max-width: 1280px) 100vw, 1280px\" \/><\/p>\n<p>O Programa de Extens\u00e3o Matem\u00e1tica ao alcance de todos est\u00e1 organizando a Quarta feira de Matem\u00e1tica da UENF.<\/p>\n<p><strong>ATEN\u00c7\u00c3O AUTORES!<\/strong><\/p>\n<p>Informa\u00e7\u00f5es sobre submiss\u00e3o e apresenta\u00e7\u00e3o de trabalhos:<\/p>\n<ul>\n<li><a href=\"https:\/\/uenf.br\/projetos\/matematicaalcancetodos\/files\/2025\/09\/edital-corrigido.pdf\" target=\"_blank\" rel=\"noopener\">Edital<\/a><\/li>\n<li><a href=\"https:\/\/www.even3.com.br\/iv-feira-matematica-uenf\/\" target=\"_blank\" rel=\"noopener\">Inscri\u00e7\u00f5es<\/a><\/li>\n<\/ul>\n<p>Datas importantes:<\/p>\n<ul>\n<li>Inscri\u00e7\u00f5es:\u00a0 01\/06 a 26\/09\/2025<\/li>\n<li>Avalia\u00e7\u00e3o dos trabalhos inscritos: 27\/09 a 06\/10\/2025<\/li>\n<li>Resultados dos trabalhos aprovados via <em>e-mail<\/em>: 07\/10\/2025<\/li>\n<\/ul>\n","protected":false},"excerpt":{"rendered":"<p>O Programa de Extens\u00e3o Matem\u00e1tica ao alcance de todos est\u00e1 organizando a Quarta feira de Matem\u00e1tica da UENF. ATEN\u00c7\u00c3O AUTORES!&#8230;<\/p>\n","protected":false},"author":30,"featured_media":0,"parent":128,"menu_order":6,"comment_status":"closed","ping_status":"closed","template":"","meta":{"footnotes":""},"class_list":["post-279","page","type-page","status-publish","hentry"],"_links":{"self":[{"href":"https:\/\/uenf.br\/projetos\/matematicaalcancetodos\/wp-json\/wp\/v2\/pages\/279","targetHints":{"allow":["GET"]}}],"collection":[{"href":"https:\/\/uenf.br\/projetos\/matematicaalcancetodos\/wp-json\/wp\/v2\/pages"}],"about":[{"href":"https:\/\/uenf.br\/projetos\/matematicaalcancetodos\/wp-json\/wp\/v2\/types\/page"}],"author":[{"embeddable":true,"href":"https:\/\/uenf.br\/projetos\/matematicaalcancetodos\/wp-json\/wp\/v2\/users\/30"}],"replies":[{"embeddable":true,"href":"https:\/\/uenf.br\/projetos\/matematicaalcancetodos\/wp-json\/wp\/v2\/comments?post=279"}],"version-history":[{"count":0,"href":"https:\/\/uenf.br\/projetos\/matematicaalcancetodos\/wp-json\/wp\/v2\/pages\/279\/revisions"}],"up":[{"embeddable":true,"href":"https:\/\/uenf.br\/projetos\/matematicaalcancetodos\/wp-json\/wp\/v2\/pages\/128"}],"wp:attachment":[{"href":"https:\/\/uenf.br\/projetos\/matematicaalcancetodos\/wp-json\/wp\/v2\/media?parent=279"}],"curies":[{"name":"wp","href":"https:\/\/api.w.org\/{rel}","templated":true}]}}