{"id":1153,"date":"2025-04-08T11:18:52","date_gmt":"2025-04-08T14:18:52","guid":{"rendered":"https:\/\/uenf.br\/projetos\/nuperj\/?page_id=1153"},"modified":"2025-06-13T16:18:43","modified_gmt":"2025-06-13T19:18:43","slug":"trabalhos-em-anais-de-congressos","status":"publish","type":"page","link":"https:\/\/uenf.br\/projetos\/nuperj\/publicacoes\/trabalhos-em-anais-de-congressos\/","title":{"rendered":"Trabalhos em congressos"},"content":{"rendered":"<p>&nbsp;<\/p>\n<p>Trabalhos publicados nos Anais do <strong>XXII Semin\u00e1rio de Integra\u00e7\u00e3o Regional<\/strong>, realizado em 29 e 30 de novembro de 2024 em Campos dos Goytacazes-RJ:<\/p>\n<blockquote><p><a href=\"https:\/\/seminariodeintegracao.ucam-campos.br\/anais-xxii-seminario-de-integracao-2024\/\"><strong>Avalia\u00e7\u00e3o mesorregional do \u00cdndice Nuperj de Din\u00e2mica Econ\u00f4mica Local (Indel) para o estado do Rio de Janeiro (2021 e 2022)<\/strong><\/a><\/p><\/blockquote>\n<p>RIBEIRO, Alcimar das Chagas; ZANELLA, Francis Casagranda; SOUZA, Victor Hugo dos Santos; LIMA, Nicolas Daloy de. Avalia\u00e7\u00e3o mesorregional do \u00cdndice Nuperj de Din\u00e2mica Econ\u00f4mica Local (Indel) para o estado do Rio de Janeiro (2021 e 2022). <strong>Anais do XXII Semin\u00e1rio de Integra\u00e7\u00e3o Regiona<\/strong>l, Campos dos Goytavazes-RJ. Dispon\u00edvel em: <a href=\"https:\/\/seminariodeintegracao.ucam-campos.br\/anais-xxii-seminario-de-integracao-2024\/\">https:\/\/seminariodeintegracao.ucam-campos.br\/anais-xxii-seminario-de-integracao-2024\/<\/a> Acesso em: 13 junho 2025.<\/p>\n<p>&nbsp;<\/p>\n<p>&nbsp;<\/p>\n<hr \/>\n<p>&nbsp;<\/p>\n<p>Trabalhos publicados nos Anais do <strong>IV Simp\u00f3sio Latino-Americano de Estudos de Desenvolvimento Regional (SLAEDR) e V Simp\u00f3sio Latino-americano de Estudos de Desenvolvimento Regional (SLAEDR)<\/strong>, realizado de 11 a 14 de novembro de 2024 em formato h\u00edbrido em Iju\u00ed-RS:<\/p>\n<p>&nbsp;<\/p>\n<blockquote>\n<p class=\"page_title\"><a href=\"https:\/\/uenf.br\/projetos\/nuperj\/files\/2025\/04\/IV-Slaedr-artigo-metodologia.pdf\"><strong>Processo de constru\u00e7\u00e3o do \u00cdndice NUPERJ de Din\u00e2mica Econ\u00f4mica Local (INDEL)<\/strong><\/a><\/p>\n<\/blockquote>\n<p>RIBEIRO, Alcimar das Chagas; ZANELLA, Francis Casagranda; SOUZA, Victor Hugo dos Santos; LIMA, Nicolas Daloy de. Processo de constru\u00e7\u00e3o do \u00cdndice NUPERJ de Din\u00e2mica Econ\u00f4mica Local (INDEL). <b>Anais do Simp\u00f3sio Latino-Americano de Estudos de Desenvolvimento Regional<\/b>, IJU\u00cd &#8211; RS &#8211; BRASIL, v. 4, n. 4, 2025. Dispon\u00edvel em: <a href=\"https:\/\/publicacoeseventos.unijui.edu.br\/index.php\/slaedr\/article\/view\/26828\">https:\/\/publicacoeseventos.unijui.edu.br\/index.php\/slaedr\/article\/view\/26828<\/a>. Acesso em: 8 abr. 2025.<\/p>\n<p>&nbsp;<\/p>\n<blockquote><p><a href=\"https:\/\/uenf.br\/projetos\/nuperj\/files\/2025\/04\/IV-Slaedr-artigo-rio-de-janeiro.pdf\"><strong> Estrutura metodol\u00f3gica de investiga\u00e7\u00e3o econ\u00f4mica em espa\u00e7os territoriais: o caso do territ\u00f3rio fluminense\u00a0<\/strong><\/a><\/p><\/blockquote>\n<p>RIBEIRO, Alcimar das Chagas; ZANELLA, Francis Casagranda; SOUZA, Victor Hugo dos Santos; LIMA, Nicolas Daloy de. Estrutura metodol\u00f3gica de investiga\u00e7\u00e3o econ\u00f4mica em espa\u00e7os territoriais: o caso do territ\u00f3rio fluminense. <b>Anais do Simp\u00f3sio Latino-Americano de Estudos de Desenvolvimento Regional<\/b>, IJU\u00cd &#8211; RS &#8211; BRASIL, v. 4, n. 4, 2025. Dispon\u00edvel em: <a href=\"https:\/\/publicacoeseventos.unijui.edu.br\/index.php\/slaedr\/article\/view\/26829\">https:\/\/publicacoeseventos.unijui.edu.br\/index.php\/slaedr\/article\/view\/26829<\/a>. Acesso em: 8 abr. 2025.<\/p>\n<hr \/>\n<p>&nbsp;<\/p>\n","protected":false},"excerpt":{"rendered":"<p>&nbsp; Trabalhos publicados nos Anais do XXII Semin\u00e1rio de Integra\u00e7\u00e3o Regional, realizado em 29 e 30 de novembro de 2024&#8230;<\/p>\n","protected":false},"author":35,"featured_media":0,"parent":39,"menu_order":0,"comment_status":"closed","ping_status":"closed","template":"","meta":{"footnotes":""},"class_list":["post-1153","page","type-page","status-publish","hentry"],"_links":{"self":[{"href":"https:\/\/uenf.br\/projetos\/nuperj\/wp-json\/wp\/v2\/pages\/1153","targetHints":{"allow":["GET"]}}],"collection":[{"href":"https:\/\/uenf.br\/projetos\/nuperj\/wp-json\/wp\/v2\/pages"}],"about":[{"href":"https:\/\/uenf.br\/projetos\/nuperj\/wp-json\/wp\/v2\/types\/page"}],"author":[{"embeddable":true,"href":"https:\/\/uenf.br\/projetos\/nuperj\/wp-json\/wp\/v2\/users\/35"}],"replies":[{"embeddable":true,"href":"https:\/\/uenf.br\/projetos\/nuperj\/wp-json\/wp\/v2\/comments?post=1153"}],"version-history":[{"count":0,"href":"https:\/\/uenf.br\/projetos\/nuperj\/wp-json\/wp\/v2\/pages\/1153\/revisions"}],"up":[{"embeddable":true,"href":"https:\/\/uenf.br\/projetos\/nuperj\/wp-json\/wp\/v2\/pages\/39"}],"wp:attachment":[{"href":"https:\/\/uenf.br\/projetos\/nuperj\/wp-json\/wp\/v2\/media?parent=1153"}],"curies":[{"name":"wp","href":"https:\/\/api.w.org\/{rel}","templated":true}]}}