{"id":1277,"date":"2026-03-11T15:00:12","date_gmt":"2026-03-11T18:00:12","guid":{"rendered":"https:\/\/uenf.br\/projetos\/nuperj\/?page_id=1277"},"modified":"2026-04-23T14:47:03","modified_gmt":"2026-04-23T17:47:03","slug":"relatorios","status":"publish","type":"page","link":"https:\/\/uenf.br\/projetos\/nuperj\/publicacoes\/relatorios\/","title":{"rendered":"Relat\u00f3rios"},"content":{"rendered":"<p><a href=\"https:\/\/uenf.br\/projetos\/nuperj\/files\/2026\/03\/Relatorio-de-Atividades-2019-a-2025.pdf\">Relat\u00f3rio de Atividades &#8211; 2019 a 2025<\/a><\/p>\n<p><a href=\"https:\/\/uenf.br\/projetos\/nuperj\/files\/2026\/03\/Aplicacao-do-Indice-NUPERJ-1.pdf\">Aplica\u00e7\u00e3o do \u00cdndice NUPERJ de Din\u00e2mica Econ\u00f4mica Local na Regi\u00e3o Norte Fluminense \u2013 Rio de Janeiro (2019-2024)<\/a><\/p>\n<p><a href=\"https:\/\/uenf.br\/projetos\/nuperj\/files\/2026\/04\/Aplicacao-do-Indice-Nuperj-de-Dinamica-Economica-Local-na-regiao-Sul.pdf\">Aplica\u00e7\u00e3o do \u00cdndice NUPERJ de Din\u00e2mica Econ\u00f4mica Local na regi\u00e3o Sul Fluminense \u2013 Rio de Janeiro (2019-2024)<\/a><\/p>\n<p><a href=\"https:\/\/uenf.br\/projetos\/nuperj\/files\/2026\/04\/Aplicacao-do-Indice-NUPERJ-Noroeste-Fluminense.pdf\">Aplica\u00e7\u00e3o do \u00cdndice NUPERJ de Din\u00e2mica Econ\u00f4mica Local na regi\u00e3o Noroeste Fluminense \u2013 Rio de Janeiro (2019-2024)<\/a><\/p>\n","protected":false},"excerpt":{"rendered":"<p>Relat\u00f3rio de Atividades &#8211; 2019 a 2025 Aplica\u00e7\u00e3o do \u00cdndice NUPERJ de Din\u00e2mica Econ\u00f4mica Local na Regi\u00e3o Norte Fluminense \u2013&#8230;<\/p>\n","protected":false},"author":43,"featured_media":0,"parent":39,"menu_order":0,"comment_status":"closed","ping_status":"closed","template":"","meta":{"footnotes":""},"class_list":["post-1277","page","type-page","status-publish","hentry"],"_links":{"self":[{"href":"https:\/\/uenf.br\/projetos\/nuperj\/wp-json\/wp\/v2\/pages\/1277","targetHints":{"allow":["GET"]}}],"collection":[{"href":"https:\/\/uenf.br\/projetos\/nuperj\/wp-json\/wp\/v2\/pages"}],"about":[{"href":"https:\/\/uenf.br\/projetos\/nuperj\/wp-json\/wp\/v2\/types\/page"}],"author":[{"embeddable":true,"href":"https:\/\/uenf.br\/projetos\/nuperj\/wp-json\/wp\/v2\/users\/43"}],"replies":[{"embeddable":true,"href":"https:\/\/uenf.br\/projetos\/nuperj\/wp-json\/wp\/v2\/comments?post=1277"}],"version-history":[{"count":2,"href":"https:\/\/uenf.br\/projetos\/nuperj\/wp-json\/wp\/v2\/pages\/1277\/revisions"}],"predecessor-version":[{"id":1374,"href":"https:\/\/uenf.br\/projetos\/nuperj\/wp-json\/wp\/v2\/pages\/1277\/revisions\/1374"}],"up":[{"embeddable":true,"href":"https:\/\/uenf.br\/projetos\/nuperj\/wp-json\/wp\/v2\/pages\/39"}],"wp:attachment":[{"href":"https:\/\/uenf.br\/projetos\/nuperj\/wp-json\/wp\/v2\/media?parent=1277"}],"curies":[{"name":"wp","href":"https:\/\/api.w.org\/{rel}","templated":true}]}}