{"id":2,"date":"2019-10-16T14:43:16","date_gmt":"2019-10-16T17:43:16","guid":{"rendered":"http:\/\/uenf.br\/projetos\/nuperj\/?page_id=2"},"modified":"2026-04-10T14:07:25","modified_gmt":"2026-04-10T17:07:25","slug":"home","status":"publish","type":"page","link":"https:\/\/uenf.br\/projetos\/nuperj\/","title":{"rendered":"Home"},"content":{"rendered":"<p><img loading=\"lazy\" decoding=\"async\" class=\" wp-image-100 aligncenter\" src=\"http:\/\/uenf.br\/projetos\/nuperj\/files\/2019\/11\/Untitled-1.png\" alt=\"\" width=\"412\" height=\"131\" srcset=\"https:\/\/uenf.br\/projetos\/nuperj\/files\/2019\/11\/Untitled-1.png 2480w, https:\/\/uenf.br\/projetos\/nuperj\/files\/2019\/11\/Untitled-1-300x95.png 300w, https:\/\/uenf.br\/projetos\/nuperj\/files\/2019\/11\/Untitled-1-768x243.png 768w, https:\/\/uenf.br\/projetos\/nuperj\/files\/2019\/11\/Untitled-1-1024x325.png 1024w\" sizes=\"auto, (max-width: 412px) 100vw, 412px\" \/><\/p>\n<p>&nbsp;<\/p>\n<p>&nbsp;<\/p>\n<h2 class=\"elementor-heading-title elementor-size-default\">Diretor do NUPERJ, Economista Alcimar Chagas \u00e9 entrevistado na R\u00e1dio UENF<\/h2>\n<p>Ao participar na manh\u00e3 desta quarta-feira, 08\/04\/26, do Programa Bom dia UENF Entrevista, na R\u00e1dio UENF, o economista Alcimar das Chagas Ribeiro questionou os indicadores socioecon\u00f4micos mais utilizados \u2014 os quais se baseiam na riqueza dos munic\u00edpios, como o PIB e outros. Isso porque nem sempre essa riqueza se traduz em melhores qualidades de vida para a popula\u00e7\u00e3o.<\/p>\n<p>\u2014 Essa \u00e9 a nossa grande preocupa\u00e7\u00e3o: mostrar que n\u00e3o adianta ter or\u00e7amentos e PIBs grandiosos. Volume de riqueza muito grande n\u00e3o garante bem-estar da popula\u00e7\u00e3o \u2014 disse Alcimar, que atua como professor do Laborat\u00f3rio de Engenharia de Produ\u00e7\u00e3o da UENF (LEPROD) e coordena o N\u00facleo de Pesquisa Econ\u00f4mica do Estado do Rio de Janeiro (NUPERJ).<\/p>\n<p>Para sanar este problema, o NUPERJ desenvolveu um novo indicador: o \u00cdndice de Din\u00e2mica Econ\u00f4mica Local (INDEL). Segundo Alcimar, o INDEL leva em conta primeiro a conjuntura econ\u00f4mica local. Ao inv\u00e9s de olhar o volume total de empregos, por exemplo, o INDEL analisa o emprego no com\u00e9rcio local. Isto porque grande parte dos empregos registrados refere-se aos empreendimentos portu\u00e1rio e petrol\u00edfero, em que maioria dos funcion\u00e1rios sequer reside nestes munic\u00edpios.<\/p>\n<p>\u2014 Quem n\u00e3o conhece a regi\u00e3o, se olhar somente pelo indicador emprego, vai achar que os munic\u00edpios est\u00e3o muito bem. S\u00e3o Jo\u00e3o da Barra, por exemplo, em 18 anos, saiu de 3 mil empregos para 20 mil. Em Maca\u00e9 tamb\u00e9m houve grande eleva\u00e7\u00e3o de empregos. Mas esses empregos n\u00e3o guardam nenhuma rela\u00e7\u00e3o com o munic\u00edpio, pois as pessoas n\u00e3o usam o dinheiro que recebem l\u00e1. Elas v\u00e3o trabalhar e retornam para seus munic\u00edpios \u2014 disse.<\/p>\n<p>Segundo Alcimar, a Regi\u00e3o Norte Fluminense, apesar de se destacar no cen\u00e1rio nacional e internacional, apresenta muitas dificuldades. A Bacia de Campos j\u00e1 chegou a produzir 80% do petr\u00f3leo nacional.<\/p>\n<p>\u2014 Evidentemente que hoje \u00e9 uma Bacia madura e tem uma participa\u00e7\u00e3o menor na produ\u00e7\u00e3o de petr\u00f3leo, mas ainda \u00e9 muito importante. No entanto, os munic\u00edpios da regi\u00e3o apresentam uma economia muito fr\u00e1gil, e as dificuldades s\u00e3o enormes. Por mais que os or\u00e7amentos de munic\u00edpios como Campos, Maca\u00e9 e S\u00e3o Jo\u00e3o da Barra sejam grandiosos.<\/p>\n<p>Para Alcimar, grandes investimentos ex\u00f3genos (que v\u00eam de fora), n\u00e3o garantem o desenvolvimento socioecon\u00f4mico da regi\u00e3o. \u00c9 necess\u00e1rio, segundo ele, pensar em investimentos end\u00f3genos (que v\u00eam de dentro). Desta forma, criam-se cadeias produtivas no entorno do territ\u00f3rio, fixando a riqueza por eles gerada.<\/p>\n<p>Segundo Alcimar, a promo\u00e7\u00e3o do desenvolvimento econ\u00f4mico local deve ser pensada de forma sist\u00eamica, tendo a universidade como um de seus elementos \u2014 assim como os governos, empresas, entidades n\u00e3o governamentais etc. Na sua opini\u00e3o, \u00e9 preciso que todos esses elementos tenham entendimento bastante amplo de como conduzir esse processo.<\/p>\n<p>\u2014 \u00c9 a tal da governan\u00e7a. Como pensar num processo de governan\u00e7a para o desenvolvimento local? Como n\u00e3o existe essa intera\u00e7\u00e3o num n\u00edvel muito forte, o que acontece \u00e9 que a universidade desenvolve suas fun\u00e7\u00f5es (pesquisa, tecnologia, qualifica\u00e7\u00e3o), mas isso precisa virar inova\u00e7\u00e3o. A\u00ed precisa da empresa, do governo etc. N\u00e3o existe desenvolvimento sem institui\u00e7\u00f5es fortes \u2014 disse.<\/p>\n<p>(<em>Jornalista: F\u00falvia D\u2019Alessandri \u2013 ASCOM\/UENF<\/em>)<\/p>\n<p>O link para a mat\u00e9ria pode ser encontrado a seguir:\u00a0<a href=\"https:\/\/uenf.br\/portal\/noticias\/economista-alcimar-chagas-entrevistado-na-radio-uenf\/\">https:\/\/uenf.br\/portal\/noticias\/economista-alcimar-chagas-entrevistado-na-radio-uenf\/<\/a><\/p>\n<p><strong>NOTA<\/strong>: A equipe NUPERJ agradece pelas presen\u00e7as no Semin\u00e1rio de Apresenta\u00e7\u00e3o de resultados do <a href=\"https:\/\/app.powerbi.com\/view?r=eyJrIjoiOWVhOTIxOGQtNmQ5Mi00MzA4LTk0NTMtMzAzOTI4YzJjZWVjIiwidCI6IjVhOTIxODI3LWNkZTktNDBlOS1hODhlLTE1ZGRkMzg2ODNmMSJ9\">INDEL (\u00cdndice de Din\u00e2mica Econ\u00f4mica Local)<\/a> realizado em 6 de maio, na Uenf. Somos gratos pela participa\u00e7\u00e3o e contribui\u00e7\u00f5es ao debate sobre nosso territ\u00f3rio.<\/p>\n<p>O semin\u00e1rio foi tamb\u00e9m um marco da trajet\u00f3ria do NUPERJ, que nesses quase seis anos de exist\u00eancia vem construindo sua atua\u00e7\u00e3o com base em pesquisa aplicada, publica\u00e7\u00f5es regulares e forma\u00e7\u00e3o de jovens pesquisadores.<\/p>\n<p>Seguimos dispostos ao di\u00e1logo para estabelecer parcerias institucionais estrat\u00e9gicas.<\/p>\n<p>Fotos: Ascom Uenf.<\/p>\n<p><a href=\"https:\/\/app.powerbi.com\/view?r=eyJrIjoiOWVhOTIxOGQtNmQ5Mi00MzA4LTk0NTMtMzAzOTI4YzJjZWVjIiwidCI6IjVhOTIxODI3LWNkZTktNDBlOS1hODhlLTE1ZGRkMzg2ODNmMSJ9\"><img loading=\"lazy\" decoding=\"async\" class=\"alignleft size-medium wp-image-1174\" src=\"https:\/\/uenf.br\/projetos\/nuperj\/files\/2025\/05\/indel-05-300x200.jpg\" alt=\"\" width=\"300\" height=\"200\" srcset=\"https:\/\/uenf.br\/projetos\/nuperj\/files\/2025\/05\/indel-05-300x200.jpg 300w, https:\/\/uenf.br\/projetos\/nuperj\/files\/2025\/05\/indel-05-1024x683.jpg 1024w, https:\/\/uenf.br\/projetos\/nuperj\/files\/2025\/05\/indel-05-768x512.jpg 768w, https:\/\/uenf.br\/projetos\/nuperj\/files\/2025\/05\/indel-05.jpg 1080w\" sizes=\"auto, (max-width: 300px) 100vw, 300px\" \/><\/a> <a href=\"https:\/\/app.powerbi.com\/view?r=eyJrIjoiOWVhOTIxOGQtNmQ5Mi00MzA4LTk0NTMtMzAzOTI4YzJjZWVjIiwidCI6IjVhOTIxODI3LWNkZTktNDBlOS1hODhlLTE1ZGRkMzg2ODNmMSJ9\"><img loading=\"lazy\" decoding=\"async\" class=\"alignleft size-medium wp-image-1175\" src=\"https:\/\/uenf.br\/projetos\/nuperj\/files\/2025\/05\/indel-06-300x200.jpg\" alt=\"\" width=\"300\" height=\"200\" srcset=\"https:\/\/uenf.br\/projetos\/nuperj\/files\/2025\/05\/indel-06-300x200.jpg 300w, https:\/\/uenf.br\/projetos\/nuperj\/files\/2025\/05\/indel-06-1024x683.jpg 1024w, https:\/\/uenf.br\/projetos\/nuperj\/files\/2025\/05\/indel-06-768x512.jpg 768w, https:\/\/uenf.br\/projetos\/nuperj\/files\/2025\/05\/indel-06.jpg 1080w\" sizes=\"auto, (max-width: 300px) 100vw, 300px\" \/><\/a> <a href=\"https:\/\/app.powerbi.com\/view?r=eyJrIjoiOWVhOTIxOGQtNmQ5Mi00MzA4LTk0NTMtMzAzOTI4YzJjZWVjIiwidCI6IjVhOTIxODI3LWNkZTktNDBlOS1hODhlLTE1ZGRkMzg2ODNmMSJ9\"><img loading=\"lazy\" decoding=\"async\" class=\"alignleft size-medium wp-image-1176\" src=\"https:\/\/uenf.br\/projetos\/nuperj\/files\/2025\/05\/indel-07-300x200.jpg\" alt=\"\" width=\"300\" height=\"200\" srcset=\"https:\/\/uenf.br\/projetos\/nuperj\/files\/2025\/05\/indel-07-300x200.jpg 300w, https:\/\/uenf.br\/projetos\/nuperj\/files\/2025\/05\/indel-07-1024x683.jpg 1024w, https:\/\/uenf.br\/projetos\/nuperj\/files\/2025\/05\/indel-07-768x512.jpg 768w, https:\/\/uenf.br\/projetos\/nuperj\/files\/2025\/05\/indel-07.jpg 1080w\" sizes=\"auto, (max-width: 300px) 100vw, 300px\" \/><\/a><a href=\"https:\/\/app.powerbi.com\/view?r=eyJrIjoiOWVhOTIxOGQtNmQ5Mi00MzA4LTk0NTMtMzAzOTI4YzJjZWVjIiwidCI6IjVhOTIxODI3LWNkZTktNDBlOS1hODhlLTE1ZGRkMzg2ODNmMSJ9\"><img loading=\"lazy\" decoding=\"async\" class=\"alignleft size-medium wp-image-1177\" src=\"https:\/\/uenf.br\/projetos\/nuperj\/files\/2025\/05\/indel-03-300x200.jpg\" alt=\"\" width=\"300\" height=\"200\" srcset=\"https:\/\/uenf.br\/projetos\/nuperj\/files\/2025\/05\/indel-03-300x200.jpg 300w, https:\/\/uenf.br\/projetos\/nuperj\/files\/2025\/05\/indel-03-1024x683.jpg 1024w, https:\/\/uenf.br\/projetos\/nuperj\/files\/2025\/05\/indel-03-768x512.jpg 768w, https:\/\/uenf.br\/projetos\/nuperj\/files\/2025\/05\/indel-03.jpg 1080w\" sizes=\"auto, (max-width: 300px) 100vw, 300px\" \/><\/a><\/p>\n<div id=\"attachment_1165\" style=\"width: 335px\" class=\"wp-caption alignnone\"><a href=\"https:\/\/app.powerbi.com\/view?r=eyJrIjoiOWVhOTIxOGQtNmQ5Mi00MzA4LTk0NTMtMzAzOTI4YzJjZWVjIiwidCI6IjVhOTIxODI3LWNkZTktNDBlOS1hODhlLTE1ZGRkMzg2ODNmMSJ9\"><img loading=\"lazy\" decoding=\"async\" aria-describedby=\"caption-attachment-1165\" class=\"wp-image-1165\" src=\"https:\/\/uenf.br\/projetos\/nuperj\/files\/2025\/04\/Panfleto-seminario-2025-300x300.png\" alt=\"\" width=\"325\" height=\"325\" srcset=\"https:\/\/uenf.br\/projetos\/nuperj\/files\/2025\/04\/Panfleto-seminario-2025-300x300.png 300w, https:\/\/uenf.br\/projetos\/nuperj\/files\/2025\/04\/Panfleto-seminario-2025-1024x1024.png 1024w, https:\/\/uenf.br\/projetos\/nuperj\/files\/2025\/04\/Panfleto-seminario-2025-150x150.png 150w, https:\/\/uenf.br\/projetos\/nuperj\/files\/2025\/04\/Panfleto-seminario-2025-768x768.png 768w, https:\/\/uenf.br\/projetos\/nuperj\/files\/2025\/04\/Panfleto-seminario-2025-600x600.png 600w, https:\/\/uenf.br\/projetos\/nuperj\/files\/2025\/04\/Panfleto-seminario-2025.png 1080w\" sizes=\"auto, (max-width: 325px) 100vw, 325px\" \/><\/a><p id=\"caption-attachment-1165\" class=\"wp-caption-text\">Panfleto do semin\u00e1rio de resultados do Indel, realizado no dia 6\/5 \u00e0s 14h no Anfiteatro 1 do Centro de Conven\u00e7\u00f5es da Uenf.<\/p><\/div>\n<p>&nbsp;<\/p>\n<h2><a href=\"https:\/\/uenf.br\/projetos\/nuperj\/indel\/\">\u00cdndice de Din\u00e2mica Econ\u00f4mica Local &#8211; Indel<\/a><\/h2>\n<p>O \u00cdndice de Din\u00e2mica Econ\u00f4mica Local (Indel) \u00e9 uma ferramenta desenvolvida pelo grupo de pesquisa (Nuperj\/Uenf), focada na an\u00e1lise da economia regional com uma abordagem distinta dos \u00edndices tradicionais. Seu objetivo \u00e9 oferecer uma vis\u00e3o mais precisa e contextualizada da din\u00e2mica econ\u00f4mica, especialmente em regi\u00f5es como o Norte Fluminense, beneficiadas por investimentos e receitas ex\u00f3genas como as de portos e empreendimentos offshore, as quais tendem a distorcer as an\u00e1lises convencionais.<\/p>\n<p>Suas vari\u00e1veis incluem investimento p\u00fablico, impostos sobre circula\u00e7\u00e3o de mercadorias e servi\u00e7os, movimenta\u00e7\u00e3o banc\u00e1ria, emprego e renda no com\u00e9rcio, e o estoque complementar do trabalho formal em rela\u00e7\u00e3o aos benef\u00edcios sociais.<\/p>\n<p>Esses indicadores compostos s\u00e3o ponderados para formar um \u00edndice m\u00e9dio que varia de 0 (zero) a 1 (um), oferecendo uma escala de avalia\u00e7\u00e3o mais refinada da din\u00e2mica econ\u00f4mica local, atenta para a efici\u00eancia na articula\u00e7\u00e3o de recursos escassos no territ\u00f3rio entre fam\u00edlias, empresas e governos.<\/p>\n<p><strong>Alta din\u00e2mica:<\/strong> resultados superiores a 0,8 ponto<br \/>\n<strong>Din\u00e2mica moderada:<\/strong> resultados compreendidos entre 0,6 e 0,8 ponto.<br \/>\n<strong>Din\u00e2mica regular:<\/strong> resultados compreendidos entre 0,4 e 0,6 ponto.<br \/>\n<strong>Baixa din\u00e2mica:<\/strong> resultados inferiores a 0,4 ponto<\/p>\n<p>&nbsp;<\/p>\n<h3>Indel 2019 a 2023 &#8211; munic\u00edpios do estado do Rio de Janeiro<\/h3>\n<p>Clique no <a href=\"https:\/\/app.powerbi.com\/view?r=eyJrIjoiOWVhOTIxOGQtNmQ5Mi00MzA4LTk0NTMtMzAzOTI4YzJjZWVjIiwidCI6IjVhOTIxODI3LWNkZTktNDBlOS1hODhlLTE1ZGRkMzg2ODNmMSJ9\" target=\"_blank\" rel=\"noopener\">painel abaixo<\/a> para selecionar dados por munic\u00edpio, mesorregi\u00e3o e ano.<\/p>\n<p>&nbsp;<\/p>\n<p><a href=\"https:\/\/app.powerbi.com\/view?r=eyJrIjoiOWVhOTIxOGQtNmQ5Mi00MzA4LTk0NTMtMzAzOTI4YzJjZWVjIiwidCI6IjVhOTIxODI3LWNkZTktNDBlOS1hODhlLTE1ZGRkMzg2ODNmMSJ9\" target=\"_blank\" rel=\"noopener\"><img loading=\"lazy\" decoding=\"async\" class=\"alignnone wp-image-1097\" src=\"https:\/\/uenf.br\/projetos\/nuperj\/files\/2024\/10\/Painel-Indel-300x167.png\" alt=\"\" width=\"784\" height=\"437\" srcset=\"https:\/\/uenf.br\/projetos\/nuperj\/files\/2024\/10\/Painel-Indel-300x167.png 300w, https:\/\/uenf.br\/projetos\/nuperj\/files\/2024\/10\/Painel-Indel-1024x572.png 1024w, https:\/\/uenf.br\/projetos\/nuperj\/files\/2024\/10\/Painel-Indel-768x429.png 768w, https:\/\/uenf.br\/projetos\/nuperj\/files\/2024\/10\/Painel-Indel-1536x858.png 1536w, https:\/\/uenf.br\/projetos\/nuperj\/files\/2024\/10\/Painel-Indel.png 1732w\" sizes=\"auto, (max-width: 784px) 100vw, 784px\" \/><\/a><\/p>\n<p>&nbsp;<\/p>\n<p>Para mais informa\u00e7\u00f5es, acesse a <strong><a href=\"https:\/\/uenf.br\/projetos\/nuperj\/indel\/\">p\u00e1gina do INDEL<\/a> <\/strong>no site do Nuperj.<\/p>\n<p>&nbsp;<\/p>\n<p>&nbsp;<\/p>\n<p style=\"text-align: center\"><a href=\"http:\/\/uenf.br\/projetos\/nuperj\/noticias\/\" target=\"_blank\" rel=\"noopener noreferrer\"><span style=\"color: #3366ff\"><strong><span style=\"color: #0000ff\">+ NOT\u00cdCIAS<\/span><\/strong><\/span><\/a><\/p>\n<p style=\"text-align: center\"><strong><a href=\"https:\/\/uenf.br\/projetos\/nuperj\/publicacoes\/textos-tecnicos\/\"><span style=\"color: #0000ff\">+ Textos T\u00e9cnicos<\/span><\/a><\/strong><\/p>\n<p style=\"text-align: center\"><span style=\"color: #0000ff\"><strong><a style=\"color: #0000ff\" href=\"https:\/\/uenf.br\/projetos\/nuperj\/publicacoes\/artigos-cientificos\/\">+ Artigos<\/a><\/strong><\/span><\/p>\n<p style=\"text-align: center\"><strong><span style=\"color: #0000ff\"><a style=\"color: #0000ff\" href=\"https:\/\/uenf.br\/projetos\/nuperj\/publicacoes\/boletins-mensais\/\">+ Boletins<\/a><\/span><\/strong><\/p>\n<p style=\"text-align: left\">\n","protected":false},"excerpt":{"rendered":"<p>&nbsp; &nbsp; Diretor do NUPERJ, Economista Alcimar Chagas \u00e9 entrevistado na R\u00e1dio UENF Ao participar na manh\u00e3 desta quarta-feira, 08\/04\/26,&#8230;<\/p>\n","protected":false},"author":25,"featured_media":0,"parent":0,"menu_order":0,"comment_status":"closed","ping_status":"closed","template":"","meta":{"footnotes":""},"class_list":["post-2","page","type-page","status-publish","hentry"],"_links":{"self":[{"href":"https:\/\/uenf.br\/projetos\/nuperj\/wp-json\/wp\/v2\/pages\/2","targetHints":{"allow":["GET"]}}],"collection":[{"href":"https:\/\/uenf.br\/projetos\/nuperj\/wp-json\/wp\/v2\/pages"}],"about":[{"href":"https:\/\/uenf.br\/projetos\/nuperj\/wp-json\/wp\/v2\/types\/page"}],"author":[{"embeddable":true,"href":"https:\/\/uenf.br\/projetos\/nuperj\/wp-json\/wp\/v2\/users\/25"}],"replies":[{"embeddable":true,"href":"https:\/\/uenf.br\/projetos\/nuperj\/wp-json\/wp\/v2\/comments?post=2"}],"version-history":[{"count":0,"href":"https:\/\/uenf.br\/projetos\/nuperj\/wp-json\/wp\/v2\/pages\/2\/revisions"}],"wp:attachment":[{"href":"https:\/\/uenf.br\/projetos\/nuperj\/wp-json\/wp\/v2\/media?parent=2"}],"curies":[{"name":"wp","href":"https:\/\/api.w.org\/{rel}","templated":true}]}}