{"id":212,"date":"2019-12-19T18:12:45","date_gmt":"2019-12-19T21:12:45","guid":{"rendered":"http:\/\/uenf.br\/projetos\/nuperj\/?page_id=212"},"modified":"2019-12-19T21:22:08","modified_gmt":"2019-12-20T00:22:08","slug":"pagina-inicial","status":"publish","type":"page","link":"https:\/\/uenf.br\/projetos\/nuperj\/pagina-inicial\/","title":{"rendered":"Quem Somos"},"content":{"rendered":"<p><span class=\"TextRun BCX0 SCXW137864882\" lang=\"PT-BR\" xml:lang=\"PT-BR\" data-contrast=\"auto\"><span class=\"NormalTextRun BCX0 SCXW137864882\">Somos um N\u00facleo de Pesquisas Econ\u00f4micas dirigido para o estado do Rio de Janeiro, cuja cria\u00e7\u00e3o, em outubro de 2019, se deu em fun\u00e7\u00e3o das limitadas op\u00e7\u00f5es de estudos cient\u00edficos sobre a economia do estado. O nosso objetivo \u00e9 gerar conte\u00fados qualificados para apoiar o processo de tomada de decis\u00e3o<\/span><\/span><span class=\"TextRun BCX0 SCXW137864882\" lang=\"PT-BR\" xml:lang=\"PT-BR\" data-contrast=\"auto\"><span class=\"NormalTextRun BCX0 SCXW137864882\">,<\/span><\/span><span class=\"TextRun BCX0 SCXW137864882\" lang=\"PT-BR\" xml:lang=\"PT-BR\" data-contrast=\"auto\"><span class=\"NormalTextRun BCX0 SCXW137864882\">\u00a0tanto na esfera\u00a0<\/span><\/span><span class=\"TextRun BCX0 SCXW137864882\" lang=\"PT-BR\" xml:lang=\"PT-BR\" data-contrast=\"auto\"><span class=\"NormalTextRun BCX0 SCXW137864882\">p\u00fablica,<\/span><\/span><span class=\"TextRun BCX0 SCXW137864882\" lang=\"PT-BR\" xml:lang=\"PT-BR\" data-contrast=\"auto\"><span class=\"NormalTextRun BCX0 SCXW137864882\">\u00a0quanto na esfera privada, al\u00e9m do apoio\u00a0<\/span><\/span><span class=\"TextRun BCX0 SCXW137864882\" lang=\"PT-BR\" xml:lang=\"PT-BR\" data-contrast=\"auto\"><span class=\"NormalTextRun BCX0 SCXW137864882\">\u00e0<\/span><\/span><span class=\"TextRun BCX0 SCXW137864882\" lang=\"PT-BR\" xml:lang=\"PT-BR\" data-contrast=\"auto\"><span class=\"NormalTextRun BCX0 SCXW137864882\">\u00a0novas pesquisas e publica\u00e7\u00f5es no campo econ\u00f4mico e social.<\/span><\/span><span class=\"TextRun BCX0 SCXW137864882\" lang=\"PT-BR\" xml:lang=\"PT-BR\" data-contrast=\"auto\"><span class=\"NormalTextRun BCX0 SCXW137864882\">\u00a0Entendemos que iniciativas dessa natureza\u00a0<\/span><\/span><span class=\"TextRun BCX0 SCXW137864882\" lang=\"PT-BR\" xml:lang=\"PT-BR\" data-contrast=\"auto\"><span class=\"NormalTextRun BCX0 SCXW137864882\">se caracterizam<\/span><\/span><span class=\"TextRun BCX0 SCXW137864882\" lang=\"PT-BR\" xml:lang=\"PT-BR\" data-contrast=\"auto\"><span class=\"NormalTextRun BCX0 SCXW137864882\">\u00a0como instrumento essencial para o processo de desenvolvimento\u00a0<\/span><\/span><span class=\"TextRun BCX0 SCXW137864882\" lang=\"PT-BR\" xml:lang=\"PT-BR\" data-contrast=\"auto\"><span class=\"NormalTextRun BCX0 SCXW137864882\">econ\u00f4mico\u00a0<\/span><\/span><span class=\"TextRun BCX0 SCXW137864882\" lang=\"PT-BR\" xml:lang=\"PT-BR\" data-contrast=\"auto\"><span class=\"NormalTextRun BCX0 SCXW137864882\">regional.<\/span><\/span><span class=\"EOP BCX0 SCXW137864882\" data-ccp-props=\"{&quot;201341983&quot;:0,&quot;335551550&quot;:6,&quot;335551620&quot;:6,&quot;335559739&quot;:160,&quot;335559740&quot;:360}\">\u00a0<\/span><\/p>\n","protected":false},"excerpt":{"rendered":"<p>Somos um N\u00facleo de Pesquisas Econ\u00f4micas dirigido para o estado do Rio de Janeiro, cuja cria\u00e7\u00e3o, em outubro de 2019,&#8230;<\/p>\n","protected":false},"author":26,"featured_media":0,"parent":0,"menu_order":1,"comment_status":"closed","ping_status":"closed","template":"","meta":{"footnotes":""},"class_list":["post-212","page","type-page","status-publish","hentry"],"_links":{"self":[{"href":"https:\/\/uenf.br\/projetos\/nuperj\/wp-json\/wp\/v2\/pages\/212","targetHints":{"allow":["GET"]}}],"collection":[{"href":"https:\/\/uenf.br\/projetos\/nuperj\/wp-json\/wp\/v2\/pages"}],"about":[{"href":"https:\/\/uenf.br\/projetos\/nuperj\/wp-json\/wp\/v2\/types\/page"}],"author":[{"embeddable":true,"href":"https:\/\/uenf.br\/projetos\/nuperj\/wp-json\/wp\/v2\/users\/26"}],"replies":[{"embeddable":true,"href":"https:\/\/uenf.br\/projetos\/nuperj\/wp-json\/wp\/v2\/comments?post=212"}],"version-history":[{"count":0,"href":"https:\/\/uenf.br\/projetos\/nuperj\/wp-json\/wp\/v2\/pages\/212\/revisions"}],"wp:attachment":[{"href":"https:\/\/uenf.br\/projetos\/nuperj\/wp-json\/wp\/v2\/media?parent=212"}],"curies":[{"name":"wp","href":"https:\/\/api.w.org\/{rel}","templated":true}]}}