{"id":35,"date":"2019-10-25T00:31:31","date_gmt":"2019-10-25T03:31:31","guid":{"rendered":"http:\/\/uenf.br\/projetos\/nuperj\/?page_id=35"},"modified":"2019-11-02T16:53:25","modified_gmt":"2019-11-02T19:53:25","slug":"missao","status":"publish","type":"page","link":"https:\/\/uenf.br\/projetos\/nuperj\/missao\/","title":{"rendered":"Miss\u00e3o"},"content":{"rendered":"<p><span class=\"TextRun  BCX0 SCXW181863216\" lang=\"PT-BR\" xml:lang=\"PT-BR\" data-contrast=\"auto\"><span class=\"NormalTextRun  BCX0 SCXW181863216\">Contribuir n<\/span><\/span><span class=\"TextRun  BCX0 SCXW181863216\" lang=\"PT-BR\" xml:lang=\"PT-BR\" data-contrast=\"auto\"><span class=\"NormalTextRun  BCX0 SCXW181863216\">o processo de<\/span><\/span><span class=\"TextRun  BCX0 SCXW181863216\" lang=\"PT-BR\" xml:lang=\"PT-BR\" data-contrast=\"auto\"><span class=\"NormalTextRun  BCX0 SCXW181863216\">\u00a0amplia\u00e7\u00e3o do conhecimento sobre a economia do estado do Rio de Janeiro, disponibilizando dados e informa\u00e7\u00f5es em\u00a0<\/span><\/span><span class=\"TextRun  BCX0 SCXW181863216\" lang=\"PT-BR\" xml:lang=\"PT-BR\" data-contrast=\"auto\"><span class=\"NormalTextRun  BCX0 SCXW181863216\">diferentes\u00a0<\/span><\/span><span class=\"TextRun  BCX0 SCXW181863216\" lang=\"PT-BR\" xml:lang=\"PT-BR\" data-contrast=\"auto\"><span class=\"NormalTextRun  BCX0 SCXW181863216\">n\u00edveis<\/span><\/span><span class=\"TextRun  BCX0 SCXW181863216\" lang=\"PT-BR\" xml:lang=\"PT-BR\" data-contrast=\"auto\"><span class=\"NormalTextRun  BCX0 SCXW181863216\">. A expectativa \u00e9 apoiar processos decis\u00f3rios de relev\u00e2ncia a partir de conte\u00fados em<\/span><\/span><span class=\"TextRun  BCX0 SCXW181863216\" lang=\"PT-BR\" xml:lang=\"PT-BR\" data-contrast=\"auto\"><span class=\"NormalTextRun  BCX0 SCXW181863216\">\u00a0publica\u00e7\u00f5es cient\u00edficas, estudos t\u00e9cnicos, boletins e eventos de interesse econ\u00f4mico para as regi\u00f5es flumi<\/span><\/span><span class=\"TextRun  BCX0 SCXW181863216\" lang=\"PT-BR\" xml:lang=\"PT-BR\" data-contrast=\"auto\"><span class=\"NormalTextRun  BCX0 SCXW181863216\">n<\/span><\/span><span class=\"TextRun  BCX0 SCXW181863216\" lang=\"PT-BR\" xml:lang=\"PT-BR\" data-contrast=\"auto\"><span class=\"NormalTextRun  BCX0 SCXW181863216\">en<\/span><\/span><span class=\"TextRun  BCX0 SCXW181863216\" lang=\"PT-BR\" xml:lang=\"PT-BR\" data-contrast=\"auto\"><span class=\"NormalTextRun  BCX0 SCXW181863216\">s<\/span><\/span><span class=\"TextRun  BCX0 SCXW181863216\" lang=\"PT-BR\" xml:lang=\"PT-BR\" data-contrast=\"auto\"><span class=\"NormalTextRun  BCX0 SCXW181863216\">es<\/span><\/span><span class=\"TextRun  BCX0 SCXW181863216\" lang=\"PT-BR\" xml:lang=\"PT-BR\" data-contrast=\"auto\"><span class=\"NormalTextRun  BCX0 SCXW181863216\">.<\/span><\/span><span class=\"EOP  BCX0 SCXW181863216\" data-ccp-props=\"{&quot;201341983&quot;:0,&quot;335551550&quot;:6,&quot;335551620&quot;:6,&quot;335559739&quot;:160,&quot;335559740&quot;:360}\">\u00a0<\/span><\/p>\n","protected":false},"excerpt":{"rendered":"<p>Contribuir no processo de\u00a0amplia\u00e7\u00e3o do conhecimento sobre a economia do estado do Rio de Janeiro, disponibilizando dados e informa\u00e7\u00f5es em\u00a0diferentes\u00a0n\u00edveis&#8230;.<\/p>\n","protected":false},"author":26,"featured_media":0,"parent":0,"menu_order":2,"comment_status":"closed","ping_status":"closed","template":"","meta":{"footnotes":""},"class_list":["post-35","page","type-page","status-publish","hentry"],"_links":{"self":[{"href":"https:\/\/uenf.br\/projetos\/nuperj\/wp-json\/wp\/v2\/pages\/35","targetHints":{"allow":["GET"]}}],"collection":[{"href":"https:\/\/uenf.br\/projetos\/nuperj\/wp-json\/wp\/v2\/pages"}],"about":[{"href":"https:\/\/uenf.br\/projetos\/nuperj\/wp-json\/wp\/v2\/types\/page"}],"author":[{"embeddable":true,"href":"https:\/\/uenf.br\/projetos\/nuperj\/wp-json\/wp\/v2\/users\/26"}],"replies":[{"embeddable":true,"href":"https:\/\/uenf.br\/projetos\/nuperj\/wp-json\/wp\/v2\/comments?post=35"}],"version-history":[{"count":0,"href":"https:\/\/uenf.br\/projetos\/nuperj\/wp-json\/wp\/v2\/pages\/35\/revisions"}],"wp:attachment":[{"href":"https:\/\/uenf.br\/projetos\/nuperj\/wp-json\/wp\/v2\/media?parent=35"}],"curies":[{"name":"wp","href":"https:\/\/api.w.org\/{rel}","templated":true}]}}