{"id":37,"date":"2019-10-25T00:32:33","date_gmt":"2019-10-25T03:32:33","guid":{"rendered":"http:\/\/uenf.br\/projetos\/nuperj\/?page_id=37"},"modified":"2023-11-23T12:23:50","modified_gmt":"2023-11-23T15:23:50","slug":"estrutura-organizacional","status":"publish","type":"page","link":"https:\/\/uenf.br\/projetos\/nuperj\/estrutura-organizacional\/","title":{"rendered":"Estrutura Organizacional"},"content":{"rendered":"<p><strong>Diretor Cient\u00edfico:<\/strong> Professor Alcimar das Chagas Ribeiro, economista, mestrado e doutorado em Engenharia de Produ\u00e7\u00e3o e p\u00f3s doutorado em Economia.<\/p>\n<hr \/>\n<p><strong>Pesquisadores:<\/strong><\/p>\n<ul>\n<li><strong>Professor Doutor Alcimar das Chagas Ribeiro<\/strong> (alcimar@uenf.br)<\/li>\n<\/ul>\n<p>Universidade Estadual do Norte Fluminense Darcy Ribeiro \u2013 UENF.<\/p>\n<p><strong>\u00c1rea de interesse:<\/strong> desenvolvimento econ\u00f4mico, desenvolvimento urbano e regional, economia pol\u00edtica regional, inova\u00e7\u00e3o, capital social e sistema de aglomera\u00e7\u00e3o produtiva territorial.<\/p>\n<hr \/>\n<ul>\n<li><strong>Professor Doutor Jos\u00e9 Arica Chavez<\/strong> (arica@uenf.br)<\/li>\n<\/ul>\n<p>Universidade Estadual do Norte Fluminense Darcy Ribeiro \u2013 UENF.<\/p>\n<p><strong>\u00c1rea de interesse:<\/strong> programa\u00e7\u00e3o matem\u00e1tica, pesquisa operacional, estat\u00edstica, desenvolvimento regional e territorial.<\/p>\n<hr \/>\n<ul>\n<li><strong>Professora Doutora Lia Hasenclever<\/strong> (lia@ie.ufrj.br)<\/li>\n<\/ul>\n<p>Pesquisadora do Grupo de Economia da Inova\u00e7\u00e3o do Instituto de Economia da Universidade Federal do Rio de Janeiro (GEI\/IE\/UFRJ) e Professora do Programa de P\u00f3s-Gradua\u00e7\u00e3o Planejamento Regional e Gest\u00e3o da Cidade da Universidade C\u00e2ndido Mendes de Campos dos Goytacazes (UCAM \u2013 Campos)<\/p>\n<p><strong>\u00c1rea de interesse:<\/strong> Economia Industrial e da Inova\u00e7\u00e3o; Desenvolvimento Local e Regional; Pol\u00edticas P\u00fablicas.<\/p>\n<hr \/>\n<ul>\n<li><strong>Professor Doutor Luiz Fernando Rosa Mendes<\/strong> (lfmendes@iff.edu.br)<\/li>\n<\/ul>\n<p>Pesquisador do grupo de Energia Fotovoltaica &#8211; GPAFv<\/p>\n<p>Instituto Federal Fluminense \u2013 IFF &#8211; Campos dos Goytacazes \u2013 RJ.<\/p>\n<p><strong>\u00c1rea de interesse:<\/strong> Energia, Meio Ambiente e Desenvolvimento, Fontes Renov\u00e1veis de Energia, Energia solar fotovoltaica e Gera\u00e7\u00e3o Distribu\u00edda, com foco no estado do Rio de Janeiro.<\/p>\n<hr \/>\n<ul>\n<li><strong>Professor Mestre Claudio Carvalho Marouvo<\/strong> (cmarouvo@hotmail.com)<\/li>\n<\/ul>\n<p>Professor pesquisador do Instituto Brasileiro de Medicina de Reabilita\u00e7\u00e3o -IBMR \u2013 Rio de Janeiro \u2013 RJ.<\/p>\n<p><strong>\u00c1rea de interesse:<\/strong> Consultoria Econ\u00f4mica e Financeira, com experi\u00eancia nas \u00e1reas de administra\u00e7\u00e3o, Finan\u00e7as e Mercado de Capitais.<\/p>\n","protected":false},"excerpt":{"rendered":"<p>Diretor Cient\u00edfico: Professor Alcimar das Chagas Ribeiro, economista, mestrado e doutorado em Engenharia de Produ\u00e7\u00e3o e p\u00f3s doutorado em Economia&#8230;.<\/p>\n","protected":false},"author":26,"featured_media":0,"parent":0,"menu_order":3,"comment_status":"closed","ping_status":"closed","template":"","meta":{"footnotes":""},"class_list":["post-37","page","type-page","status-publish","hentry"],"_links":{"self":[{"href":"https:\/\/uenf.br\/projetos\/nuperj\/wp-json\/wp\/v2\/pages\/37","targetHints":{"allow":["GET"]}}],"collection":[{"href":"https:\/\/uenf.br\/projetos\/nuperj\/wp-json\/wp\/v2\/pages"}],"about":[{"href":"https:\/\/uenf.br\/projetos\/nuperj\/wp-json\/wp\/v2\/types\/page"}],"author":[{"embeddable":true,"href":"https:\/\/uenf.br\/projetos\/nuperj\/wp-json\/wp\/v2\/users\/26"}],"replies":[{"embeddable":true,"href":"https:\/\/uenf.br\/projetos\/nuperj\/wp-json\/wp\/v2\/comments?post=37"}],"version-history":[{"count":0,"href":"https:\/\/uenf.br\/projetos\/nuperj\/wp-json\/wp\/v2\/pages\/37\/revisions"}],"wp:attachment":[{"href":"https:\/\/uenf.br\/projetos\/nuperj\/wp-json\/wp\/v2\/media?parent=37"}],"curies":[{"name":"wp","href":"https:\/\/api.w.org\/{rel}","templated":true}]}}