{"id":47,"date":"2019-10-25T00:47:49","date_gmt":"2019-10-25T03:47:49","guid":{"rendered":"http:\/\/uenf.br\/projetos\/nuperj\/?page_id=47"},"modified":"2024-10-31T12:12:03","modified_gmt":"2024-10-31T15:12:03","slug":"artigos-cientificos","status":"publish","type":"page","link":"https:\/\/uenf.br\/projetos\/nuperj\/publicacoes\/artigos-cientificos\/","title":{"rendered":"Artigos Cient\u00edficos"},"content":{"rendered":"<blockquote><p><a href=\"https:\/\/journals.openedition.org\/espacoeconomia\/28213#tocto1n3\"><strong>Competitividade, produtividade e emprego industrial fluminense: uma an\u00e1lise do per\u00edodo 2001-2021<\/strong><\/a><\/p><\/blockquote>\n<p>Autores: Alcimar das Chagas Ribeiro e William Passos<\/p>\n<p>Publicado originalmente em: Espa\u00e7o e Economia, v. 13, n. 27, 2024. Dispon\u00edvel em: http:\/\/journals.openedition.org\/espacoeconomia\/28213; DOI: https:\/\/doi.org\/10.4000\/12ge4<\/p>\n<p>&nbsp;<\/p>\n<blockquote><p><a href=\"https:\/\/boletimpetroleoroyaltieseregiao.ucam-campos.br\/index.php\/bprr\/article\/view\/177\/151\"><strong>A crise econ\u00f4mica do estado do Rio de Janeiro e os poss\u00edveis caminhos de concerta\u00e7\u00e3o<\/strong><\/a><\/p><\/blockquote>\n<p>Autores: Alcimar das Chagas Ribeiro e Jos\u00e9 Alves de Azevedo Neto<\/p>\n<p>Publicado originalmente em: Boletim Petr\u00f3leo, Royalties &amp; Regi\u00e3o, Campos dos Goytacazes-RJ, v. 23, n. 75, pp. 6-23, jan.\/jun. 2024.<\/p>\n<p>&nbsp;<\/p>\n<blockquote><p><a href=\"http:\/\/uenf.br\/publicacoes\/revista-de-extensao\/wp-content\/uploads\/sites\/4\/2024\/06\/e024004.pdf\"><strong>\u00cdndice Nuperj de Din\u00e2mica Econ\u00f4mica Local (Indel): ampliando alguns aspectos metodol\u00f3gicos discutidos em semin\u00e1rio<\/strong><\/a><\/p><\/blockquote>\n<p>Autores: Alcimar das Chagas Ribeiro e Francis Casagranda Zanella<\/p>\n<p>Publicado originalmente em: Revista de Extens\u00e3o Uenf, v. 9, n. 1, e024004, jan.\/dez. 2024.<\/p>\n<p>&nbsp;<\/p>\n<blockquote><p><a href=\"https:\/\/www.bnb.gov.br\/revista\/ren\/article\/view\/1463\"><em><strong>Uma discuss\u00e3o fundamental sobre a revitaliza\u00e7\u00e3o de campos de petr\u00f3leo maduros: o caso da Bacia de Campos no Brasil<\/strong><\/em><\/a><\/p><\/blockquote>\n<p>Autor: Alcimar das Chagas Ribeiro<\/p>\n<p>Publicado originalmente em: Revista Econ\u00f4mica do Nordeste, Fortaleza, v. 55, n. 1, pp. 107-18, jan.\/mar. 2024.<\/p>\n<p>&nbsp;<\/p>\n<blockquote><p><a href=\"https:\/\/uenf.br\/projetos\/nuperj\/files\/2024\/10\/9d974b_5fa00e9cdfd64130ae3042efe321406f.pdf\"><strong>Problematizando a gera\u00e7\u00e3o de renda e inova\u00e7\u00e3o do Porto do A\u00e7u, Brasil<\/strong><\/a><\/p><\/blockquote>\n<p>Autoria: Alcimar das Chagas Ribeiro e Renata L\u00e8bre La Rovere<\/p>\n<p>Publicado originalmente em: XX Congreso Latino-Iberoamericano de Gesti\u00f3n Tecnol\u00f3gica y de la Innovaci\u00f3n<br \/>\n&#8211; ALTEC 2023: \u201cLos desaf\u00edos de la ciencia, la tecnolog\u00eda y la innovaci\u00f3n en la transformaci\u00f3n digital\u201d \/ compilaci\u00f3n de ponencias. &#8211; 1ra ed. &#8211; Paran\u00e1: Asociaci\u00f3n Latino-Iberoamericana de Gesti\u00f3n Tecnol\u00f3gica y de la Innovaci\u00f3n<br \/>\n(ALTEC), 2023.<\/p>\n<p>&nbsp;<\/p>\n<blockquote><p><a href=\"https:\/\/www.e-publicacoes.uerj.br\/cdf\/article\/view\/74055\"><em><strong>Estrutura metodol\u00f3gica para a constru\u00e7\u00e3o de um \u00edndice de din\u00e2mica econ\u00f4mica local &#8211; INDEL<\/strong><\/em><\/a><\/p><\/blockquote>\n<p>Autor: Alcimar das Chagas Ribeiro<\/p>\n<p>Publicado originalmente em: Cadernos do Desenvolvimento Fluminense, n.25 (Edi\u00e7\u00e3o comemorativa aos seus 10 anos), pp. 41-63, jul.\/dez. 2023.<\/p>\n<p>&nbsp;<\/p>\n<blockquote><p><a href=\"https:\/\/uenf.br\/projetos\/nuperj\/files\/2024\/10\/Ribeiro-2022.-A-reestruturacao-produtiva-no-nivel-do-territorio.pdf\"><strong>A reestrutura\u00e7\u00e3o produtiva no n\u00edvel do territ\u00f3rio como instrumento para minimizar a desigualdade social no Brasil<\/strong><\/a><\/p><\/blockquote>\n<p>Autor: Alcimar das Chagas Ribeiro<\/p>\n<p>Publicado em: <span class=\"fontstyle0\">Pol\u00edtica Democr\u00e1tica \u2013 Revista de Pol\u00edtica e Cultura, Bras\u00edlia\/DF: Funda\u00e7\u00e3o Astrojildo Pereira,v. 22,\u00a0 n. 60, 2022.<\/span><\/p>\n<p>&nbsp;<\/p>\n<blockquote><p><a href=\"https:\/\/uenf.br\/projetos\/nuperj\/files\/2022\/07\/6-Investigacao-Sobre-o-Papel-das-Rendas-Petroliferas-na-Rota-de-Petroleo-da-Bacia-de-Campos-Rio-de-Janeiro-\u2013-Brasil.pdf\" target=\"_blank\" rel=\"noopener\"><strong><em>Investiga\u00e7\u00e3o Sobre o Papel das Rendas Petrol\u00edferas na Rota de Petr\u00f3leo da Bacia de Campos &#8211; Rio de Janeiro \u2013 Brasil<\/em><\/strong><\/a><\/p><\/blockquote>\n<p>Autor: Alcimar das Chagas Ribeiro<\/p>\n<p>Publicado originalmente em: Cadernos do Desenvolvimento Fluminense &#8211; Rio de Janeiro, n. 22, jan.\/jun. 2022.<\/p>\n<p>&nbsp;<\/p>\n<blockquote><p><a href=\"https:\/\/uenf.br\/projetos\/nuperj\/files\/2021\/07\/5-O-desenvolvimento-rural-sob-o-olhar-de-um-novo-paradigma.pdf\" target=\"_blank\" rel=\"noopener\"><em><strong>O Desenvolvimento Rural Sob o Olhar de Um Novo Paradigma: O Caso do Estado do Rio de Janeiro<\/strong><\/em><\/a><\/p><\/blockquote>\n<p>Autor: Alcimar das Chagas Ribeiro<\/p>\n<p>Publicado originalmente em: Cadernos do Desenvolvimento Fluminense, Rio de Janeiro, n. 19, jul.\/dez. 2020.<\/p>\n<p>&nbsp;<\/p>\n<blockquote><p><em><strong><a href=\"http:\/\/uenf.br\/projetos\/nuperj\/files\/2021\/01\/4-O-Papel-da-Moeda-Endogena-Pos-Keynesiana-no-Desenvolvimento-em-Contextos-Mesoeconomicos.pdf\" target=\"_blank\" rel=\"noopener noreferrer\">O Papel da Moeda End\u00f3gena P\u00f3s-Keynesiana no Desenvolvimento em Contextos Mesoecon\u00f4micos<\/a><\/strong><\/em><\/p><\/blockquote>\n<p>Autores: Alcimar das Chagas Ribeiro; Jos\u00e9 Arica Chavez; Lia Hasenclever<\/p>\n<p>Publicado originalmente em: Estudos de Administra\u00e7\u00e3o e Sociedade, v.5, n. 1, pp. 69-77, 2020.<\/p>\n<p>&nbsp;<\/p>\n<blockquote><p><strong><em><a href=\"http:\/\/uenf.br\/projetos\/nuperj\/files\/2019\/11\/3-Proelium-January-2019.pdf\" target=\"_blank\" rel=\"noopener noreferrer\">Absorptive capacity of positive externalities in the added value of Rio de Janeiro State<\/a><\/em><\/strong><\/p><\/blockquote>\n<p>Autores: Alcimar das Chagas Ribeiro; Thales Rodrigues de Carvalho<\/p>\n<p>Publicado originalmente em: Proelium, v. 8, n. 2, pp. 157-172, 2019.<\/p>\n<p>&nbsp;<\/p>\n<blockquote><p><strong><em><a href=\"http:\/\/uenf.br\/projetos\/nuperj\/files\/2019\/11\/2-Artigo-Produ\u00e7\u00e3o-Online.pdf\" target=\"_blank\" rel=\"noopener noreferrer\">Aplica\u00e7\u00e3o do postulado p\u00f3s-keynesiano no Estado do Rio de Janeiro atrav\u00e9s de uma an\u00e1lise de Cluster<\/a><\/em><\/strong><\/p><\/blockquote>\n<p>Autores: Daniel Ramos Meotte; Ma\u00e9rcio Pinto Baptista; Rafael da Silva Sanches; Alcimar das Chagas Ribeiro<\/p>\n<p>Publicado originalmente em: Revista Produ\u00e7\u00e3o Online, Florian\u00f3polis, SC, v. 19, n. 3, pp. 837-855, 2019<\/p>\n<p>&nbsp;<\/p>\n<blockquote><p><strong><em><a href=\"http:\/\/uenf.br\/projetos\/nuperj\/files\/2019\/11\/1-903-3077-1-PB-3.pdf\" target=\"_blank\" rel=\"noopener noreferrer\">Investiga\u00e7\u00e3o sobre a capacidade de absor\u00e7\u00e3o de externalidades positivas geradas por grandes projetos no Estado do Rio de Janeiro<\/a><\/em><\/strong><\/p><\/blockquote>\n<p>Autores: Alcimar das Chagas Ribeiro; Lia Hasenclever<\/p>\n<p>Publicado originalmente em: Revista Econ\u00f4mica do Nordeste, v. 50, n. 2, p. 133-145, 2019.<\/p>\n","protected":false},"excerpt":{"rendered":"<p>Competitividade, produtividade e emprego industrial fluminense: uma an\u00e1lise do per\u00edodo 2001-2021 Autores: Alcimar das Chagas Ribeiro e William Passos Publicado&#8230;<\/p>\n","protected":false},"author":26,"featured_media":0,"parent":39,"menu_order":1,"comment_status":"closed","ping_status":"closed","template":"","meta":{"footnotes":""},"class_list":["post-47","page","type-page","status-publish","hentry"],"_links":{"self":[{"href":"https:\/\/uenf.br\/projetos\/nuperj\/wp-json\/wp\/v2\/pages\/47","targetHints":{"allow":["GET"]}}],"collection":[{"href":"https:\/\/uenf.br\/projetos\/nuperj\/wp-json\/wp\/v2\/pages"}],"about":[{"href":"https:\/\/uenf.br\/projetos\/nuperj\/wp-json\/wp\/v2\/types\/page"}],"author":[{"embeddable":true,"href":"https:\/\/uenf.br\/projetos\/nuperj\/wp-json\/wp\/v2\/users\/26"}],"replies":[{"embeddable":true,"href":"https:\/\/uenf.br\/projetos\/nuperj\/wp-json\/wp\/v2\/comments?post=47"}],"version-history":[{"count":0,"href":"https:\/\/uenf.br\/projetos\/nuperj\/wp-json\/wp\/v2\/pages\/47\/revisions"}],"up":[{"embeddable":true,"href":"https:\/\/uenf.br\/projetos\/nuperj\/wp-json\/wp\/v2\/pages\/39"}],"wp:attachment":[{"href":"https:\/\/uenf.br\/projetos\/nuperj\/wp-json\/wp\/v2\/media?parent=47"}],"curies":[{"name":"wp","href":"https:\/\/api.w.org\/{rel}","templated":true}]}}