{"id":493,"date":"2021-09-27T16:39:50","date_gmt":"2021-09-27T19:39:50","guid":{"rendered":"https:\/\/uenf.br\/projetos\/nuperj\/?page_id=493"},"modified":"2022-08-03T22:44:26","modified_gmt":"2022-08-04T01:44:26","slug":"livros","status":"publish","type":"page","link":"https:\/\/uenf.br\/projetos\/nuperj\/publicacoes\/livros\/","title":{"rendered":"Livros"},"content":{"rendered":"<div id=\"attachment_602\" style=\"width: 354px\" class=\"wp-caption alignnone\"><a href=\"https:\/\/uenf.br\/projetos\/nuperj\/files\/2022\/08\/Retomada-do-Desenvolvimento-paginas-removidas.pdf\" target=\"_blank\" rel=\"noopener\"><img loading=\"lazy\" decoding=\"async\" aria-describedby=\"caption-attachment-602\" class=\"wp-image-602\" src=\"https:\/\/uenf.br\/projetos\/nuperj\/files\/2022\/08\/Retomada-do-desenvolvimento-FAP-1.jpg\" alt=\"\" width=\"344\" height=\"518\" srcset=\"https:\/\/uenf.br\/projetos\/nuperj\/files\/2022\/08\/Retomada-do-desenvolvimento-FAP-1.jpg 1793w, https:\/\/uenf.br\/projetos\/nuperj\/files\/2022\/08\/Retomada-do-desenvolvimento-FAP-1-199x300.jpg 199w, https:\/\/uenf.br\/projetos\/nuperj\/files\/2022\/08\/Retomada-do-desenvolvimento-FAP-1-680x1024.jpg 680w, https:\/\/uenf.br\/projetos\/nuperj\/files\/2022\/08\/Retomada-do-desenvolvimento-FAP-1-768x1156.jpg 768w, https:\/\/uenf.br\/projetos\/nuperj\/files\/2022\/08\/Retomada-do-desenvolvimento-FAP-1-1020x1536.jpg 1020w, https:\/\/uenf.br\/projetos\/nuperj\/files\/2022\/08\/Retomada-do-desenvolvimento-FAP-1-1360x2048.jpg 1360w\" sizes=\"auto, (max-width: 344px) 100vw, 344px\" \/><\/a><p id=\"caption-attachment-602\" class=\"wp-caption-text\"><strong><span style=\"color: #3366ff\">Retomada do Desenvolvimento: Reflex\u00f5es econ\u00f4micas para um modelo de crescimento com inclus\u00e3o social<\/span><\/strong><span style=\"color: #000000\">;<\/span> Autor: <span style=\"color: #000000\"><strong>colet\u00e2nea de autores<\/strong><\/span><\/p><\/div>\n<p>&nbsp;<\/p>\n<div id=\"attachment_495\" style=\"width: 355px\" class=\"wp-caption alignleft\"><a href=\"https:\/\/uenf.br\/projetos\/nuperj\/files\/2021\/09\/A-Economia-Norte-Fluminense.pdf\" target=\"_blank\" rel=\"noopener\"><img loading=\"lazy\" decoding=\"async\" aria-describedby=\"caption-attachment-495\" class=\"wp-image-495\" src=\"https:\/\/uenf.br\/projetos\/nuperj\/files\/2021\/09\/Capa-Aumentada.jpg\" alt=\"\" width=\"345\" height=\"491\" srcset=\"https:\/\/uenf.br\/projetos\/nuperj\/files\/2021\/09\/Capa-Aumentada.jpg 562w, https:\/\/uenf.br\/projetos\/nuperj\/files\/2021\/09\/Capa-Aumentada-211x300.jpg 211w\" sizes=\"auto, (max-width: 345px) 100vw, 345px\" \/><\/a><p id=\"caption-attachment-495\" class=\"wp-caption-text\"><span style=\"color: #3366ff\"><strong>A Economia Norte Fluminense: An\u00e1lise da Conjuntura e Perspectivas<\/strong><\/span><span style=\"color: #000000\">;<\/span> Autor: <span style=\"color: #000000\"><strong>Alcimar das Chagas Ribeiro<\/strong><\/span><\/p><\/div>\n","protected":false},"excerpt":{"rendered":"<p>&nbsp;<\/p>\n","protected":false},"author":26,"featured_media":0,"parent":39,"menu_order":0,"comment_status":"closed","ping_status":"closed","template":"","meta":{"footnotes":""},"class_list":["post-493","page","type-page","status-publish","hentry"],"_links":{"self":[{"href":"https:\/\/uenf.br\/projetos\/nuperj\/wp-json\/wp\/v2\/pages\/493","targetHints":{"allow":["GET"]}}],"collection":[{"href":"https:\/\/uenf.br\/projetos\/nuperj\/wp-json\/wp\/v2\/pages"}],"about":[{"href":"https:\/\/uenf.br\/projetos\/nuperj\/wp-json\/wp\/v2\/types\/page"}],"author":[{"embeddable":true,"href":"https:\/\/uenf.br\/projetos\/nuperj\/wp-json\/wp\/v2\/users\/26"}],"replies":[{"embeddable":true,"href":"https:\/\/uenf.br\/projetos\/nuperj\/wp-json\/wp\/v2\/comments?post=493"}],"version-history":[{"count":0,"href":"https:\/\/uenf.br\/projetos\/nuperj\/wp-json\/wp\/v2\/pages\/493\/revisions"}],"up":[{"embeddable":true,"href":"https:\/\/uenf.br\/projetos\/nuperj\/wp-json\/wp\/v2\/pages\/39"}],"wp:attachment":[{"href":"https:\/\/uenf.br\/projetos\/nuperj\/wp-json\/wp\/v2\/media?parent=493"}],"curies":[{"name":"wp","href":"https:\/\/api.w.org\/{rel}","templated":true}]}}