{"id":60,"date":"2019-10-31T00:12:01","date_gmt":"2019-10-31T03:12:01","guid":{"rendered":"http:\/\/uenf.br\/projetos\/nuperj\/?page_id=60"},"modified":"2025-09-11T11:27:04","modified_gmt":"2025-09-11T14:27:04","slug":"seminarios","status":"publish","type":"page","link":"https:\/\/uenf.br\/projetos\/nuperj\/eventos\/seminarios\/","title":{"rendered":"Semin\u00e1rios"},"content":{"rendered":"<p>&nbsp;<\/p>\n<p><img loading=\"lazy\" decoding=\"async\" class=\"alignleft size-medium wp-image-1174\" src=\"https:\/\/uenf.br\/projetos\/nuperj\/files\/2025\/05\/indel-05-300x200.jpg\" alt=\"\" width=\"300\" height=\"200\" srcset=\"https:\/\/uenf.br\/projetos\/nuperj\/files\/2025\/05\/indel-05-300x200.jpg 300w, https:\/\/uenf.br\/projetos\/nuperj\/files\/2025\/05\/indel-05-1024x683.jpg 1024w, https:\/\/uenf.br\/projetos\/nuperj\/files\/2025\/05\/indel-05-768x512.jpg 768w, https:\/\/uenf.br\/projetos\/nuperj\/files\/2025\/05\/indel-05.jpg 1080w\" sizes=\"auto, (max-width: 300px) 100vw, 300px\" \/> <img loading=\"lazy\" decoding=\"async\" class=\"alignleft size-medium wp-image-1175\" src=\"https:\/\/uenf.br\/projetos\/nuperj\/files\/2025\/05\/indel-06-300x200.jpg\" alt=\"\" width=\"300\" height=\"200\" srcset=\"https:\/\/uenf.br\/projetos\/nuperj\/files\/2025\/05\/indel-06-300x200.jpg 300w, https:\/\/uenf.br\/projetos\/nuperj\/files\/2025\/05\/indel-06-1024x683.jpg 1024w, https:\/\/uenf.br\/projetos\/nuperj\/files\/2025\/05\/indel-06-768x512.jpg 768w, https:\/\/uenf.br\/projetos\/nuperj\/files\/2025\/05\/indel-06.jpg 1080w\" sizes=\"auto, (max-width: 300px) 100vw, 300px\" \/> <img loading=\"lazy\" decoding=\"async\" class=\"alignleft size-medium wp-image-1176\" src=\"https:\/\/uenf.br\/projetos\/nuperj\/files\/2025\/05\/indel-07-300x200.jpg\" alt=\"\" width=\"300\" height=\"200\" srcset=\"https:\/\/uenf.br\/projetos\/nuperj\/files\/2025\/05\/indel-07-300x200.jpg 300w, https:\/\/uenf.br\/projetos\/nuperj\/files\/2025\/05\/indel-07-1024x683.jpg 1024w, https:\/\/uenf.br\/projetos\/nuperj\/files\/2025\/05\/indel-07-768x512.jpg 768w, https:\/\/uenf.br\/projetos\/nuperj\/files\/2025\/05\/indel-07.jpg 1080w\" sizes=\"auto, (max-width: 300px) 100vw, 300px\" \/><img loading=\"lazy\" decoding=\"async\" class=\"alignleft size-medium wp-image-1177\" src=\"https:\/\/uenf.br\/projetos\/nuperj\/files\/2025\/05\/indel-03-300x200.jpg\" alt=\"\" width=\"300\" height=\"200\" srcset=\"https:\/\/uenf.br\/projetos\/nuperj\/files\/2025\/05\/indel-03-300x200.jpg 300w, https:\/\/uenf.br\/projetos\/nuperj\/files\/2025\/05\/indel-03-1024x683.jpg 1024w, https:\/\/uenf.br\/projetos\/nuperj\/files\/2025\/05\/indel-03-768x512.jpg 768w, https:\/\/uenf.br\/projetos\/nuperj\/files\/2025\/05\/indel-03.jpg 1080w\" sizes=\"auto, (max-width: 300px) 100vw, 300px\" \/><\/p>\n<div class=\"mceTemp\"><\/div>\n<p>&nbsp;<\/p>\n<p>&nbsp;<\/p>\n<p>&nbsp;<\/p>\n<p>&nbsp;<\/p>\n<p>&nbsp;<\/p>\n<p>&nbsp;<\/p>\n<p>&nbsp;<\/p>\n<p>&nbsp;<\/p>\n<p>&nbsp;<\/p>\n<div class=\"video-container\"><iframe loading=\"lazy\" title=\"Semin\u00e1rio de apresenta\u00e7\u00e3o do Indel - 2025 \u2010 Nuperj\/Uenf\" width=\"500\" height=\"281\" src=\"https:\/\/www.youtube.com\/embed\/7JxF4MTgAqE?feature=oembed\" frameborder=\"0\" allow=\"accelerometer; autoplay; clipboard-write; encrypted-media; gyroscope; picture-in-picture; web-share\" referrerpolicy=\"strict-origin-when-cross-origin\" allowfullscreen><\/iframe><\/div>\n<p>&nbsp;<\/p>\n<p>Semin\u00e1rio de apresenta\u00e7\u00e3o e discuss\u00e3o dos resultados do \u00cdndice de Din\u00e2mica Econ\u00f4mica Local (Indel) referentes ao ano de 2019 a 2023, realizado no Anfiteatro 1 do Centro de Conven\u00e7\u00f5es da UENF, em 6 de maio de 2025. Fotos: Ascom Uenf.<\/p>\n<p>&nbsp;<\/p>\n<p>&nbsp;<\/p>\n<hr \/>\n\n\t\t<style>\n\t\t\t#gallery-1 {\n\t\t\t\tmargin: auto;\n\t\t\t}\n\t\t\t#gallery-1 .gallery-item {\n\t\t\t\tfloat: left;\n\t\t\t\tmargin-top: 10px;\n\t\t\t\ttext-align: center;\n\t\t\t\twidth: 33%;\n\t\t\t}\n\t\t\t#gallery-1 img {\n\t\t\t\tborder: 2px solid #cfcfcf;\n\t\t\t}\n\t\t\t#gallery-1 .gallery-caption {\n\t\t\t\tmargin-left: 0;\n\t\t\t}\n\t\t\t\/* see gallery_shortcode() in wp-includes\/media.php *\/\n\t\t<\/style>\n\t\t<div id='gallery-1' class='gallery galleryid-60 gallery-columns-3 gallery-size-medium'><dl class='gallery-item'>\n\t\t\t<dt class='gallery-icon landscape'>\n\t\t\t\t<a href='https:\/\/uenf.br\/projetos\/nuperj\/noticias\/whatsapp-image-2024-04-24-at-21-50-09c\/'><img decoding=\"async\" width=\"300\" height=\"225\" src=\"https:\/\/uenf.br\/projetos\/nuperj\/files\/2024\/05\/WhatsApp-Image-2024-04-24-at-21.50.09c-300x225.jpeg\" class=\"attachment-medium size-medium\" alt=\"\" srcset=\"https:\/\/uenf.br\/projetos\/nuperj\/files\/2024\/05\/WhatsApp-Image-2024-04-24-at-21.50.09c-300x225.jpeg 300w, https:\/\/uenf.br\/projetos\/nuperj\/files\/2024\/05\/WhatsApp-Image-2024-04-24-at-21.50.09c-1024x768.jpeg 1024w, https:\/\/uenf.br\/projetos\/nuperj\/files\/2024\/05\/WhatsApp-Image-2024-04-24-at-21.50.09c-768x576.jpeg 768w, https:\/\/uenf.br\/projetos\/nuperj\/files\/2024\/05\/WhatsApp-Image-2024-04-24-at-21.50.09c-1536x1152.jpeg 1536w, https:\/\/uenf.br\/projetos\/nuperj\/files\/2024\/05\/WhatsApp-Image-2024-04-24-at-21.50.09c.jpeg 1600w\" sizes=\"auto, (max-width: 300px) 100vw, 300px\" loading=\"lazy\" \/><\/a>\n\t\t\t<\/dt><\/dl><dl class='gallery-item'>\n\t\t\t<dt class='gallery-icon landscape'>\n\t\t\t\t<a href='https:\/\/uenf.br\/projetos\/nuperj\/noticias\/whatsapp-image-2024-04-24-at-21-50-09b\/'><img decoding=\"async\" width=\"300\" height=\"225\" src=\"https:\/\/uenf.br\/projetos\/nuperj\/files\/2024\/05\/WhatsApp-Image-2024-04-24-at-21.50.09b-300x225.jpeg\" class=\"attachment-medium size-medium\" alt=\"\" srcset=\"https:\/\/uenf.br\/projetos\/nuperj\/files\/2024\/05\/WhatsApp-Image-2024-04-24-at-21.50.09b-300x225.jpeg 300w, https:\/\/uenf.br\/projetos\/nuperj\/files\/2024\/05\/WhatsApp-Image-2024-04-24-at-21.50.09b-1024x768.jpeg 1024w, https:\/\/uenf.br\/projetos\/nuperj\/files\/2024\/05\/WhatsApp-Image-2024-04-24-at-21.50.09b-768x576.jpeg 768w, https:\/\/uenf.br\/projetos\/nuperj\/files\/2024\/05\/WhatsApp-Image-2024-04-24-at-21.50.09b-1536x1152.jpeg 1536w, https:\/\/uenf.br\/projetos\/nuperj\/files\/2024\/05\/WhatsApp-Image-2024-04-24-at-21.50.09b.jpeg 1600w\" sizes=\"auto, (max-width: 300px) 100vw, 300px\" loading=\"lazy\" \/><\/a>\n\t\t\t<\/dt><\/dl><dl class='gallery-item'>\n\t\t\t<dt class='gallery-icon landscape'>\n\t\t\t\t<a href='https:\/\/uenf.br\/projetos\/nuperj\/noticias\/whatsapp-image-2024-04-24-at-21-50-11g\/'><img decoding=\"async\" width=\"300\" height=\"225\" src=\"https:\/\/uenf.br\/projetos\/nuperj\/files\/2024\/05\/WhatsApp-Image-2024-04-24-at-21.50.11g-300x225.jpeg\" class=\"attachment-medium size-medium\" alt=\"\" srcset=\"https:\/\/uenf.br\/projetos\/nuperj\/files\/2024\/05\/WhatsApp-Image-2024-04-24-at-21.50.11g-300x225.jpeg 300w, https:\/\/uenf.br\/projetos\/nuperj\/files\/2024\/05\/WhatsApp-Image-2024-04-24-at-21.50.11g-1024x768.jpeg 1024w, https:\/\/uenf.br\/projetos\/nuperj\/files\/2024\/05\/WhatsApp-Image-2024-04-24-at-21.50.11g-768x576.jpeg 768w, https:\/\/uenf.br\/projetos\/nuperj\/files\/2024\/05\/WhatsApp-Image-2024-04-24-at-21.50.11g-1536x1152.jpeg 1536w, https:\/\/uenf.br\/projetos\/nuperj\/files\/2024\/05\/WhatsApp-Image-2024-04-24-at-21.50.11g.jpeg 1600w\" sizes=\"auto, (max-width: 300px) 100vw, 300px\" loading=\"lazy\" \/><\/a>\n\t\t\t<\/dt><\/dl><br style=\"clear: both\" \/><dl class='gallery-item'>\n\t\t\t<dt class='gallery-icon landscape'>\n\t\t\t\t<a href='https:\/\/uenf.br\/projetos\/nuperj\/img_1300-1536x1007\/'><img decoding=\"async\" width=\"300\" height=\"197\" src=\"https:\/\/uenf.br\/projetos\/nuperj\/files\/2024\/04\/IMG_1300-1536x1007-1-300x197.png\" class=\"attachment-medium size-medium\" alt=\"A reitora da UENF, Rosana Rodrigues, abriu o evento ao lado do coordenador do NUPERJ, Alcimar Chagas Ribeiro\" srcset=\"https:\/\/uenf.br\/projetos\/nuperj\/files\/2024\/04\/IMG_1300-1536x1007-1-300x197.png 300w, https:\/\/uenf.br\/projetos\/nuperj\/files\/2024\/04\/IMG_1300-1536x1007-1-1024x671.png 1024w, https:\/\/uenf.br\/projetos\/nuperj\/files\/2024\/04\/IMG_1300-1536x1007-1-768x504.png 768w, https:\/\/uenf.br\/projetos\/nuperj\/files\/2024\/04\/IMG_1300-1536x1007-1.png 1536w\" sizes=\"auto, (max-width: 300px) 100vw, 300px\" loading=\"lazy\" \/><\/a>\n\t\t\t<\/dt><\/dl>\n\t\t\t<br style='clear: both' \/>\n\t\t<\/div>\n\n<div class=\"video-container\"><iframe loading=\"lazy\" title=\"Semin\u00e1rio de apresenta\u00e7\u00e3o do Indel - 2024 \u2010 Nuperj\/Uenf\" width=\"500\" height=\"281\" src=\"https:\/\/www.youtube.com\/embed\/TQima7AL6Jc?feature=oembed\" frameborder=\"0\" allow=\"accelerometer; autoplay; clipboard-write; encrypted-media; gyroscope; picture-in-picture; web-share\" referrerpolicy=\"strict-origin-when-cross-origin\" allowfullscreen><\/iframe><\/div>\n<p>Semin\u00e1rio para apresenta\u00e7\u00e3o e discuss\u00e3o dos resultados do \u00cdndice de Din\u00e2mica Econ\u00f4mica Local (Indel) referentes ao ano de 2022, realizado no audit\u00f3rio do pr\u00e9dio P5, na UENF, em 10 de abril de 2024.<\/p>\n<p>&nbsp;<\/p>\n<hr \/>\n\n\t\t<style>\n\t\t\t#gallery-2 {\n\t\t\t\tmargin: auto;\n\t\t\t}\n\t\t\t#gallery-2 .gallery-item {\n\t\t\t\tfloat: left;\n\t\t\t\tmargin-top: 10px;\n\t\t\t\ttext-align: center;\n\t\t\t\twidth: 33%;\n\t\t\t}\n\t\t\t#gallery-2 img {\n\t\t\t\tborder: 2px solid #cfcfcf;\n\t\t\t}\n\t\t\t#gallery-2 .gallery-caption {\n\t\t\t\tmargin-left: 0;\n\t\t\t}\n\t\t\t\/* see gallery_shortcode() in wp-includes\/media.php *\/\n\t\t<\/style>\n\t\t<div id='gallery-2' class='gallery galleryid-60 gallery-columns-3 gallery-size-medium'><dl class='gallery-item'>\n\t\t\t<dt class='gallery-icon landscape'>\n\t\t\t\t<a href='https:\/\/uenf.br\/projetos\/nuperj\/?attachment_id=888'><img decoding=\"async\" width=\"300\" height=\"200\" src=\"https:\/\/uenf.br\/projetos\/nuperj\/files\/2023\/11\/nuperj3-1024x682-1-300x200.jpg\" class=\"attachment-medium size-medium\" alt=\"\" srcset=\"https:\/\/uenf.br\/projetos\/nuperj\/files\/2023\/11\/nuperj3-1024x682-1-300x200.jpg 300w, https:\/\/uenf.br\/projetos\/nuperj\/files\/2023\/11\/nuperj3-1024x682-1-768x512.jpg 768w, https:\/\/uenf.br\/projetos\/nuperj\/files\/2023\/11\/nuperj3-1024x682-1.jpg 1024w\" sizes=\"auto, (max-width: 300px) 100vw, 300px\" loading=\"lazy\" \/><\/a>\n\t\t\t<\/dt><\/dl><dl class='gallery-item'>\n\t\t\t<dt class='gallery-icon landscape'>\n\t\t\t\t<a href='https:\/\/uenf.br\/projetos\/nuperj\/?attachment_id=889'><img decoding=\"async\" width=\"300\" height=\"200\" src=\"https:\/\/uenf.br\/projetos\/nuperj\/files\/2023\/11\/nuperj5-1024x683-1-300x200.jpg\" class=\"attachment-medium size-medium\" alt=\"\" srcset=\"https:\/\/uenf.br\/projetos\/nuperj\/files\/2023\/11\/nuperj5-1024x683-1-300x200.jpg 300w, https:\/\/uenf.br\/projetos\/nuperj\/files\/2023\/11\/nuperj5-1024x683-1-768x512.jpg 768w, https:\/\/uenf.br\/projetos\/nuperj\/files\/2023\/11\/nuperj5-1024x683-1.jpg 1024w\" sizes=\"auto, (max-width: 300px) 100vw, 300px\" loading=\"lazy\" \/><\/a>\n\t\t\t<\/dt><\/dl><dl class='gallery-item'>\n\t\t\t<dt class='gallery-icon landscape'>\n\t\t\t\t<a href='https:\/\/uenf.br\/projetos\/nuperj\/?attachment_id=886'><img decoding=\"async\" width=\"300\" height=\"200\" src=\"https:\/\/uenf.br\/projetos\/nuperj\/files\/2023\/11\/nuperj1-1024x682-1-300x200.jpg\" class=\"attachment-medium size-medium\" alt=\"\" srcset=\"https:\/\/uenf.br\/projetos\/nuperj\/files\/2023\/11\/nuperj1-1024x682-1-300x200.jpg 300w, https:\/\/uenf.br\/projetos\/nuperj\/files\/2023\/11\/nuperj1-1024x682-1-768x512.jpg 768w, https:\/\/uenf.br\/projetos\/nuperj\/files\/2023\/11\/nuperj1-1024x682-1.jpg 1024w\" sizes=\"auto, (max-width: 300px) 100vw, 300px\" loading=\"lazy\" \/><\/a>\n\t\t\t<\/dt><\/dl><br style=\"clear: both\" \/><dl class='gallery-item'>\n\t\t\t<dt class='gallery-icon landscape'>\n\t\t\t\t<a href='https:\/\/uenf.br\/projetos\/nuperj\/?attachment_id=887'><img decoding=\"async\" width=\"300\" height=\"200\" src=\"https:\/\/uenf.br\/projetos\/nuperj\/files\/2023\/11\/nuperj2-1024x682-1-300x200.jpg\" class=\"attachment-medium size-medium\" alt=\"\" srcset=\"https:\/\/uenf.br\/projetos\/nuperj\/files\/2023\/11\/nuperj2-1024x682-1-300x200.jpg 300w, https:\/\/uenf.br\/projetos\/nuperj\/files\/2023\/11\/nuperj2-1024x682-1-768x512.jpg 768w, https:\/\/uenf.br\/projetos\/nuperj\/files\/2023\/11\/nuperj2-1024x682-1.jpg 1024w\" sizes=\"auto, (max-width: 300px) 100vw, 300px\" loading=\"lazy\" \/><\/a>\n\t\t\t<\/dt><\/dl>\n\t\t\t<br style='clear: both' \/>\n\t\t<\/div>\n\n<div class=\"video-container\"><iframe loading=\"lazy\" title=\"Semin\u00e1rio do Nuperj de apresenta\u00e7\u00e3o do INDEL - 2023\" width=\"500\" height=\"281\" src=\"https:\/\/www.youtube.com\/embed\/h61blPw3jds?feature=oembed\" frameborder=\"0\" allow=\"accelerometer; autoplay; clipboard-write; encrypted-media; gyroscope; picture-in-picture; web-share\" referrerpolicy=\"strict-origin-when-cross-origin\" allowfullscreen><\/iframe><\/div>\n<p>Semin\u00e1rio para apresenta\u00e7\u00e3o e discuss\u00e3o dos primeiros resultados do \u00cdndice de Din\u00e2mica Econ\u00f4mica Local (Indel), realizado no audit\u00f3rio do pr\u00e9dio P5, na UENF, em 3 de julho de 2023.<\/p>\n<p>&nbsp;<\/p>\n<hr \/>\n\n\t\t<style>\n\t\t\t#gallery-3 {\n\t\t\t\tmargin: auto;\n\t\t\t}\n\t\t\t#gallery-3 .gallery-item {\n\t\t\t\tfloat: left;\n\t\t\t\tmargin-top: 10px;\n\t\t\t\ttext-align: center;\n\t\t\t\twidth: 33%;\n\t\t\t}\n\t\t\t#gallery-3 img {\n\t\t\t\tborder: 2px solid #cfcfcf;\n\t\t\t}\n\t\t\t#gallery-3 .gallery-caption {\n\t\t\t\tmargin-left: 0;\n\t\t\t}\n\t\t\t\/* see gallery_shortcode() in wp-includes\/media.php *\/\n\t\t<\/style>\n\t\t<div id='gallery-3' class='gallery galleryid-60 gallery-columns-3 gallery-size-large'><dl class='gallery-item'>\n\t\t\t<dt class='gallery-icon landscape'>\n\t\t\t\t<img decoding=\"async\" width=\"1024\" height=\"683\" src=\"https:\/\/uenf.br\/projetos\/nuperj\/files\/2019\/12\/Reunia\u0303o-13-11-2019-23-4-1024x683.jpg\" class=\"attachment-large size-large\" alt=\"\" srcset=\"https:\/\/uenf.br\/projetos\/nuperj\/files\/2019\/12\/Reunia\u0303o-13-11-2019-23-4-1024x683.jpg 1024w, https:\/\/uenf.br\/projetos\/nuperj\/files\/2019\/12\/Reunia\u0303o-13-11-2019-23-4-300x200.jpg 300w, https:\/\/uenf.br\/projetos\/nuperj\/files\/2019\/12\/Reunia\u0303o-13-11-2019-23-4-768x512.jpg 768w\" sizes=\"auto, (max-width: 1024px) 100vw, 1024px\" loading=\"lazy\" \/>\n\t\t\t<\/dt><\/dl><dl class='gallery-item'>\n\t\t\t<dt class='gallery-icon landscape'>\n\t\t\t\t<img decoding=\"async\" width=\"1024\" height=\"683\" src=\"https:\/\/uenf.br\/projetos\/nuperj\/files\/2019\/12\/Reunia\u0303o-13-11-2019-18-3-1024x683.jpg\" class=\"attachment-large size-large\" alt=\"\" srcset=\"https:\/\/uenf.br\/projetos\/nuperj\/files\/2019\/12\/Reunia\u0303o-13-11-2019-18-3-1024x683.jpg 1024w, https:\/\/uenf.br\/projetos\/nuperj\/files\/2019\/12\/Reunia\u0303o-13-11-2019-18-3-300x200.jpg 300w, https:\/\/uenf.br\/projetos\/nuperj\/files\/2019\/12\/Reunia\u0303o-13-11-2019-18-3-768x512.jpg 768w\" sizes=\"auto, (max-width: 1024px) 100vw, 1024px\" loading=\"lazy\" \/>\n\t\t\t<\/dt><\/dl><dl class='gallery-item'>\n\t\t\t<dt class='gallery-icon landscape'>\n\t\t\t\t<img decoding=\"async\" width=\"960\" height=\"640\" src=\"https:\/\/uenf.br\/projetos\/nuperj\/files\/2019\/12\/77427145_2510050195753512_312112949823012864_n-1.jpg\" class=\"attachment-large size-large\" alt=\"\" srcset=\"https:\/\/uenf.br\/projetos\/nuperj\/files\/2019\/12\/77427145_2510050195753512_312112949823012864_n-1.jpg 960w, https:\/\/uenf.br\/projetos\/nuperj\/files\/2019\/12\/77427145_2510050195753512_312112949823012864_n-1-300x200.jpg 300w, https:\/\/uenf.br\/projetos\/nuperj\/files\/2019\/12\/77427145_2510050195753512_312112949823012864_n-1-768x512.jpg 768w\" sizes=\"auto, (max-width: 960px) 100vw, 960px\" loading=\"lazy\" \/>\n\t\t\t<\/dt><\/dl><br style=\"clear: both\" \/>\n\t\t<\/div>\n\n<p>Semin\u00e1rio para Discuss\u00e3o dos Impactos da Redistribui\u00e7\u00e3o de Royalties e PE em S\u00e3o Jo\u00e3o da Barra, realizado na sede do Clube Sanjoanense em 13 de novembro de 2019.<\/p>\n<p>&nbsp;<\/p>\n<hr \/>\n\n\t\t<style>\n\t\t\t#gallery-4 {\n\t\t\t\tmargin: auto;\n\t\t\t}\n\t\t\t#gallery-4 .gallery-item {\n\t\t\t\tfloat: left;\n\t\t\t\tmargin-top: 10px;\n\t\t\t\ttext-align: center;\n\t\t\t\twidth: 33%;\n\t\t\t}\n\t\t\t#gallery-4 img {\n\t\t\t\tborder: 2px solid #cfcfcf;\n\t\t\t}\n\t\t\t#gallery-4 .gallery-caption {\n\t\t\t\tmargin-left: 0;\n\t\t\t}\n\t\t\t\/* see gallery_shortcode() in wp-includes\/media.php *\/\n\t\t<\/style>\n\t\t<div id='gallery-4' class='gallery galleryid-60 gallery-columns-3 gallery-size-large'><dl class='gallery-item'>\n\t\t\t<dt class='gallery-icon portrait'>\n\t\t\t\t<img decoding=\"async\" width=\"576\" height=\"1024\" src=\"https:\/\/uenf.br\/projetos\/nuperj\/files\/2019\/10\/WhatsApp-Image-2019-10-25-at-06.55.55-576x1024.jpeg\" class=\"attachment-large size-large\" alt=\"\" srcset=\"https:\/\/uenf.br\/projetos\/nuperj\/files\/2019\/10\/WhatsApp-Image-2019-10-25-at-06.55.55-576x1024.jpeg 576w, https:\/\/uenf.br\/projetos\/nuperj\/files\/2019\/10\/WhatsApp-Image-2019-10-25-at-06.55.55-169x300.jpeg 169w, https:\/\/uenf.br\/projetos\/nuperj\/files\/2019\/10\/WhatsApp-Image-2019-10-25-at-06.55.55.jpeg 720w\" sizes=\"auto, (max-width: 576px) 100vw, 576px\" loading=\"lazy\" \/>\n\t\t\t<\/dt><\/dl><dl class='gallery-item'>\n\t\t\t<dt class='gallery-icon portrait'>\n\t\t\t\t<img decoding=\"async\" width=\"498\" height=\"1024\" src=\"https:\/\/uenf.br\/projetos\/nuperj\/files\/2019\/10\/facebook_1572023250855-498x1024.jpg\" class=\"attachment-large size-large\" alt=\"\" srcset=\"https:\/\/uenf.br\/projetos\/nuperj\/files\/2019\/10\/facebook_1572023250855-498x1024.jpg 498w, https:\/\/uenf.br\/projetos\/nuperj\/files\/2019\/10\/facebook_1572023250855-146x300.jpg 146w, https:\/\/uenf.br\/projetos\/nuperj\/files\/2019\/10\/facebook_1572023250855.jpg 640w\" sizes=\"auto, (max-width: 498px) 100vw, 498px\" loading=\"lazy\" \/>\n\t\t\t<\/dt><\/dl><dl class='gallery-item'>\n\t\t\t<dt class='gallery-icon landscape'>\n\t\t\t\t<img decoding=\"async\" width=\"1024\" height=\"768\" src=\"https:\/\/uenf.br\/projetos\/nuperj\/files\/2019\/10\/WhatsApp-Image-2019-10-25-at-06.56.48-1024x768.jpeg\" class=\"attachment-large size-large\" alt=\"\" srcset=\"https:\/\/uenf.br\/projetos\/nuperj\/files\/2019\/10\/WhatsApp-Image-2019-10-25-at-06.56.48-1024x768.jpeg 1024w, https:\/\/uenf.br\/projetos\/nuperj\/files\/2019\/10\/WhatsApp-Image-2019-10-25-at-06.56.48-300x225.jpeg 300w, https:\/\/uenf.br\/projetos\/nuperj\/files\/2019\/10\/WhatsApp-Image-2019-10-25-at-06.56.48-768x576.jpeg 768w, https:\/\/uenf.br\/projetos\/nuperj\/files\/2019\/10\/WhatsApp-Image-2019-10-25-at-06.56.48.jpeg 1280w\" sizes=\"auto, (max-width: 1024px) 100vw, 1024px\" loading=\"lazy\" \/>\n\t\t\t<\/dt><\/dl><br style=\"clear: both\" \/>\n\t\t<\/div>\n\n<p>Semin\u00e1rio Estadual: Iniciativas e Futuro, dirigido a classe contabil\u00edstica, realizado na FIRJAN &#8211; Campos dos Goytacazes\/RJ em 24 de outubro de 2019.<\/p>\n","protected":false},"excerpt":{"rendered":"<p>&nbsp; &nbsp; &nbsp; &nbsp; &nbsp; &nbsp; &nbsp; &nbsp; &nbsp; &nbsp; &nbsp; Semin\u00e1rio de apresenta\u00e7\u00e3o e discuss\u00e3o dos resultados do \u00cdndice&#8230;<\/p>\n","protected":false},"author":26,"featured_media":0,"parent":41,"menu_order":0,"comment_status":"closed","ping_status":"closed","template":"","meta":{"footnotes":""},"class_list":["post-60","page","type-page","status-publish","hentry"],"_links":{"self":[{"href":"https:\/\/uenf.br\/projetos\/nuperj\/wp-json\/wp\/v2\/pages\/60","targetHints":{"allow":["GET"]}}],"collection":[{"href":"https:\/\/uenf.br\/projetos\/nuperj\/wp-json\/wp\/v2\/pages"}],"about":[{"href":"https:\/\/uenf.br\/projetos\/nuperj\/wp-json\/wp\/v2\/types\/page"}],"author":[{"embeddable":true,"href":"https:\/\/uenf.br\/projetos\/nuperj\/wp-json\/wp\/v2\/users\/26"}],"replies":[{"embeddable":true,"href":"https:\/\/uenf.br\/projetos\/nuperj\/wp-json\/wp\/v2\/comments?post=60"}],"version-history":[{"count":0,"href":"https:\/\/uenf.br\/projetos\/nuperj\/wp-json\/wp\/v2\/pages\/60\/revisions"}],"up":[{"embeddable":true,"href":"https:\/\/uenf.br\/projetos\/nuperj\/wp-json\/wp\/v2\/pages\/41"}],"wp:attachment":[{"href":"https:\/\/uenf.br\/projetos\/nuperj\/wp-json\/wp\/v2\/media?parent=60"}],"curies":[{"name":"wp","href":"https:\/\/api.w.org\/{rel}","templated":true}]}}