{"id":63,"date":"2019-10-31T00:12:30","date_gmt":"2019-10-31T03:12:30","guid":{"rendered":"http:\/\/uenf.br\/projetos\/nuperj\/?page_id=63"},"modified":"2020-03-04T00:48:55","modified_gmt":"2020-03-04T03:48:55","slug":"reunioes","status":"publish","type":"page","link":"https:\/\/uenf.br\/projetos\/nuperj\/eventos\/reunioes\/","title":{"rendered":"Reuni\u00f5es"},"content":{"rendered":"\n\t\t<style>\n\t\t\t#gallery-1 {\n\t\t\t\tmargin: auto;\n\t\t\t}\n\t\t\t#gallery-1 .gallery-item {\n\t\t\t\tfloat: left;\n\t\t\t\tmargin-top: 10px;\n\t\t\t\ttext-align: center;\n\t\t\t\twidth: 33%;\n\t\t\t}\n\t\t\t#gallery-1 img {\n\t\t\t\tborder: 2px solid #cfcfcf;\n\t\t\t}\n\t\t\t#gallery-1 .gallery-caption {\n\t\t\t\tmargin-left: 0;\n\t\t\t}\n\t\t\t\/* see gallery_shortcode() in wp-includes\/media.php *\/\n\t\t<\/style>\n\t\t<div id='gallery-1' class='gallery galleryid-63 gallery-columns-3 gallery-size-large'><dl class='gallery-item'>\n\t\t\t<dt class='gallery-icon landscape'>\n\t\t\t\t<img decoding=\"async\" width=\"1024\" height=\"682\" src=\"https:\/\/uenf.br\/projetos\/nuperj\/files\/2019\/12\/c8c3bac8-0ee9-4b3d-9ed5-3e6e7c3dd366-1024x682.jpg\" class=\"attachment-large size-large\" alt=\"\" srcset=\"https:\/\/uenf.br\/projetos\/nuperj\/files\/2019\/12\/c8c3bac8-0ee9-4b3d-9ed5-3e6e7c3dd366-1024x682.jpg 1024w, https:\/\/uenf.br\/projetos\/nuperj\/files\/2019\/12\/c8c3bac8-0ee9-4b3d-9ed5-3e6e7c3dd366-300x200.jpg 300w, https:\/\/uenf.br\/projetos\/nuperj\/files\/2019\/12\/c8c3bac8-0ee9-4b3d-9ed5-3e6e7c3dd366-768x512.jpg 768w, https:\/\/uenf.br\/projetos\/nuperj\/files\/2019\/12\/c8c3bac8-0ee9-4b3d-9ed5-3e6e7c3dd366.jpg 1280w\" sizes=\"auto, (max-width: 1024px) 100vw, 1024px\" loading=\"lazy\" \/>\n\t\t\t<\/dt><\/dl><dl class='gallery-item'>\n\t\t\t<dt class='gallery-icon landscape'>\n\t\t\t\t<img decoding=\"async\" width=\"1024\" height=\"746\" src=\"https:\/\/uenf.br\/projetos\/nuperj\/files\/2019\/12\/d2969b22-d94c-449c-b378-0d0c454a05b6-1024x746.jpg\" class=\"attachment-large size-large\" alt=\"\" srcset=\"https:\/\/uenf.br\/projetos\/nuperj\/files\/2019\/12\/d2969b22-d94c-449c-b378-0d0c454a05b6-1024x746.jpg 1024w, https:\/\/uenf.br\/projetos\/nuperj\/files\/2019\/12\/d2969b22-d94c-449c-b378-0d0c454a05b6-300x219.jpg 300w, https:\/\/uenf.br\/projetos\/nuperj\/files\/2019\/12\/d2969b22-d94c-449c-b378-0d0c454a05b6-768x560.jpg 768w, https:\/\/uenf.br\/projetos\/nuperj\/files\/2019\/12\/d2969b22-d94c-449c-b378-0d0c454a05b6.jpg 1280w\" sizes=\"auto, (max-width: 1024px) 100vw, 1024px\" loading=\"lazy\" \/>\n\t\t\t<\/dt><\/dl><dl class='gallery-item'>\n\t\t\t<dt class='gallery-icon landscape'>\n\t\t\t\t<img decoding=\"async\" width=\"1024\" height=\"671\" src=\"https:\/\/uenf.br\/projetos\/nuperj\/files\/2019\/12\/a7309ffd-ed3a-402b-bdf1-743c51594b2a-1024x671.jpg\" class=\"attachment-large size-large\" alt=\"\" srcset=\"https:\/\/uenf.br\/projetos\/nuperj\/files\/2019\/12\/a7309ffd-ed3a-402b-bdf1-743c51594b2a-1024x671.jpg 1024w, https:\/\/uenf.br\/projetos\/nuperj\/files\/2019\/12\/a7309ffd-ed3a-402b-bdf1-743c51594b2a-300x197.jpg 300w, https:\/\/uenf.br\/projetos\/nuperj\/files\/2019\/12\/a7309ffd-ed3a-402b-bdf1-743c51594b2a-768x503.jpg 768w, https:\/\/uenf.br\/projetos\/nuperj\/files\/2019\/12\/a7309ffd-ed3a-402b-bdf1-743c51594b2a.jpg 1280w\" sizes=\"auto, (max-width: 1024px) 100vw, 1024px\" loading=\"lazy\" \/>\n\t\t\t<\/dt><\/dl><br style=\"clear: both\" \/>\n\t\t<\/div>\n\n<p>Posse do reitor e da vice-reitora da UENF para o quadri\u00eanio 2020 \/ 2023. Foram empossados os professores Raul Pal\u00e1cio e Rosana Rodrigues no dia 16 de dezembro de 2019, com maci\u00e7a participa\u00e7\u00e3o dos servidores da institui\u00e7\u00e3o e das diversas lideran\u00e7as p\u00fablicas e privadas do estado do Rio de Janeiro.<\/p>\n","protected":false},"excerpt":{"rendered":"<p>Posse do reitor e da vice-reitora da UENF para o quadri\u00eanio 2020 \/ 2023. Foram empossados os professores Raul Pal\u00e1cio&#8230;<\/p>\n","protected":false},"author":26,"featured_media":0,"parent":41,"menu_order":0,"comment_status":"closed","ping_status":"closed","template":"","meta":{"footnotes":""},"class_list":["post-63","page","type-page","status-publish","hentry"],"_links":{"self":[{"href":"https:\/\/uenf.br\/projetos\/nuperj\/wp-json\/wp\/v2\/pages\/63","targetHints":{"allow":["GET"]}}],"collection":[{"href":"https:\/\/uenf.br\/projetos\/nuperj\/wp-json\/wp\/v2\/pages"}],"about":[{"href":"https:\/\/uenf.br\/projetos\/nuperj\/wp-json\/wp\/v2\/types\/page"}],"author":[{"embeddable":true,"href":"https:\/\/uenf.br\/projetos\/nuperj\/wp-json\/wp\/v2\/users\/26"}],"replies":[{"embeddable":true,"href":"https:\/\/uenf.br\/projetos\/nuperj\/wp-json\/wp\/v2\/comments?post=63"}],"version-history":[{"count":0,"href":"https:\/\/uenf.br\/projetos\/nuperj\/wp-json\/wp\/v2\/pages\/63\/revisions"}],"up":[{"embeddable":true,"href":"https:\/\/uenf.br\/projetos\/nuperj\/wp-json\/wp\/v2\/pages\/41"}],"wp:attachment":[{"href":"https:\/\/uenf.br\/projetos\/nuperj\/wp-json\/wp\/v2\/media?parent=63"}],"curies":[{"name":"wp","href":"https:\/\/api.w.org\/{rel}","templated":true}]}}