{"id":65,"date":"2019-10-31T00:12:53","date_gmt":"2019-10-31T03:12:53","guid":{"rendered":"http:\/\/uenf.br\/projetos\/nuperj\/?page_id=65"},"modified":"2024-05-06T11:48:37","modified_gmt":"2024-05-06T14:48:37","slug":"palestras","status":"publish","type":"page","link":"https:\/\/uenf.br\/projetos\/nuperj\/eventos\/palestras\/","title":{"rendered":"Palestras"},"content":{"rendered":"<div class=\"video-container\"><iframe loading=\"lazy\" title=\"Apresenta\u00e7\u00e3o do INDEL no Webinar &#039;Rio de Conhecimento&#039;\" width=\"500\" height=\"281\" src=\"https:\/\/www.youtube.com\/embed\/cVwtVyCWBfw?start=98&#038;feature=oembed\" frameborder=\"0\" allow=\"accelerometer; autoplay; clipboard-write; encrypted-media; gyroscope; picture-in-picture; web-share\" referrerpolicy=\"strict-origin-when-cross-origin\" allowfullscreen><\/iframe><\/div>\n<p>Apresenta\u00e7\u00e3o de artigo sobre o \u00cdndice de Din\u00e2mica Econ\u00f4mica Local (INDEL) no <span class=\"yt-core-attributed-string yt-core-attributed-string--white-space-pre-wrap\"><span class=\"yt-core-attributed-string--link-inherit-color\">Webinar da Revista Cadernos do Desenvolvimento Fluminense comemorando a edi\u00e7\u00e3o n.25 (2023): Rio de Conhecimento: Edi\u00e7\u00e3o comemorativa aos 10 anos da Revista Cadernos do Desenvolvimento Fluminense, realizada em 24 de abril de 2024.<\/span><\/span><\/p>\n<p>&nbsp;<\/p>\n<hr \/>\n<p><a href=\"https:\/\/www.youtube.com\/watch?v=sC2SzV_KoTM\"><img loading=\"lazy\" decoding=\"async\" class=\"alignnone wp-image-1062 size-full\" src=\"https:\/\/uenf.br\/projetos\/nuperj\/files\/2024\/05\/Captura-de-tela-2024-05-06-114436.png\" alt=\"\" width=\"808\" height=\"454\" srcset=\"https:\/\/uenf.br\/projetos\/nuperj\/files\/2024\/05\/Captura-de-tela-2024-05-06-114436.png 808w, https:\/\/uenf.br\/projetos\/nuperj\/files\/2024\/05\/Captura-de-tela-2024-05-06-114436-300x169.png 300w, https:\/\/uenf.br\/projetos\/nuperj\/files\/2024\/05\/Captura-de-tela-2024-05-06-114436-768x432.png 768w, https:\/\/uenf.br\/projetos\/nuperj\/files\/2024\/05\/Captura-de-tela-2024-05-06-114436-800x450.png 800w\" sizes=\"auto, (max-width: 808px) 100vw, 808px\" \/><\/a><\/p>\n<p>Entrevista no programa Rio Em Foco, no projeto 21 vis\u00f5es para 2021, do F\u00f3rum Permanente de Desenvolvimento Estrat\u00e9gico do Estado do Rio de Janeiro, em mar\u00e7o de 2023.<\/p>\n<p>&nbsp;<\/p>\n<hr \/>\n\n\t\t<style>\n\t\t\t#gallery-1 {\n\t\t\t\tmargin: auto;\n\t\t\t}\n\t\t\t#gallery-1 .gallery-item {\n\t\t\t\tfloat: left;\n\t\t\t\tmargin-top: 10px;\n\t\t\t\ttext-align: center;\n\t\t\t\twidth: 25%;\n\t\t\t}\n\t\t\t#gallery-1 img {\n\t\t\t\tborder: 2px solid #cfcfcf;\n\t\t\t}\n\t\t\t#gallery-1 .gallery-caption {\n\t\t\t\tmargin-left: 0;\n\t\t\t}\n\t\t\t\/* see gallery_shortcode() in wp-includes\/media.php *\/\n\t\t<\/style>\n\t\t<div id='gallery-1' class='gallery galleryid-65 gallery-columns-4 gallery-size-large'><dl class='gallery-item'>\n\t\t\t<dt class='gallery-icon landscape'>\n\t\t\t\t<img decoding=\"async\" width=\"1024\" height=\"498\" src=\"https:\/\/uenf.br\/projetos\/nuperj\/files\/2019\/11\/d1f1f6e6-25d3-469b-874d-686af25ff571-1024x498.jpg\" class=\"attachment-large size-large\" alt=\"\" srcset=\"https:\/\/uenf.br\/projetos\/nuperj\/files\/2019\/11\/d1f1f6e6-25d3-469b-874d-686af25ff571-1024x498.jpg 1024w, https:\/\/uenf.br\/projetos\/nuperj\/files\/2019\/11\/d1f1f6e6-25d3-469b-874d-686af25ff571-300x146.jpg 300w, https:\/\/uenf.br\/projetos\/nuperj\/files\/2019\/11\/d1f1f6e6-25d3-469b-874d-686af25ff571-768x373.jpg 768w, https:\/\/uenf.br\/projetos\/nuperj\/files\/2019\/11\/d1f1f6e6-25d3-469b-874d-686af25ff571.jpg 1280w\" sizes=\"auto, (max-width: 1024px) 100vw, 1024px\" loading=\"lazy\" \/>\n\t\t\t<\/dt><\/dl><dl class='gallery-item'>\n\t\t\t<dt class='gallery-icon landscape'>\n\t\t\t\t<img decoding=\"async\" width=\"1024\" height=\"498\" src=\"https:\/\/uenf.br\/projetos\/nuperj\/files\/2019\/11\/b2675f4c-ad98-487d-b927-a2940518dff3-1024x498.jpg\" class=\"attachment-large size-large\" alt=\"\" srcset=\"https:\/\/uenf.br\/projetos\/nuperj\/files\/2019\/11\/b2675f4c-ad98-487d-b927-a2940518dff3-1024x498.jpg 1024w, https:\/\/uenf.br\/projetos\/nuperj\/files\/2019\/11\/b2675f4c-ad98-487d-b927-a2940518dff3-300x146.jpg 300w, https:\/\/uenf.br\/projetos\/nuperj\/files\/2019\/11\/b2675f4c-ad98-487d-b927-a2940518dff3-768x373.jpg 768w, https:\/\/uenf.br\/projetos\/nuperj\/files\/2019\/11\/b2675f4c-ad98-487d-b927-a2940518dff3.jpg 1280w\" sizes=\"auto, (max-width: 1024px) 100vw, 1024px\" loading=\"lazy\" \/>\n\t\t\t<\/dt><\/dl><dl class='gallery-item'>\n\t\t\t<dt class='gallery-icon landscape'>\n\t\t\t\t<img decoding=\"async\" width=\"1024\" height=\"498\" src=\"https:\/\/uenf.br\/projetos\/nuperj\/files\/2019\/11\/63b56854-4a4f-458c-9c78-badaa7e34f02-1024x498.jpg\" class=\"attachment-large size-large\" alt=\"\" srcset=\"https:\/\/uenf.br\/projetos\/nuperj\/files\/2019\/11\/63b56854-4a4f-458c-9c78-badaa7e34f02-1024x498.jpg 1024w, https:\/\/uenf.br\/projetos\/nuperj\/files\/2019\/11\/63b56854-4a4f-458c-9c78-badaa7e34f02-300x146.jpg 300w, https:\/\/uenf.br\/projetos\/nuperj\/files\/2019\/11\/63b56854-4a4f-458c-9c78-badaa7e34f02-768x373.jpg 768w, https:\/\/uenf.br\/projetos\/nuperj\/files\/2019\/11\/63b56854-4a4f-458c-9c78-badaa7e34f02.jpg 1280w\" sizes=\"auto, (max-width: 1024px) 100vw, 1024px\" loading=\"lazy\" \/>\n\t\t\t<\/dt><\/dl><dl class='gallery-item'>\n\t\t\t<dt class='gallery-icon landscape'>\n\t\t\t\t<img decoding=\"async\" width=\"1024\" height=\"498\" src=\"https:\/\/uenf.br\/projetos\/nuperj\/files\/2019\/11\/0d003f5d-1b26-401d-82bd-136d0d6140bb-1024x498.jpg\" class=\"attachment-large size-large\" alt=\"\" srcset=\"https:\/\/uenf.br\/projetos\/nuperj\/files\/2019\/11\/0d003f5d-1b26-401d-82bd-136d0d6140bb-1024x498.jpg 1024w, https:\/\/uenf.br\/projetos\/nuperj\/files\/2019\/11\/0d003f5d-1b26-401d-82bd-136d0d6140bb-300x146.jpg 300w, https:\/\/uenf.br\/projetos\/nuperj\/files\/2019\/11\/0d003f5d-1b26-401d-82bd-136d0d6140bb-768x373.jpg 768w, https:\/\/uenf.br\/projetos\/nuperj\/files\/2019\/11\/0d003f5d-1b26-401d-82bd-136d0d6140bb.jpg 1280w\" sizes=\"auto, (max-width: 1024px) 100vw, 1024px\" loading=\"lazy\" \/>\n\t\t\t<\/dt><\/dl><br style=\"clear: both\" \/>\n\t\t<\/div>\n\n<p>Palestra proferida no IX Simp\u00f3sio de Administra\u00e7\u00e3o, Contabilidade e Economia no dia 31 de outubro de 2019 na Universidade Igua\u00e7u &#8211; em Itaperuna &#8211; RJ.<\/p>\n","protected":false},"excerpt":{"rendered":"<p>Apresenta\u00e7\u00e3o de artigo sobre o \u00cdndice de Din\u00e2mica Econ\u00f4mica Local (INDEL) no Webinar da Revista Cadernos do Desenvolvimento Fluminense comemorando&#8230;<\/p>\n","protected":false},"author":26,"featured_media":0,"parent":41,"menu_order":0,"comment_status":"closed","ping_status":"closed","template":"","meta":{"footnotes":""},"class_list":["post-65","page","type-page","status-publish","hentry"],"_links":{"self":[{"href":"https:\/\/uenf.br\/projetos\/nuperj\/wp-json\/wp\/v2\/pages\/65","targetHints":{"allow":["GET"]}}],"collection":[{"href":"https:\/\/uenf.br\/projetos\/nuperj\/wp-json\/wp\/v2\/pages"}],"about":[{"href":"https:\/\/uenf.br\/projetos\/nuperj\/wp-json\/wp\/v2\/types\/page"}],"author":[{"embeddable":true,"href":"https:\/\/uenf.br\/projetos\/nuperj\/wp-json\/wp\/v2\/users\/26"}],"replies":[{"embeddable":true,"href":"https:\/\/uenf.br\/projetos\/nuperj\/wp-json\/wp\/v2\/comments?post=65"}],"version-history":[{"count":0,"href":"https:\/\/uenf.br\/projetos\/nuperj\/wp-json\/wp\/v2\/pages\/65\/revisions"}],"up":[{"embeddable":true,"href":"https:\/\/uenf.br\/projetos\/nuperj\/wp-json\/wp\/v2\/pages\/41"}],"wp:attachment":[{"href":"https:\/\/uenf.br\/projetos\/nuperj\/wp-json\/wp\/v2\/media?parent=65"}],"curies":[{"name":"wp","href":"https:\/\/api.w.org\/{rel}","templated":true}]}}