{"id":960,"date":"2024-03-15T12:10:39","date_gmt":"2024-03-15T15:10:39","guid":{"rendered":"https:\/\/uenf.br\/projetos\/nuperj\/?page_id=960"},"modified":"2025-05-08T10:51:20","modified_gmt":"2025-05-08T13:51:20","slug":"indel","status":"publish","type":"page","link":"https:\/\/uenf.br\/projetos\/nuperj\/indel\/","title":{"rendered":"INDEL"},"content":{"rendered":"<h2>\u00cdndice de Din\u00e2mica Econ\u00f4mica Local<\/h2>\n<p>O \u00cdndice de Din\u00e2mica Econ\u00f4mica Local (Indel) \u00e9 uma ferramenta desenvolvida pelo grupo de pesquisa (Nuperj\/Uenf), focada na an\u00e1lise da economia regional com uma abordagem distinta dos \u00edndices tradicionais. Seu objetivo \u00e9 oferecer uma vis\u00e3o mais precisa e contextualizada da din\u00e2mica econ\u00f4mica, especialmente em regi\u00f5es como o Norte Fluminense, beneficiadas por investimentos e receitas ex\u00f3genas como as de portos e empreendimentos offshore, as quais tendem a distorcer as an\u00e1lises convencionais.<\/p>\n<p>O Indel procura ser uma alternativa a indicadores como o Produto Interno Bruto (PIB) e o \u00cdndice de Desenvolvimento Humano (IDH), ao considerar uma gama de vari\u00e1veis que refletem a realidade econ\u00f4mica local. Isso inclui investimento p\u00fablico, impostos sobre circula\u00e7\u00e3o de mercadorias e servi\u00e7os, movimenta\u00e7\u00e3o banc\u00e1ria, emprego e renda no com\u00e9rcio, e o estoque complementar do trabalho formal em rela\u00e7\u00e3o aos benef\u00edcios sociais. Esses indicadores compostos s\u00e3o ponderados para formar um \u00edndice m\u00e9dio, oferecendo uma escala de avalia\u00e7\u00e3o mais refinada da din\u00e2mica econ\u00f4mica local, atenta para a efici\u00eancia na articula\u00e7\u00e3o de recursos escassos no territ\u00f3rio entre fam\u00edlias, empresas e governos.<\/p>\n<p>O Indel busca fornecer uma ferramenta robusta e acess\u00edvel para an\u00e1lise econ\u00f4mica regional, contribuindo para uma compreens\u00e3o mais completa e informada da realidade econ\u00f4mica do Norte Fluminense e regi\u00f5es similares.<\/p>\n<hr \/>\n<h3>Metodologia<\/h3>\n<p><span style=\"text-decoration: underline\"><em>Base te\u00f3rica:<\/em><\/span> O INDEL \u00e9 fundamentado na compreens\u00e3o de que o desenvolvimento econ\u00f4mico n\u00e3o \u00e9 uniforme e depende de informa\u00e7\u00f5es e an\u00e1lises mais precisas das caracter\u00edsticas locais. Faz uso de contribui\u00e7\u00f5es de te\u00f3ricos como Saquet, Becattini, Furtado e outros para embasar sua abordagem, que reconhece o territ\u00f3rio como um ator central no processo econ\u00f4mico.<\/p>\n<p><span style=\"text-decoration: underline\"><em>Diferenciais em rela\u00e7\u00e3o a outros \u00edndices:<\/em><\/span> O INDEL se diferencia dos \u00edndices tradicionais, como PIB e IDH, ao oferecer uma abordagem mais contextualizada da din\u00e2mica econ\u00f4mica local. Ao considerar vari\u00e1veis que, de certa forma, t\u00eam a capacidade de isolar parcela relevante da riqueza gerada e n\u00e3o fixada internamente, o INDEL \u00e9 capaz de atenuar distor\u00e7\u00f5es estat\u00edsticas criadas por enclaves econ\u00f4micos. Sendo assim, o \u00edndice proporciona uma vis\u00e3o diferenciada para a formula\u00e7\u00e3o de pol\u00edticas p\u00fablicas e estrat\u00e9gias de desenvolvimento.<\/p>\n<p><span style=\"text-decoration: underline\"><em>Fontes de dados:<\/em><\/span> S\u00e3o utilizados dados provenientes de fontes oficiais, como \u00f3rg\u00e3os governamentais e institui\u00e7\u00f5es financeiras, garantindo a confiabilidade e atualidade das informa\u00e7\u00f5es utilizadas.<br \/>\nS\u00e3o elas:<br \/>\n&#8211; Cadastro Geral de Empregados e Desempregados (emprego e renda no com\u00e9rcio); Tribunal de Contas do estado do Rio de Janeiro (investimento e receitas correntes); Secretaria estadual de Fazenda (receitas correntes, imposto sobre circula\u00e7\u00e3o de mercadorias e servi\u00e7os, transfer\u00eancias correntes, valor adicionado fiscal, investimento); Banco Central do Brasil (dep\u00f3sitos banc\u00e1rios, opera\u00e7\u00f5es de cr\u00e9dito, Ativo e Passivo); Portal da Transpar\u00eancia Federal (benef\u00edcios ao cidad\u00e3o) e Tribunal Eleitoral Regional (popula\u00e7\u00e3o apta ao trabalho por faixa et\u00e1ria).<\/p>\n<p><span style=\"text-decoration: underline\"><em>M\u00e9todo de constru\u00e7\u00e3o: <\/em><\/span>O INDEL \u00e9 constru\u00eddo a partir de cinco vari\u00e1veis principais: Investimento P\u00fablico, ICMS, Emprego e Renda no Com\u00e9rcio, Movimenta\u00e7\u00e3o Banc\u00e1ria e Vulnerabilidade Social.<br \/>\nCada uma dessas vari\u00e1veis \u00e9 medida em rela\u00e7\u00e3o a padr\u00f5es espec\u00edficos e ponderada para formar um \u00edndice m\u00e9dio que varia de 0 a 1:<br \/>\n<strong>Alta din\u00e2mica:<\/strong> resultados superiores a 0,8 ponto<br \/>\n<strong>Din\u00e2mica moderada:<\/strong> resultados compreendidos entre 0,6 e 0,8 ponto.<br \/>\n<strong>Din\u00e2mica regular:<\/strong> resultados compreendidos entre 0,4 e 0,6 ponto.<br \/>\n<strong>Baixa din\u00e2mica:<\/strong> resultados inferiores a 0,4 ponto<\/p>\n<hr \/>\n<h3>Indel 2019 a 2023 &#8211; munic\u00edpios do estado do Rio de Janeiro<\/h3>\n<p>Clique no <a href=\"https:\/\/app.powerbi.com\/view?r=eyJrIjoiOWVhOTIxOGQtNmQ5Mi00MzA4LTk0NTMtMzAzOTI4YzJjZWVjIiwidCI6IjVhOTIxODI3LWNkZTktNDBlOS1hODhlLTE1ZGRkMzg2ODNmMSJ9\" target=\"_blank\" rel=\"noopener\">painel abaixo<\/a> para selecionar dados por munic\u00edpio, mesorregi\u00e3o e ano.<\/p>\n<p><a href=\"https:\/\/app.powerbi.com\/view?r=eyJrIjoiOWVhOTIxOGQtNmQ5Mi00MzA4LTk0NTMtMzAzOTI4YzJjZWVjIiwidCI6IjVhOTIxODI3LWNkZTktNDBlOS1hODhlLTE1ZGRkMzg2ODNmMSJ9\" target=\"_blank\" rel=\"noopener\"><img loading=\"lazy\" decoding=\"async\" class=\"alignnone wp-image-1097\" src=\"https:\/\/uenf.br\/projetos\/nuperj\/files\/2024\/10\/Painel-Indel-300x167.png\" alt=\"\" width=\"784\" height=\"437\" srcset=\"https:\/\/uenf.br\/projetos\/nuperj\/files\/2024\/10\/Painel-Indel-300x167.png 300w, https:\/\/uenf.br\/projetos\/nuperj\/files\/2024\/10\/Painel-Indel-1024x572.png 1024w, https:\/\/uenf.br\/projetos\/nuperj\/files\/2024\/10\/Painel-Indel-768x429.png 768w, https:\/\/uenf.br\/projetos\/nuperj\/files\/2024\/10\/Painel-Indel-1536x858.png 1536w, https:\/\/uenf.br\/projetos\/nuperj\/files\/2024\/10\/Painel-Indel.png 1732w\" sizes=\"auto, (max-width: 784px) 100vw, 784px\" \/><\/a><\/p>\n<p>Para mais informa\u00e7\u00f5es, incluindo dados t\u00e9cnicos e uma an\u00e1lise ampliada do Indel para munic\u00edpios fluminenses, acesse os artigos:<\/p>\n<p>&nbsp;<\/p>\n<blockquote><p><em><strong><a href=\"https:\/\/uenf.br\/projetos\/nuperj\/files\/2025\/04\/IV-Slaedr-artigo-metodologia.pdf\">Processo de constru\u00e7\u00e3o do \u00cdndice NUPERJ de Din\u00e2mica Econ\u00f4mica Local (INDEL)<\/a><\/strong><\/em><\/p><\/blockquote>\n<p>&nbsp;<\/p>\n<blockquote><p><a href=\"https:\/\/uenf.br\/projetos\/nuperj\/files\/2025\/04\/IV-Slaedr-artigo-rio-de-janeiro.pdf\"><strong>Estrutura metodol\u00f3gica de investiga\u00e7\u00e3o econ\u00f4mica em espa\u00e7os territoriais: o caso do territ\u00f3rio fluminense<\/strong><\/a><\/p><\/blockquote>\n<p>&nbsp;<\/p>\n<p>&nbsp;<\/p>\n<p><img loading=\"lazy\" decoding=\"async\" class=\"alignleft size-medium wp-image-100\" src=\"https:\/\/uenf.br\/projetos\/nuperj\/files\/2019\/11\/Untitled-1-300x95.png\" alt=\"\" width=\"300\" height=\"95\" srcset=\"https:\/\/uenf.br\/projetos\/nuperj\/files\/2019\/11\/Untitled-1-300x95.png 300w, https:\/\/uenf.br\/projetos\/nuperj\/files\/2019\/11\/Untitled-1-768x243.png 768w, https:\/\/uenf.br\/projetos\/nuperj\/files\/2019\/11\/Untitled-1-1024x325.png 1024w\" sizes=\"auto, (max-width: 300px) 100vw, 300px\" \/><\/p>\n","protected":false},"excerpt":{"rendered":"<p>\u00cdndice de Din\u00e2mica Econ\u00f4mica Local O \u00cdndice de Din\u00e2mica Econ\u00f4mica Local (Indel) \u00e9 uma ferramenta desenvolvida pelo grupo de pesquisa&#8230;<\/p>\n","protected":false},"author":35,"featured_media":0,"parent":0,"menu_order":4,"comment_status":"closed","ping_status":"closed","template":"","meta":{"footnotes":""},"class_list":["post-960","page","type-page","status-publish","hentry"],"_links":{"self":[{"href":"https:\/\/uenf.br\/projetos\/nuperj\/wp-json\/wp\/v2\/pages\/960","targetHints":{"allow":["GET"]}}],"collection":[{"href":"https:\/\/uenf.br\/projetos\/nuperj\/wp-json\/wp\/v2\/pages"}],"about":[{"href":"https:\/\/uenf.br\/projetos\/nuperj\/wp-json\/wp\/v2\/types\/page"}],"author":[{"embeddable":true,"href":"https:\/\/uenf.br\/projetos\/nuperj\/wp-json\/wp\/v2\/users\/35"}],"replies":[{"embeddable":true,"href":"https:\/\/uenf.br\/projetos\/nuperj\/wp-json\/wp\/v2\/comments?post=960"}],"version-history":[{"count":0,"href":"https:\/\/uenf.br\/projetos\/nuperj\/wp-json\/wp\/v2\/pages\/960\/revisions"}],"wp:attachment":[{"href":"https:\/\/uenf.br\/projetos\/nuperj\/wp-json\/wp\/v2\/media?parent=960"}],"curies":[{"name":"wp","href":"https:\/\/api.w.org\/{rel}","templated":true}]}}