{"id":102,"date":"2010-04-18T17:09:17","date_gmt":"2010-04-18T17:09:17","guid":{"rendered":"http:\/\/uenf.br\/sites\/quimtic\/?page_id=102"},"modified":"2010-04-18T17:09:17","modified_gmt":"2010-04-18T17:09:17","slug":"poluicao-atmosferica","status":"publish","type":"page","link":"https:\/\/uenf.br\/projetos\/quimtic\/poluicao-atmosferica\/","title":{"rendered":"Polui\u00e7\u00e3o atmosf\u00e9rica"},"content":{"rendered":"<p>Neste t\u00f3pico, o estudante ser\u00e1 capaz de avaliar os problemas ambientais decorrentes da polui\u00e7\u00e3o atmosf\u00e9rica e aprender muito sobre a Qu\u00edmica dos Gases. Clique em cada um dos objetos de aprendizagem e aprenda de uma maneira descontra\u00edda e l\u00fadica sobre a qu\u00edmica atmosf\u00e9rica.<\/p>\n","protected":false},"excerpt":{"rendered":"<p>Neste t\u00f3pico, o estudante ser\u00e1 capaz de avaliar os problemas ambientais decorrentes da polui\u00e7\u00e3o atmosf\u00e9rica e aprender muito sobre a&#8230;<\/p>\n","protected":false},"author":6,"featured_media":0,"parent":0,"menu_order":1,"comment_status":"closed","ping_status":"open","template":"","meta":{"footnotes":""},"class_list":["post-102","page","type-page","status-publish","hentry"],"_links":{"self":[{"href":"https:\/\/uenf.br\/projetos\/quimtic\/wp-json\/wp\/v2\/pages\/102","targetHints":{"allow":["GET"]}}],"collection":[{"href":"https:\/\/uenf.br\/projetos\/quimtic\/wp-json\/wp\/v2\/pages"}],"about":[{"href":"https:\/\/uenf.br\/projetos\/quimtic\/wp-json\/wp\/v2\/types\/page"}],"author":[{"embeddable":true,"href":"https:\/\/uenf.br\/projetos\/quimtic\/wp-json\/wp\/v2\/users\/6"}],"replies":[{"embeddable":true,"href":"https:\/\/uenf.br\/projetos\/quimtic\/wp-json\/wp\/v2\/comments?post=102"}],"version-history":[{"count":0,"href":"https:\/\/uenf.br\/projetos\/quimtic\/wp-json\/wp\/v2\/pages\/102\/revisions"}],"wp:attachment":[{"href":"https:\/\/uenf.br\/projetos\/quimtic\/wp-json\/wp\/v2\/media?parent=102"}],"curies":[{"name":"wp","href":"https:\/\/api.w.org\/{rel}","templated":true}]}}