{"id":109,"date":"2010-04-18T17:14:33","date_gmt":"2010-04-18T17:14:33","guid":{"rendered":"http:\/\/uenf.br\/sites\/quimtic\/?page_id=109"},"modified":"2010-04-18T17:14:33","modified_gmt":"2010-04-18T17:14:33","slug":"o-azul-do-planeta","status":"publish","type":"page","link":"https:\/\/uenf.br\/projetos\/quimtic\/o-azul-do-planeta\/","title":{"rendered":"O Azul do planeta"},"content":{"rendered":"<p>Ap\u00f3s interagir com estes objetos de aprendizagem,\u00a0 o estudante ser\u00e1 capaz de associar as diversas utilidades da \u00e1gua \u00e0s suas propriedades qu\u00edmicas. Entender as rela\u00e7\u00f5es entre desenvolvimento socioecon\u00f4mico e a problem\u00e1tica da polui\u00e7\u00e3o das \u00e1guas, desenvolvendo uma postura respons\u00e1vel diante do entendimento de que a \u00e1gua \u00e9 um recurso n\u00e3o renov\u00e1vel. Clique em cada objeto para conhec\u00ea-los e aprender mais sobre a \u00e1gua de nosso planeta.<\/p>\n","protected":false},"excerpt":{"rendered":"<p>Ap\u00f3s interagir com estes objetos de aprendizagem,\u00a0 o estudante ser\u00e1 capaz de associar as diversas utilidades da \u00e1gua \u00e0s suas&#8230;<\/p>\n","protected":false},"author":6,"featured_media":0,"parent":0,"menu_order":3,"comment_status":"closed","ping_status":"open","template":"","meta":{"footnotes":""},"class_list":["post-109","page","type-page","status-publish","hentry"],"_links":{"self":[{"href":"https:\/\/uenf.br\/projetos\/quimtic\/wp-json\/wp\/v2\/pages\/109","targetHints":{"allow":["GET"]}}],"collection":[{"href":"https:\/\/uenf.br\/projetos\/quimtic\/wp-json\/wp\/v2\/pages"}],"about":[{"href":"https:\/\/uenf.br\/projetos\/quimtic\/wp-json\/wp\/v2\/types\/page"}],"author":[{"embeddable":true,"href":"https:\/\/uenf.br\/projetos\/quimtic\/wp-json\/wp\/v2\/users\/6"}],"replies":[{"embeddable":true,"href":"https:\/\/uenf.br\/projetos\/quimtic\/wp-json\/wp\/v2\/comments?post=109"}],"version-history":[{"count":0,"href":"https:\/\/uenf.br\/projetos\/quimtic\/wp-json\/wp\/v2\/pages\/109\/revisions"}],"wp:attachment":[{"href":"https:\/\/uenf.br\/projetos\/quimtic\/wp-json\/wp\/v2\/media?parent=109"}],"curies":[{"name":"wp","href":"https:\/\/api.w.org\/{rel}","templated":true}]}}