{"id":117,"date":"2010-04-23T18:55:55","date_gmt":"2010-04-23T18:55:55","guid":{"rendered":"http:\/\/uenf.br\/sites\/quimtic\/?page_id=117"},"modified":"2010-04-23T18:55:55","modified_gmt":"2010-04-23T18:55:55","slug":"a-quimica-dos-gases","status":"publish","type":"page","link":"https:\/\/uenf.br\/projetos\/quimtic\/a-quimica-dos-gases\/","title":{"rendered":"A qu\u00edmica dos gases"},"content":{"rendered":"<p>Nestes objetos voc\u00ea poder\u00e1 aprender sobre a qu\u00edmica dos gases, vendo que eles participam do nosso dia-a-dia e que todas aquelas leis que nos parecem muito complicadas, est\u00e3o sendo descritas todo o tempo ao nosso redor. Aproveite aprender!!!<\/p>\n","protected":false},"excerpt":{"rendered":"<p>Nestes objetos voc\u00ea poder\u00e1 aprender sobre a qu\u00edmica dos gases, vendo que eles participam do nosso dia-a-dia e que todas&#8230;<\/p>\n","protected":false},"author":6,"featured_media":0,"parent":0,"menu_order":3,"comment_status":"closed","ping_status":"open","template":"","meta":{"footnotes":""},"class_list":["post-117","page","type-page","status-publish","hentry"],"_links":{"self":[{"href":"https:\/\/uenf.br\/projetos\/quimtic\/wp-json\/wp\/v2\/pages\/117","targetHints":{"allow":["GET"]}}],"collection":[{"href":"https:\/\/uenf.br\/projetos\/quimtic\/wp-json\/wp\/v2\/pages"}],"about":[{"href":"https:\/\/uenf.br\/projetos\/quimtic\/wp-json\/wp\/v2\/types\/page"}],"author":[{"embeddable":true,"href":"https:\/\/uenf.br\/projetos\/quimtic\/wp-json\/wp\/v2\/users\/6"}],"replies":[{"embeddable":true,"href":"https:\/\/uenf.br\/projetos\/quimtic\/wp-json\/wp\/v2\/comments?post=117"}],"version-history":[{"count":0,"href":"https:\/\/uenf.br\/projetos\/quimtic\/wp-json\/wp\/v2\/pages\/117\/revisions"}],"wp:attachment":[{"href":"https:\/\/uenf.br\/projetos\/quimtic\/wp-json\/wp\/v2\/media?parent=117"}],"curies":[{"name":"wp","href":"https:\/\/api.w.org\/{rel}","templated":true}]}}