{"id":124,"date":"2010-04-23T19:07:01","date_gmt":"2010-04-23T19:07:01","guid":{"rendered":"http:\/\/uenf.br\/sites\/quimtic\/?page_id=124"},"modified":"2011-11-08T16:42:13","modified_gmt":"2011-11-08T18:42:13","slug":"chuva-acida","status":"publish","type":"page","link":"https:\/\/uenf.br\/projetos\/quimtic\/poluicao-atmosferica\/chuva-acida\/","title":{"rendered":"Chuva \u00e1cida"},"content":{"rendered":"<p style=\"text-align: center;\"><a href=\"http:\/\/uenf.br\/projetos\/quimtic\/files\/2010\/04\/QUI6_ATIV6.swf\" target=\"_blank\"><img loading=\"lazy\" decoding=\"async\" class=\"size-full wp-image-156 aligncenter\" src=\"http:\/\/uenf.br\/projetos\/quimtic\/files\/2010\/04\/chuvaacida.jpg\" alt=\"\" width=\"500\" height=\"288\" \/><\/a><\/p>\n<p>Este objeto apresenta os \u00f3xidos\u00a0 respons\u00e1veis pela forma\u00e7\u00e3o da chuva \u00e1cida e os efeitos causados no ambiente.<\/p>\n<p><a href=\"http:\/\/uenf.br\/projetos\/quimtic\/files\/2010\/04\/Chuva_Acida.zip\" target=\"_blank\">Download do Objeto Chuva \u00e1cida<\/a><a href=\"http:\/\/uenf.br\/sites\/quimtic\/files\/2010\/04\/aquecimentoglobal.tar_.gz\"><br \/>\n<\/a><\/p>\n<p>Se voc\u00ea \u00e9 um(a)\u00a0 professor(a) e quer algumas dicas de como aplicar este objeto de aprendizagem, clique aqui: <a href=\"http:\/\/uenf.br\/projetos\/quimtic\/files\/2010\/05\/GP_chuva-%C3%A1cida.pdf\" target=\"_blank\">Guia do professor<\/a><\/p>\n","protected":false},"excerpt":{"rendered":"<p>Este objeto apresenta os \u00f3xidos\u00a0 respons\u00e1veis pela forma\u00e7\u00e3o da chuva \u00e1cida e os efeitos causados no ambiente. Download do Objeto&#8230;<\/p>\n","protected":false},"author":6,"featured_media":0,"parent":102,"menu_order":2,"comment_status":"closed","ping_status":"open","template":"","meta":{"footnotes":""},"class_list":["post-124","page","type-page","status-publish","hentry"],"_links":{"self":[{"href":"https:\/\/uenf.br\/projetos\/quimtic\/wp-json\/wp\/v2\/pages\/124","targetHints":{"allow":["GET"]}}],"collection":[{"href":"https:\/\/uenf.br\/projetos\/quimtic\/wp-json\/wp\/v2\/pages"}],"about":[{"href":"https:\/\/uenf.br\/projetos\/quimtic\/wp-json\/wp\/v2\/types\/page"}],"author":[{"embeddable":true,"href":"https:\/\/uenf.br\/projetos\/quimtic\/wp-json\/wp\/v2\/users\/6"}],"replies":[{"embeddable":true,"href":"https:\/\/uenf.br\/projetos\/quimtic\/wp-json\/wp\/v2\/comments?post=124"}],"version-history":[{"count":0,"href":"https:\/\/uenf.br\/projetos\/quimtic\/wp-json\/wp\/v2\/pages\/124\/revisions"}],"up":[{"embeddable":true,"href":"https:\/\/uenf.br\/projetos\/quimtic\/wp-json\/wp\/v2\/pages\/102"}],"wp:attachment":[{"href":"https:\/\/uenf.br\/projetos\/quimtic\/wp-json\/wp\/v2\/media?parent=124"}],"curies":[{"name":"wp","href":"https:\/\/api.w.org\/{rel}","templated":true}]}}