{"id":126,"date":"2010-04-23T19:09:30","date_gmt":"2010-04-23T19:09:30","guid":{"rendered":"http:\/\/uenf.br\/sites\/quimtic\/?page_id=126"},"modified":"2011-11-08T17:03:08","modified_gmt":"2011-11-08T19:03:08","slug":"contaminacao-de-lencois-freaticos","status":"publish","type":"page","link":"https:\/\/uenf.br\/projetos\/quimtic\/o-azul-do-planeta\/contaminacao-de-lencois-freaticos\/","title":{"rendered":"Contamina\u00e7\u00e3o de len\u00e7\u00f3is fre\u00e1ticos"},"content":{"rendered":"<p><a href=\"http:\/\/uenf.br\/projetos\/quimtic\/files\/2010\/04\/qui1_ativ1-clevi1.swf\" target=\"_blank\"><img loading=\"lazy\" decoding=\"async\" class=\"size-full wp-image-197 alignnone\" src=\"http:\/\/uenf.br\/projetos\/quimtic\/files\/2010\/04\/lencois.jpg\" alt=\"\" width=\"500\" height=\"288\" \/><\/a><\/p>\n<p>Este objeto mostra as fontes de contamina\u00e7\u00f5es dos len\u00e7\u00f3is fre\u00e1ticos e como remediar, al\u00e9m disso, tamb\u00e9m far\u00e1 com que voc\u00ea aprenda sobre ciclo hidrol\u00f3gico.<\/p>\n<p><a href=\"http:\/\/uenf.br\/projetos\/quimtic\/files\/2010\/04\/Lencois_Freaticos.zip\">Download do Objeto Contamina\u00e7\u00e3o do len\u00e7ol fre\u00e1tico<\/a><a href=\"http:\/\/uenf.br\/sites\/quimtic\/files\/2010\/04\/aquecimentoglobal.tar_.gz\"><br \/>\n<\/a><\/p>\n<p>Se voc\u00ea \u00e9 um(a)\u00a0 professor(a) e quer algumas dicas de como aplicar este objeto de aprendizagem, clique aqui: <a href=\"http:\/\/uenf.br\/projetos\/quimtic\/files\/2010\/05\/GP_contaminacao-de-lencois.pdf\">Guia do professor<\/a><\/p>\n","protected":false},"excerpt":{"rendered":"<p>Este objeto mostra as fontes de contamina\u00e7\u00f5es dos len\u00e7\u00f3is fre\u00e1ticos e como remediar, al\u00e9m disso, tamb\u00e9m far\u00e1 com que voc\u00ea&#8230;<\/p>\n","protected":false},"author":6,"featured_media":0,"parent":109,"menu_order":1,"comment_status":"closed","ping_status":"open","template":"","meta":{"footnotes":""},"class_list":["post-126","page","type-page","status-publish","hentry"],"_links":{"self":[{"href":"https:\/\/uenf.br\/projetos\/quimtic\/wp-json\/wp\/v2\/pages\/126","targetHints":{"allow":["GET"]}}],"collection":[{"href":"https:\/\/uenf.br\/projetos\/quimtic\/wp-json\/wp\/v2\/pages"}],"about":[{"href":"https:\/\/uenf.br\/projetos\/quimtic\/wp-json\/wp\/v2\/types\/page"}],"author":[{"embeddable":true,"href":"https:\/\/uenf.br\/projetos\/quimtic\/wp-json\/wp\/v2\/users\/6"}],"replies":[{"embeddable":true,"href":"https:\/\/uenf.br\/projetos\/quimtic\/wp-json\/wp\/v2\/comments?post=126"}],"version-history":[{"count":0,"href":"https:\/\/uenf.br\/projetos\/quimtic\/wp-json\/wp\/v2\/pages\/126\/revisions"}],"up":[{"embeddable":true,"href":"https:\/\/uenf.br\/projetos\/quimtic\/wp-json\/wp\/v2\/pages\/109"}],"wp:attachment":[{"href":"https:\/\/uenf.br\/projetos\/quimtic\/wp-json\/wp\/v2\/media?parent=126"}],"curies":[{"name":"wp","href":"https:\/\/api.w.org\/{rel}","templated":true}]}}