{"id":128,"date":"2010-04-23T19:11:33","date_gmt":"2010-04-23T19:11:33","guid":{"rendered":"http:\/\/uenf.br\/sites\/quimtic\/?page_id=128"},"modified":"2011-11-08T17:05:37","modified_gmt":"2011-11-08T19:05:37","slug":"uso-consciente-da-agua","status":"publish","type":"page","link":"https:\/\/uenf.br\/projetos\/quimtic\/o-azul-do-planeta\/uso-consciente-da-agua\/","title":{"rendered":"An\u00e1lise de uma \u00e1gua contaminada"},"content":{"rendered":"<p><a href=\"http:\/\/uenf.br\/projetos\/quimtic\/files\/2010\/05\/oaaguacontaminada.swf\" target=\"_blank\"><img loading=\"lazy\" decoding=\"async\" class=\"size-full wp-image-262 alignnone\" src=\"http:\/\/uenf.br\/projetos\/quimtic\/files\/2010\/05\/conta.jpg\" alt=\"\" width=\"500\" height=\"282\" \/><\/a><\/p>\n<p>Este objeto conta a hist\u00f3ria de uma mulher que deseja realizar uma an\u00e1lise de sua \u00e1gua para saber se ela est\u00e1 contaminada ou n\u00e3o e voc\u00ea pode fazer a an\u00e1lise para ela.<\/p>\n<p><a href=\"http:\/\/uenf.br\/projetos\/quimtic\/files\/2010\/04\/Agua_Contaminada.zip\">Download do Objeto An\u00e1lise de \u00c1gua Contaminada<\/a><a href=\"http:\/\/uenf.br\/sites\/quimtic\/files\/2010\/04\/aquecimentoglobal.tar_.gz\"><br \/>\n<\/a><\/p>\n<p>Se voc\u00ea \u00e9 um(a)\u00a0 professor(a) e quer algumas dicas de como aplicar este objeto de aprendizagem, clique aqui: <a href=\"http:\/\/uenf.br\/projetos\/quimtic\/files\/2010\/05\/GP_AGUA-CONTAMINADA.pdf\">Guia do professor<\/a><\/p>\n","protected":false},"excerpt":{"rendered":"<p>Este objeto conta a hist\u00f3ria de uma mulher que deseja realizar uma an\u00e1lise de sua \u00e1gua para saber se ela&#8230;<\/p>\n","protected":false},"author":6,"featured_media":0,"parent":109,"menu_order":2,"comment_status":"closed","ping_status":"open","template":"","meta":{"footnotes":""},"class_list":["post-128","page","type-page","status-publish","hentry"],"_links":{"self":[{"href":"https:\/\/uenf.br\/projetos\/quimtic\/wp-json\/wp\/v2\/pages\/128","targetHints":{"allow":["GET"]}}],"collection":[{"href":"https:\/\/uenf.br\/projetos\/quimtic\/wp-json\/wp\/v2\/pages"}],"about":[{"href":"https:\/\/uenf.br\/projetos\/quimtic\/wp-json\/wp\/v2\/types\/page"}],"author":[{"embeddable":true,"href":"https:\/\/uenf.br\/projetos\/quimtic\/wp-json\/wp\/v2\/users\/6"}],"replies":[{"embeddable":true,"href":"https:\/\/uenf.br\/projetos\/quimtic\/wp-json\/wp\/v2\/comments?post=128"}],"version-history":[{"count":0,"href":"https:\/\/uenf.br\/projetos\/quimtic\/wp-json\/wp\/v2\/pages\/128\/revisions"}],"up":[{"embeddable":true,"href":"https:\/\/uenf.br\/projetos\/quimtic\/wp-json\/wp\/v2\/pages\/109"}],"wp:attachment":[{"href":"https:\/\/uenf.br\/projetos\/quimtic\/wp-json\/wp\/v2\/media?parent=128"}],"curies":[{"name":"wp","href":"https:\/\/api.w.org\/{rel}","templated":true}]}}