{"id":134,"date":"2010-04-23T19:16:37","date_gmt":"2010-04-23T19:16:37","guid":{"rendered":"http:\/\/uenf.br\/sites\/quimtic\/?page_id=134"},"modified":"2011-11-08T16:47:17","modified_gmt":"2011-11-08T18:47:17","slug":"usina-de-queimados","status":"publish","type":"page","link":"https:\/\/uenf.br\/projetos\/quimtic\/poluicao-atmosferica\/usina-de-queimados\/","title":{"rendered":"Usina de Queimados"},"content":{"rendered":"<p style=\"text-align: center;\"><a href=\"http:\/\/uenf.br\/projetos\/quimtic\/files\/2010\/05\/qui1_ativ0.swf\" target=\"_blank\"><img loading=\"lazy\" decoding=\"async\" class=\"size-full wp-image-162 aligncenter\" src=\"http:\/\/uenf.br\/projetos\/quimtic\/files\/2010\/04\/2.jpg\" alt=\"\" width=\"500\" height=\"289\" \/><\/a><\/p>\n<p>Este objeto foi o primeiro da equipe e foi premiado pelo MEC em 2006.<\/p>\n<p>Este objeto fala sobre a polui\u00e7\u00e3o atmosf\u00e9rica provenientes das usinas de \u00e1lcool e a\u00e7ucar, ensinando sobre as leis dos gases.<\/p>\n<p><a href=\"http:\/\/uenf.br\/projetos\/quimtic\/files\/2010\/04\/Usina_de_Queimados.zip\" target=\"_blank\">Download do Objeto\u00a0 USINA DE QUEIMADOS<br \/>\n<\/a><\/p>\n<p>Se voc\u00ea \u00e9 um(a)\u00a0 professor(a) e quer algumas dicas de como aplicar este objeto de aprendizagem, clique aqui: <a href=\"http:\/\/uenf.br\/projetos\/quimtic\/files\/2010\/05\/guiadoprofessorfinal.pdf\">Guia do professor<\/a><\/p>\n","protected":false},"excerpt":{"rendered":"<p>Este objeto foi o primeiro da equipe e foi premiado pelo MEC em 2006. Este objeto fala sobre a polui\u00e7\u00e3o&#8230;<\/p>\n","protected":false},"author":6,"featured_media":0,"parent":102,"menu_order":3,"comment_status":"closed","ping_status":"open","template":"","meta":{"footnotes":""},"class_list":["post-134","page","type-page","status-publish","hentry"],"_links":{"self":[{"href":"https:\/\/uenf.br\/projetos\/quimtic\/wp-json\/wp\/v2\/pages\/134","targetHints":{"allow":["GET"]}}],"collection":[{"href":"https:\/\/uenf.br\/projetos\/quimtic\/wp-json\/wp\/v2\/pages"}],"about":[{"href":"https:\/\/uenf.br\/projetos\/quimtic\/wp-json\/wp\/v2\/types\/page"}],"author":[{"embeddable":true,"href":"https:\/\/uenf.br\/projetos\/quimtic\/wp-json\/wp\/v2\/users\/6"}],"replies":[{"embeddable":true,"href":"https:\/\/uenf.br\/projetos\/quimtic\/wp-json\/wp\/v2\/comments?post=134"}],"version-history":[{"count":0,"href":"https:\/\/uenf.br\/projetos\/quimtic\/wp-json\/wp\/v2\/pages\/134\/revisions"}],"up":[{"embeddable":true,"href":"https:\/\/uenf.br\/projetos\/quimtic\/wp-json\/wp\/v2\/pages\/102"}],"wp:attachment":[{"href":"https:\/\/uenf.br\/projetos\/quimtic\/wp-json\/wp\/v2\/media?parent=134"}],"curies":[{"name":"wp","href":"https:\/\/api.w.org\/{rel}","templated":true}]}}