{"id":277,"date":"2010-05-02T12:47:33","date_gmt":"2010-05-02T12:47:33","guid":{"rendered":"http:\/\/uenf.br\/sites\/quimtic\/?page_id=277"},"modified":"2011-11-08T17:08:16","modified_gmt":"2011-11-08T19:08:16","slug":"quimica-ambiental","status":"publish","type":"page","link":"https:\/\/uenf.br\/projetos\/quimtic\/quimica-ambiental\/","title":{"rendered":"Qu\u00edmica Ambiental"},"content":{"rendered":"<p>Clicando na figura abaixo voc\u00ea ter\u00e1 um vasto conte\u00fado de qu\u00edmica ambiental em n\u00edvel de ensino m\u00e9dio e superior e poder\u00e1 aprender sobre os diferentes compartimentos do ambiente, sua composi\u00e7\u00e3o natural, poss\u00edveis poluentes e algumas t\u00e9cnicas de remedia<a href=\"http:\/\/uenf.br\/uenf\/centros\/cct\/qambiental\/\" target=\"_blank\"><img loading=\"lazy\" decoding=\"async\" width=\"500\" height=\"667\" class=\"alignleft size-full wp-image-278\" src=\"http:\/\/uenf.br\/projetos\/quimtic\/files\/2010\/05\/quimicambiental.jpg\" alt=\"\" \/><\/a>\u00e7\u00e3o. \u00c9 poss\u00edvel encontrar tamb\u00e9m experimentos simples de serem realizados e exerc\u00edcios para fixa\u00e7\u00e3o, al\u00e9m de um gloss\u00e1rio bastante completo sobre termos menos comuns.<\/p>\n<p>Fonte Figura:http:\/\/www.sxc.hu\/photo\/1024966<\/p>\n","protected":false},"excerpt":{"rendered":"<p>Clicando na figura abaixo voc\u00ea ter\u00e1 um vasto conte\u00fado de qu\u00edmica ambiental em n\u00edvel de ensino m\u00e9dio e superior e&#8230;<\/p>\n","protected":false},"author":6,"featured_media":0,"parent":0,"menu_order":4,"comment_status":"closed","ping_status":"open","template":"","meta":{"footnotes":""},"class_list":["post-277","page","type-page","status-publish","hentry"],"_links":{"self":[{"href":"https:\/\/uenf.br\/projetos\/quimtic\/wp-json\/wp\/v2\/pages\/277","targetHints":{"allow":["GET"]}}],"collection":[{"href":"https:\/\/uenf.br\/projetos\/quimtic\/wp-json\/wp\/v2\/pages"}],"about":[{"href":"https:\/\/uenf.br\/projetos\/quimtic\/wp-json\/wp\/v2\/types\/page"}],"author":[{"embeddable":true,"href":"https:\/\/uenf.br\/projetos\/quimtic\/wp-json\/wp\/v2\/users\/6"}],"replies":[{"embeddable":true,"href":"https:\/\/uenf.br\/projetos\/quimtic\/wp-json\/wp\/v2\/comments?post=277"}],"version-history":[{"count":0,"href":"https:\/\/uenf.br\/projetos\/quimtic\/wp-json\/wp\/v2\/pages\/277\/revisions"}],"wp:attachment":[{"href":"https:\/\/uenf.br\/projetos\/quimtic\/wp-json\/wp\/v2\/media?parent=277"}],"curies":[{"name":"wp","href":"https:\/\/api.w.org\/{rel}","templated":true}]}}