{"id":76,"date":"2010-04-12T20:32:13","date_gmt":"2010-04-12T20:32:13","guid":{"rendered":"http:\/\/uenf.br\/sites\/quimtic\/?page_id=76"},"modified":"2011-11-08T16:58:51","modified_gmt":"2011-11-08T18:58:51","slug":"atividade-5","status":"publish","type":"page","link":"https:\/\/uenf.br\/projetos\/quimtic\/a-quimica-dos-gases\/atividade-5\/","title":{"rendered":"A qu\u00edmica em casa"},"content":{"rendered":"<p><a title=\"Objeto Quimica 5 \/ Atividade 5 - Clevi\" href=\"http:\/\/uenf.br\/projetos\/quimtic\/files\/2010\/04\/qui5_ativ5-casa.swf\" target=\"_blank\"><img loading=\"lazy\" decoding=\"async\" class=\"size-full wp-image-58 alignnone\" src=\"http:\/\/uenf.br\/projetos\/quimtic\/files\/2010\/04\/Tela_Objeto_Quimica5_Ativadade5-Clevi.jpg\" alt=\"\" width=\"500\" height=\"289\" \/><\/a><\/p>\n<p>Este objeto apresenta v\u00e1rias propriedades dos gases como expans\u00e3o e compress\u00e3o e mostra como estes conceitos se apresentam em nossa vida dentro de casa.<\/p>\n<p><a href=\"http:\/\/uenf.br\/projetos\/quimtic\/files\/2010\/04\/Quimica_em_Casa.zip\" target=\"_blank\">Download do Objeto do Qu\u00edmica em casa<\/a><a href=\"http:\/\/uenf.br\/sites\/quimtic\/files\/2010\/04\/aquecimentoglobal.tar_.gz\"><br \/>\n<\/a><\/p>\n<p>Se voc\u00ea \u00e9 um(a)\u00a0 professor(a) e quer algumas dicas de como aplicar este objeto de aprendizagem, clique aqui:<a href=\"http:\/\/uenf.br\/projetos\/quimtic\/files\/2010\/05\/GP_A-Quimica-em-casasite.pdf\" target=\"_blank\"> Guia do professor<\/a><\/p>\n","protected":false},"excerpt":{"rendered":"<p>Este objeto apresenta v\u00e1rias propriedades dos gases como expans\u00e3o e compress\u00e3o e mostra como estes conceitos se apresentam em nossa&#8230;<\/p>\n","protected":false},"author":6,"featured_media":0,"parent":117,"menu_order":3,"comment_status":"closed","ping_status":"open","template":"","meta":{"footnotes":""},"class_list":["post-76","page","type-page","status-publish","hentry"],"_links":{"self":[{"href":"https:\/\/uenf.br\/projetos\/quimtic\/wp-json\/wp\/v2\/pages\/76","targetHints":{"allow":["GET"]}}],"collection":[{"href":"https:\/\/uenf.br\/projetos\/quimtic\/wp-json\/wp\/v2\/pages"}],"about":[{"href":"https:\/\/uenf.br\/projetos\/quimtic\/wp-json\/wp\/v2\/types\/page"}],"author":[{"embeddable":true,"href":"https:\/\/uenf.br\/projetos\/quimtic\/wp-json\/wp\/v2\/users\/6"}],"replies":[{"embeddable":true,"href":"https:\/\/uenf.br\/projetos\/quimtic\/wp-json\/wp\/v2\/comments?post=76"}],"version-history":[{"count":0,"href":"https:\/\/uenf.br\/projetos\/quimtic\/wp-json\/wp\/v2\/pages\/76\/revisions"}],"up":[{"embeddable":true,"href":"https:\/\/uenf.br\/projetos\/quimtic\/wp-json\/wp\/v2\/pages\/117"}],"wp:attachment":[{"href":"https:\/\/uenf.br\/projetos\/quimtic\/wp-json\/wp\/v2\/media?parent=76"}],"curies":[{"name":"wp","href":"https:\/\/api.w.org\/{rel}","templated":true}]}}