{"id":80,"date":"2010-04-12T20:33:22","date_gmt":"2010-04-12T20:33:22","guid":{"rendered":"http:\/\/uenf.br\/sites\/quimtic\/?page_id=80"},"modified":"2010-04-12T20:33:22","modified_gmt":"2010-04-12T20:33:22","slug":"o-projeto","status":"publish","type":"page","link":"https:\/\/uenf.br\/projetos\/quimtic\/","title":{"rendered":"O Projeto QUIMTIC"},"content":{"rendered":"<p>Este projeto foi desenvolvido na UENF, por uma equipe de Qu\u00edmica e outra de Inform\u00e1tica. Nosso objetivo foi criar objetos de aprendizagem para ensinar alguns conceitos de Qu\u00edmica e Qu\u00edmica Ambiental para auxiliar o aprendizado de uma maneira criativa e consistente de conte\u00fados que s\u00e3o vistos pelos alunos como dif\u00edceis e muito aqu\u00e9m de sua realidade. Estes objetos mostram que isso n\u00e3o \u00e9 verdade \u00e9 que a Qu\u00edmica faz parte de nosso dia-a-dia.<\/p>\n<p>Conhe\u00e7a a equipe que trabalhou neste projeto.<\/p>\n","protected":false},"excerpt":{"rendered":"<p>Este projeto foi desenvolvido na UENF, por uma equipe de Qu\u00edmica e outra de Inform\u00e1tica. Nosso objetivo foi criar objetos&#8230;<\/p>\n","protected":false},"author":6,"featured_media":0,"parent":0,"menu_order":1,"comment_status":"closed","ping_status":"open","template":"","meta":{"footnotes":""},"class_list":["post-80","page","type-page","status-publish","hentry"],"_links":{"self":[{"href":"https:\/\/uenf.br\/projetos\/quimtic\/wp-json\/wp\/v2\/pages\/80","targetHints":{"allow":["GET"]}}],"collection":[{"href":"https:\/\/uenf.br\/projetos\/quimtic\/wp-json\/wp\/v2\/pages"}],"about":[{"href":"https:\/\/uenf.br\/projetos\/quimtic\/wp-json\/wp\/v2\/types\/page"}],"author":[{"embeddable":true,"href":"https:\/\/uenf.br\/projetos\/quimtic\/wp-json\/wp\/v2\/users\/6"}],"replies":[{"embeddable":true,"href":"https:\/\/uenf.br\/projetos\/quimtic\/wp-json\/wp\/v2\/comments?post=80"}],"version-history":[{"count":0,"href":"https:\/\/uenf.br\/projetos\/quimtic\/wp-json\/wp\/v2\/pages\/80\/revisions"}],"wp:attachment":[{"href":"https:\/\/uenf.br\/projetos\/quimtic\/wp-json\/wp\/v2\/media?parent=80"}],"curies":[{"name":"wp","href":"https:\/\/api.w.org\/{rel}","templated":true}]}}