{"id":91,"date":"2010-04-13T18:29:33","date_gmt":"2010-04-13T18:29:33","guid":{"rendered":"http:\/\/uenf.br\/sites\/quimtic\/?page_id=91"},"modified":"2011-11-08T16:36:09","modified_gmt":"2011-11-08T18:36:09","slug":"aquecimento-global","status":"publish","type":"page","link":"https:\/\/uenf.br\/projetos\/quimtic\/poluicao-atmosferica\/aquecimento-global\/","title":{"rendered":"Aquecimento Global"},"content":{"rendered":"<p><a title=\"Clique aqui para Entrar\" href=\"http:\/\/uenf.br\/projetos\/quimtic\/files\/2010\/04\/QUI5_ATIV3.swf\" target=\"_blank\"><img loading=\"lazy\" decoding=\"async\" class=\"size-full wp-image-96 alignnone\" src=\"http:\/\/\/uenf.br\/projetos\/quimtic\/files\/2010\/04\/Tela_Objeto_Aquecimento_Global.jpg\" alt=\"Tela Objeto Aquecimento Global\" width=\"500\" height=\"285\" \/><\/a><\/p>\n<p>Este objeto apresenta os \u00f3xidos presentes na atmosfera e que s\u00e3o respons\u00e1veis pelo aquecimento global e os efeitos no ambiente.<\/p>\n<p><a href=\"http:\/\/\/uenf.br\/projetos\/quimtic\/files\/2011\/08\/Aquecimento_Global.zip\" target=\"_blank\">Download do Objeto Aquecimento Global<\/a><\/p>\n<p>Se voc\u00ea \u00e9 um(a)\u00a0 professor(a) e quer algumas dicas de como aplicar este objeto de aprendizagem, clique aqui: <a href=\"http:\/\/\/uenf.br\/projetos\/quimtic\/files\/2010\/05\/GP_Efeito-Estufa_SITE1.pdf\" target=\"_blank\">Guia do professor<\/a><\/p>\n","protected":false},"excerpt":{"rendered":"<p>Este objeto apresenta os \u00f3xidos presentes na atmosfera e que s\u00e3o respons\u00e1veis pelo aquecimento global e os efeitos no ambiente&#8230;.<\/p>\n","protected":false},"author":6,"featured_media":0,"parent":102,"menu_order":1,"comment_status":"closed","ping_status":"open","template":"","meta":{"footnotes":""},"class_list":["post-91","page","type-page","status-publish","hentry"],"_links":{"self":[{"href":"https:\/\/uenf.br\/projetos\/quimtic\/wp-json\/wp\/v2\/pages\/91","targetHints":{"allow":["GET"]}}],"collection":[{"href":"https:\/\/uenf.br\/projetos\/quimtic\/wp-json\/wp\/v2\/pages"}],"about":[{"href":"https:\/\/uenf.br\/projetos\/quimtic\/wp-json\/wp\/v2\/types\/page"}],"author":[{"embeddable":true,"href":"https:\/\/uenf.br\/projetos\/quimtic\/wp-json\/wp\/v2\/users\/6"}],"replies":[{"embeddable":true,"href":"https:\/\/uenf.br\/projetos\/quimtic\/wp-json\/wp\/v2\/comments?post=91"}],"version-history":[{"count":0,"href":"https:\/\/uenf.br\/projetos\/quimtic\/wp-json\/wp\/v2\/pages\/91\/revisions"}],"up":[{"embeddable":true,"href":"https:\/\/uenf.br\/projetos\/quimtic\/wp-json\/wp\/v2\/pages\/102"}],"wp:attachment":[{"href":"https:\/\/uenf.br\/projetos\/quimtic\/wp-json\/wp\/v2\/media?parent=91"}],"curies":[{"name":"wp","href":"https:\/\/api.w.org\/{rel}","templated":true}]}}