{"id":1006,"date":"2016-03-01T19:48:08","date_gmt":"2016-03-01T19:48:08","guid":{"rendered":"http:\/\/uenf.br\/reitoria\/agenciainovacao\/?page_id=1006"},"modified":"2016-03-01T19:48:08","modified_gmt":"2016-03-01T19:48:08","slug":"agencia-uenf-de-inovacao-monta-sala-de-videoconferencia","status":"publish","type":"page","link":"https:\/\/uenf.br\/reitoria\/agenciainovacao\/apresentacao\/video-conferencia\/agencia-uenf-de-inovacao-monta-sala-de-videoconferencia\/","title":{"rendered":"Ag\u00eancia UENF de Inova\u00e7\u00e3o monta sala de videoconfer\u00eancia"},"content":{"rendered":"<h3>F\u00falvia D&#8217;Alessandri &#8211; ASCOM,\u00a005\/11\/2013.<\/h3>\n<p style=\"text-align: justify\">Atrav\u00e9s do projeto \u201cApoio \u00e0 Ag\u00eancia UENF de Inova\u00e7\u00e3o 2012\u2033, financiado pela Faperj, a comunidade universit\u00e1ria da UENF j\u00e1 conta com uma sala de v\u00eddeo confer\u00eancias, montada nas depend\u00eancias do Laborat\u00f3rio de Engenharia Civil (LECIV). Segundo o diretor da Ag\u00eancia UENF de Inova\u00e7\u00e3o, Ronaldo Paranhos, a Sala est\u00e1 aberta a todos os interessados em promover este tipo de evento. Para tanto, \u00e9 preciso fazer o agendamento com Carlos Diego, Assessor de Patentes, atrav\u00e9s do ramal 97331 ou pelo e-mail diego.patentes@uenf.br.<\/p>\n<p style=\"text-align: justify\">\u2014 O objetivo \u00e9 eliminar as dist\u00e2ncias entre nossos pesquisadores e outros grupos de pesquisa, bem como empresas do pa\u00eds e do mundo, eliminando a necessidade de deslocamento. A v\u00eddeo confer\u00eancia otimiza o tempo e ainda reduz os custos, facilitando o surgimento de novas parcerias \u2014 disse.<\/p>\n<p style=\"text-align: justify;padding-left: 60px\">\u00a0 \u00a0<a href=\"http:\/\/www.uenf.br\/dic\/ascom\/wp-content\/uploads\/sites\/4\/2013\/11\/sala-de-videoconferencia.jpg\"><img loading=\"lazy\" decoding=\"async\" src=\"http:\/\/www.uenf.br\/dic\/ascom\/wp-content\/uploads\/sites\/4\/2013\/11\/sala-de-videoconferencia-300x200.jpg\" alt=\"sala de videoconferencia\" width=\"300\" height=\"200\" \/><\/a><\/p>\n<p style=\"text-align: justify;padding-left: 60px\">\u00a0 \u00a0(Foto: Alex de Azevedo &#8211; ASCOM)<\/p>\n","protected":false},"excerpt":{"rendered":"<p>F\u00falvia D&#8217;Alessandri &#8211; ASCOM,\u00a005\/11\/2013. Atrav\u00e9s do projeto \u201cApoio \u00e0 Ag\u00eancia UENF de Inova\u00e7\u00e3o 2012\u2033, financiado pela Faperj, a comunidade universit\u00e1ria&#8230;<\/p>\n","protected":false},"author":20,"featured_media":0,"parent":902,"menu_order":0,"comment_status":"closed","ping_status":"closed","template":"","meta":{"footnotes":""},"class_list":["post-1006","page","type-page","status-publish","hentry"],"_links":{"self":[{"href":"https:\/\/uenf.br\/reitoria\/agenciainovacao\/wp-json\/wp\/v2\/pages\/1006","targetHints":{"allow":["GET"]}}],"collection":[{"href":"https:\/\/uenf.br\/reitoria\/agenciainovacao\/wp-json\/wp\/v2\/pages"}],"about":[{"href":"https:\/\/uenf.br\/reitoria\/agenciainovacao\/wp-json\/wp\/v2\/types\/page"}],"author":[{"embeddable":true,"href":"https:\/\/uenf.br\/reitoria\/agenciainovacao\/wp-json\/wp\/v2\/users\/20"}],"replies":[{"embeddable":true,"href":"https:\/\/uenf.br\/reitoria\/agenciainovacao\/wp-json\/wp\/v2\/comments?post=1006"}],"version-history":[{"count":0,"href":"https:\/\/uenf.br\/reitoria\/agenciainovacao\/wp-json\/wp\/v2\/pages\/1006\/revisions"}],"up":[{"embeddable":true,"href":"https:\/\/uenf.br\/reitoria\/agenciainovacao\/wp-json\/wp\/v2\/pages\/902"}],"wp:attachment":[{"href":"https:\/\/uenf.br\/reitoria\/agenciainovacao\/wp-json\/wp\/v2\/media?parent=1006"}],"curies":[{"name":"wp","href":"https:\/\/api.w.org\/{rel}","templated":true}]}}