{"id":108,"date":"2012-07-26T18:21:00","date_gmt":"2012-07-26T18:21:00","guid":{"rendered":"http:\/\/uenf.br\/reitoria\/agenciainovacao\/?page_id=108"},"modified":"2012-08-15T20:09:54","modified_gmt":"2012-08-15T20:09:54","slug":"definicoes-importantes","status":"publish","type":"page","link":"https:\/\/uenf.br\/reitoria\/agenciainovacao\/convenios-e-contratos\/definicoes-importantes\/","title":{"rendered":"Defini\u00e7\u00f5es importantes"},"content":{"rendered":"<table width=\"600\" border=\"0\" cellspacing=\"0\" cellpadding=\"0\">\n<tbody>\n<tr>\n<td style=\"padding-left: 30px;\" valign=\"top\" width=\"180\" height=\"0\"><span style=\"color: #808080;\"><strong>Paulo Roberto Moreira<\/strong><\/span><br \/>\n<span style=\"color: #808080;\"><em>Conv\u00eanios e Contratos<\/em><\/span><br \/>\n<span style=\"color: #808080;\">pmoreira@uenf.br<\/span><br \/>\n<span style=\"color: #808080;\">(22) 2739 7295<\/span><\/td>\n<td valign=\"top\" width=\"020\" height=\"0\"><\/td>\n<td valign=\"top\" width=\"400\" height=\"0\"><span style=\"color: #808080;\"><strong>Ricardo Andrade Pohlmann<\/strong><\/span><br \/>\n<span style=\"color: #808080;\"> <em>Conv\u00eanios e Contratos<br \/>\n<\/em>pohlmann@uenf.br<\/span><br \/>\n<span style=\"color: #808080;\"> (22) 2739 7016<\/span><\/td>\n<\/tr>\n<\/tbody>\n<\/table>\n<p>A seguir s\u00e3o definidos os principais tipos de conv\u00eanios e contratos (C&amp;C) comumente realizados, bem como outros termos utilizados na sua elabora\u00e7\u00e3o.<\/p>\n<p><strong>1. Conv\u00eanio de coopera\u00e7\u00e3o t\u00e9cnica<\/strong><br \/>\nEnvolve a participa\u00e7\u00e3o de duas ou mais institui\u00e7\u00f5es, declarando e propondo a inten\u00e7\u00e3o de parceria e colabora\u00e7\u00e3o. Conv\u00eanios de coopera\u00e7\u00e3o t\u00e9cnica s\u00e3o, comumente, firmados entre grandes institui\u00e7\u00f5es (p\u00fablicas ou privadas).<\/p>\n<p><strong>2. Conv\u00eanio para condu\u00e7\u00e3o de projetos, planos de pesquisa ou outra atividade fim<\/strong><br \/>\nDestina-se \u00e0 parceria entre institui\u00e7\u00f5es onde, normalmente, atividades de m\u00e9dio prazo s\u00e3o desenvolvidas de forma conjunta. Um plano de trabalho detalhado acompanha este tipo de conv\u00eanio.<\/p>\n<p><strong>3. Contrato para presta\u00e7\u00e3o de servi\u00e7os<\/strong><br \/>\nTem como objetivo espec\u00edfico estabelecer entre a UENF e outras institui\u00e7\u00f5es a presta\u00e7\u00e3o de servi\u00e7os (consultorias) e\/ou a realiza\u00e7\u00e3o de ensaios por prazo determinado. O Contrato deve sempre ser acompanhado de um plano de trabalho detalhado, especificando tarefas, prazos e valores, incluindo como os recursos recebidos ser\u00e3o usados.<\/p>\n<p><strong>4. Entidade interveniente<br \/>\n<\/strong>Uma funda\u00e7\u00e3o pode ser respons\u00e1vel pela gest\u00e3o administrativa e financeira de um C&amp;C. A interveni\u00eancia de uma funda\u00e7\u00e3o \u00e9 recomendada sempre que recursos financeiros e\/ou materiais estiverem envolvidos. A UENF mant\u00e9m conv\u00eanios com a Funda\u00e7\u00e3o Norte Fluminense de Desenvolvimento Regional (FUNDENOR) e com o Polo de Biotecnologia do Rio de Janeiro (BIO-RIO).<\/p>\n<p><strong>5. Plano de trabalho<br \/>\n<\/strong>Um plano de trabalho \u00e9 um documento detalhado, tal qual um projeto, por\u00e9m tem formato de apresenta\u00e7\u00e3o livre. Deve especificar todos os aspectos t\u00e9cnicos, metodologias, justificativas, resultados esperados; e deve conter prazos, atividades, cronogramas e responsabilidades. Quando houver valores envolvidos, deve existir um or\u00e7amento de desembolso.<\/p>\n<p><strong>6. Termos aditivos a um conv\u00eanio<\/strong><br \/>\nQuando um conv\u00eanio permite a assinatura de termos aditivos, cada termo deve ser redigido com um objetivo espec\u00edfico, regulando e aprovando uma atividade em particular a ser desenvolvida. Um plano de trabalho acompanha o termo aditivo.<\/p>\n","protected":false},"excerpt":{"rendered":"<p>Paulo Roberto Moreira Conv\u00eanios e Contratos pmoreira@uenf.br (22) 2739 7295 Ricardo Andrade Pohlmann Conv\u00eanios e Contratos pohlmann@uenf.br (22) 2739 7016&#8230;<\/p>\n","protected":false},"author":20,"featured_media":0,"parent":8,"menu_order":5,"comment_status":"closed","ping_status":"open","template":"","meta":{"footnotes":""},"class_list":["post-108","page","type-page","status-publish","hentry"],"_links":{"self":[{"href":"https:\/\/uenf.br\/reitoria\/agenciainovacao\/wp-json\/wp\/v2\/pages\/108","targetHints":{"allow":["GET"]}}],"collection":[{"href":"https:\/\/uenf.br\/reitoria\/agenciainovacao\/wp-json\/wp\/v2\/pages"}],"about":[{"href":"https:\/\/uenf.br\/reitoria\/agenciainovacao\/wp-json\/wp\/v2\/types\/page"}],"author":[{"embeddable":true,"href":"https:\/\/uenf.br\/reitoria\/agenciainovacao\/wp-json\/wp\/v2\/users\/20"}],"replies":[{"embeddable":true,"href":"https:\/\/uenf.br\/reitoria\/agenciainovacao\/wp-json\/wp\/v2\/comments?post=108"}],"version-history":[{"count":0,"href":"https:\/\/uenf.br\/reitoria\/agenciainovacao\/wp-json\/wp\/v2\/pages\/108\/revisions"}],"up":[{"embeddable":true,"href":"https:\/\/uenf.br\/reitoria\/agenciainovacao\/wp-json\/wp\/v2\/pages\/8"}],"wp:attachment":[{"href":"https:\/\/uenf.br\/reitoria\/agenciainovacao\/wp-json\/wp\/v2\/media?parent=108"}],"curies":[{"name":"wp","href":"https:\/\/api.w.org\/{rel}","templated":true}]}}