{"id":1096,"date":"2025-03-14T10:30:00","date_gmt":"2025-03-14T10:30:00","guid":{"rendered":"https:\/\/uenf.br\/reitoria\/agenciainovacao\/?page_id=1096"},"modified":"2025-09-09T13:54:35","modified_gmt":"2025-09-09T13:54:35","slug":"formularios-de-notificacao-de-invencao","status":"publish","type":"page","link":"https:\/\/uenf.br\/reitoria\/agenciainovacao\/assessoria-de-patentes\/formularios-de-notificacao-de-invencao\/","title":{"rendered":"Formul\u00e1rios de Notifica\u00e7\u00e3o de Inven\u00e7\u00e3o"},"content":{"rendered":"<p>Para requerer a prote\u00e7\u00e3o ou registro de sua cria\u00e7\u00e3o intelectual, o primeiro passo \u00e9 o preenchimento do Formul\u00e1rio de Notifica\u00e7\u00e3o de Inven\u00e7\u00e3o correspondente. Para tanto, abaixo est\u00e3o listadas as \u00e1reas de prote\u00e7\u00e3o intelectual e os respectivos links para acesso aos formul\u00e1rios.<\/p>\n<p>Patente &#8211;\u00a0<a href=\"https:\/\/forms.gle\/EAhXjj3ehhhkogY28\">https:\/\/forms.gle\/EAhXjj3ehhhkogY28<\/a><\/p>\n<p>Marca &#8211;<a href=\"https:\/\/forms.gle\/TMVFd9xzTLwkFbEs9\"> https:\/\/forms.gle\/TMVFd9xzTLwkFbEs9<\/a><\/p>\n<p>Programa de Computador &#8211; <a href=\"https:\/\/forms.gle\/A3yCENZQ7C9N6WEt7\">https:\/\/forms.gle\/A3yCENZQ7C9N6WEt7<\/a><\/p>\n<p>Cultivar &#8211; <a href=\"https:\/\/forms.gle\/3DVnYvwkwgGC2ET46\">https:\/\/forms.gle\/3DVnYvwkwgGC2ET46<\/a><\/p>\n<p>Em caso de d\u00favidas contate-nos atrav\u00e9s do e-mail: diego.patentes@uenf.br<\/p>\n","protected":false},"excerpt":{"rendered":"<p>Para requerer a prote\u00e7\u00e3o ou registro de sua cria\u00e7\u00e3o intelectual, o primeiro passo \u00e9 o preenchimento do Formul\u00e1rio de Notifica\u00e7\u00e3o&#8230;<\/p>\n","protected":false},"author":20,"featured_media":0,"parent":128,"menu_order":4,"comment_status":"closed","ping_status":"closed","template":"","meta":{"footnotes":""},"class_list":["post-1096","page","type-page","status-publish","hentry"],"_links":{"self":[{"href":"https:\/\/uenf.br\/reitoria\/agenciainovacao\/wp-json\/wp\/v2\/pages\/1096","targetHints":{"allow":["GET"]}}],"collection":[{"href":"https:\/\/uenf.br\/reitoria\/agenciainovacao\/wp-json\/wp\/v2\/pages"}],"about":[{"href":"https:\/\/uenf.br\/reitoria\/agenciainovacao\/wp-json\/wp\/v2\/types\/page"}],"author":[{"embeddable":true,"href":"https:\/\/uenf.br\/reitoria\/agenciainovacao\/wp-json\/wp\/v2\/users\/20"}],"replies":[{"embeddable":true,"href":"https:\/\/uenf.br\/reitoria\/agenciainovacao\/wp-json\/wp\/v2\/comments?post=1096"}],"version-history":[{"count":0,"href":"https:\/\/uenf.br\/reitoria\/agenciainovacao\/wp-json\/wp\/v2\/pages\/1096\/revisions"}],"up":[{"embeddable":true,"href":"https:\/\/uenf.br\/reitoria\/agenciainovacao\/wp-json\/wp\/v2\/pages\/128"}],"wp:attachment":[{"href":"https:\/\/uenf.br\/reitoria\/agenciainovacao\/wp-json\/wp\/v2\/media?parent=1096"}],"curies":[{"name":"wp","href":"https:\/\/api.w.org\/{rel}","templated":true}]}}