{"id":1116,"date":"2025-08-14T14:03:27","date_gmt":"2025-08-14T14:03:27","guid":{"rendered":"https:\/\/uenf.br\/reitoria\/agenciainovacao\/?page_id=1116"},"modified":"2025-08-14T14:39:22","modified_gmt":"2025-08-14T14:39:22","slug":"portifolios","status":"publish","type":"page","link":"https:\/\/uenf.br\/reitoria\/agenciainovacao\/portifolios\/","title":{"rendered":"Portif\u00f3lios"},"content":{"rendered":"<p><strong>Portif\u00f3lios:<\/strong><\/p>\n<ul>\n<li><a href=\"https:\/\/uenf.br\/reitoria\/agenciainovacao\/apresentacao\/portifolio-uenf-de-cultivares\/\">Portif\u00f3lio UENF de Cultivares<\/a><\/li>\n<li><a href=\"https:\/\/uenf.br\/reitoria\/agenciainovacao\/portfolio-uenf-de-patentes\/\">Portf\u00f3lio UENF de Patentes<\/a><\/li>\n<li><a href=\"https:\/\/uenf.br\/reitoria\/agenciainovacao\/servicos\/\">Portf\u00f3lio UENF de Servi\u00e7os Tecnol\u00f3gicos<\/a><\/li>\n<\/ul>\n","protected":false},"excerpt":{"rendered":"<p>Portif\u00f3lios: Portif\u00f3lio UENF de Cultivares Portf\u00f3lio UENF de Patentes Portf\u00f3lio UENF de Servi\u00e7os Tecnol\u00f3gicos<\/p>\n","protected":false},"author":20,"featured_media":0,"parent":0,"menu_order":2,"comment_status":"closed","ping_status":"closed","template":"","meta":{"footnotes":""},"class_list":["post-1116","page","type-page","status-publish","hentry"],"_links":{"self":[{"href":"https:\/\/uenf.br\/reitoria\/agenciainovacao\/wp-json\/wp\/v2\/pages\/1116","targetHints":{"allow":["GET"]}}],"collection":[{"href":"https:\/\/uenf.br\/reitoria\/agenciainovacao\/wp-json\/wp\/v2\/pages"}],"about":[{"href":"https:\/\/uenf.br\/reitoria\/agenciainovacao\/wp-json\/wp\/v2\/types\/page"}],"author":[{"embeddable":true,"href":"https:\/\/uenf.br\/reitoria\/agenciainovacao\/wp-json\/wp\/v2\/users\/20"}],"replies":[{"embeddable":true,"href":"https:\/\/uenf.br\/reitoria\/agenciainovacao\/wp-json\/wp\/v2\/comments?post=1116"}],"version-history":[{"count":0,"href":"https:\/\/uenf.br\/reitoria\/agenciainovacao\/wp-json\/wp\/v2\/pages\/1116\/revisions"}],"wp:attachment":[{"href":"https:\/\/uenf.br\/reitoria\/agenciainovacao\/wp-json\/wp\/v2\/media?parent=1116"}],"curies":[{"name":"wp","href":"https:\/\/api.w.org\/{rel}","templated":true}]}}