{"id":137,"date":"2012-07-27T14:16:55","date_gmt":"2012-07-27T14:16:55","guid":{"rendered":"http:\/\/uenf.br\/reitoria\/agenciainovacao\/?page_id=137"},"modified":"2020-01-30T19:26:34","modified_gmt":"2020-01-30T19:26:34","slug":"servicos","status":"publish","type":"page","link":"https:\/\/uenf.br\/reitoria\/agenciainovacao\/assessoria-de-patentes\/servicos\/","title":{"rendered":"Servi\u00e7os"},"content":{"rendered":"<p><strong>.:<\/strong>\u00a0 Pesquisa pr\u00e9via a respeito de tecnologias a serem patenteadas, verificando a patenteabilidade;<\/p>\n<p><strong>.:<\/strong> Busca de anterioridade nas bases de dados de patentes, marcas,\u00a0 programas de computador e cultivares;<\/p>\n<p><strong>.:<\/strong>\u00a0 Assessoria para elabora\u00e7\u00e3o e organiza\u00e7\u00e3o dos documentos necess\u00e1rios para dep\u00f3sito de pedidos de patentes de inven\u00e7\u00e3o, modelos de utilidade, registro de desenhos industriais, registro de marcas, registro de Programas de Computador, registro de Topagrafia de Circuitos Integrados e prote\u00e7\u00e3o de cultivares.<\/p>\n<p><strong>.:\u00a0 <\/strong>Gerenciamento e controle dos processos de prote\u00e7\u00e3o de propriedade intelectual, atrav\u00e9s do acompanhamento de prazos, pagamento de taxas e cumprimento as exig\u00eancias formuladas pelos \u00f3rg\u00e3os oficiais;<\/p>\n<p><strong>.: <\/strong>\u00a0Intermedia\u00e7\u00e3o de Transfer\u00eancia de Tecnologias da UENF;<\/p>\n<p><strong>.:\u00a0<\/strong>Promo\u00e7\u00e3o de eventos e palestras sobre Propriedade Intelectual para a comunidade acad\u00eamica da UENF.<\/p>\n<p><strong>.: <\/strong>Consultoria ao inventor independente.<\/p>\n","protected":false},"excerpt":{"rendered":"<p>.:\u00a0 Pesquisa pr\u00e9via a respeito de tecnologias a serem patenteadas, verificando a patenteabilidade; .: Busca de anterioridade nas bases de&#8230;<\/p>\n","protected":false},"author":20,"featured_media":0,"parent":128,"menu_order":1,"comment_status":"closed","ping_status":"open","template":"","meta":{"footnotes":""},"class_list":["post-137","page","type-page","status-publish","hentry"],"_links":{"self":[{"href":"https:\/\/uenf.br\/reitoria\/agenciainovacao\/wp-json\/wp\/v2\/pages\/137","targetHints":{"allow":["GET"]}}],"collection":[{"href":"https:\/\/uenf.br\/reitoria\/agenciainovacao\/wp-json\/wp\/v2\/pages"}],"about":[{"href":"https:\/\/uenf.br\/reitoria\/agenciainovacao\/wp-json\/wp\/v2\/types\/page"}],"author":[{"embeddable":true,"href":"https:\/\/uenf.br\/reitoria\/agenciainovacao\/wp-json\/wp\/v2\/users\/20"}],"replies":[{"embeddable":true,"href":"https:\/\/uenf.br\/reitoria\/agenciainovacao\/wp-json\/wp\/v2\/comments?post=137"}],"version-history":[{"count":0,"href":"https:\/\/uenf.br\/reitoria\/agenciainovacao\/wp-json\/wp\/v2\/pages\/137\/revisions"}],"up":[{"embeddable":true,"href":"https:\/\/uenf.br\/reitoria\/agenciainovacao\/wp-json\/wp\/v2\/pages\/128"}],"wp:attachment":[{"href":"https:\/\/uenf.br\/reitoria\/agenciainovacao\/wp-json\/wp\/v2\/media?parent=137"}],"curies":[{"name":"wp","href":"https:\/\/api.w.org\/{rel}","templated":true}]}}