{"id":140,"date":"2012-07-27T14:24:11","date_gmt":"2012-07-27T14:24:11","guid":{"rendered":"http:\/\/uenf.br\/reitoria\/agenciainovacao\/?page_id=140"},"modified":"2026-02-26T13:52:29","modified_gmt":"2026-02-26T13:52:29","slug":"fundenor","status":"publish","type":"page","link":"https:\/\/uenf.br\/reitoria\/agenciainovacao\/empreendedorismo-e-inovacao\/fundenor\/","title":{"rendered":"Funda\u00e7\u00f5es de Apoio Credenciadas"},"content":{"rendered":"<p>1. Funda\u00e7\u00e3o de Apoio ao Desenvolvimento da Computa\u00e7\u00e3o Cient\u00edfica (FACC) &#8211; credenciamento vigente at\u00e9 17\/09\/2026;<\/p>\n<p>2. Funda\u00e7\u00e3o Instituto de Pesquisas Econ\u00f4micas, Administrativas e Cont\u00e1beis de Minas Gerais (IPEAD) &#8211; credenciamento vigente at\u00e9 14\/07\/2026;<\/p>\n<p>3. Funda\u00e7\u00e3o Norte Fluminense de Desenvolvimento Regional (FUNDENOR) &#8211; credenciamento vigente at\u00e9 18\/05\/2025;<\/p>\n<p>4. Funda\u00e7\u00e3o Universit\u00e1ria Jos\u00e9 Bonif\u00e1cio (FUJB) &#8211; credenciamento vigente at\u00e9 03\/06\/2030;<\/p>\n<p>5. Funda\u00e7\u00e3o Arthur Bernardes (FUNARBE) &#8211; credenciamento vigente at\u00e9 13\/10\/2026;<\/p>\n<p>6. Funda\u00e7\u00e3o de Apoio a Educa\u00e7\u00e3o, Pesquisa e Desenvolvimento Cient\u00edfico e Tecnol\u00f3gico Fluminense (PR\u00d3-IFF) &#8211; credenciamento vigente at\u00e9 12\/01\/2027;<\/p>\n<p>7.\u00a0 Funda\u00e7\u00e3o de Desenvolvimento de Tecn\u00f3polis (FUNTEC) &#8211; credenciamento vigente at\u00e9 28\/11\/2030;<\/p>\n","protected":false},"excerpt":{"rendered":"<p>1. Funda\u00e7\u00e3o de Apoio ao Desenvolvimento da Computa\u00e7\u00e3o Cient\u00edfica (FACC) &#8211; credenciamento vigente at\u00e9 17\/09\/2026; 2. Funda\u00e7\u00e3o Instituto de Pesquisas&#8230;<\/p>\n","protected":false},"author":20,"featured_media":0,"parent":324,"menu_order":9,"comment_status":"closed","ping_status":"closed","template":"","meta":{"footnotes":""},"class_list":["post-140","page","type-page","status-publish","hentry"],"_links":{"self":[{"href":"https:\/\/uenf.br\/reitoria\/agenciainovacao\/wp-json\/wp\/v2\/pages\/140","targetHints":{"allow":["GET"]}}],"collection":[{"href":"https:\/\/uenf.br\/reitoria\/agenciainovacao\/wp-json\/wp\/v2\/pages"}],"about":[{"href":"https:\/\/uenf.br\/reitoria\/agenciainovacao\/wp-json\/wp\/v2\/types\/page"}],"author":[{"embeddable":true,"href":"https:\/\/uenf.br\/reitoria\/agenciainovacao\/wp-json\/wp\/v2\/users\/20"}],"replies":[{"embeddable":true,"href":"https:\/\/uenf.br\/reitoria\/agenciainovacao\/wp-json\/wp\/v2\/comments?post=140"}],"version-history":[{"count":0,"href":"https:\/\/uenf.br\/reitoria\/agenciainovacao\/wp-json\/wp\/v2\/pages\/140\/revisions"}],"up":[{"embeddable":true,"href":"https:\/\/uenf.br\/reitoria\/agenciainovacao\/wp-json\/wp\/v2\/pages\/324"}],"wp:attachment":[{"href":"https:\/\/uenf.br\/reitoria\/agenciainovacao\/wp-json\/wp\/v2\/media?parent=140"}],"curies":[{"name":"wp","href":"https:\/\/api.w.org\/{rel}","templated":true}]}}