{"id":197,"date":"2012-07-27T18:46:44","date_gmt":"2012-07-27T18:46:44","guid":{"rendered":"http:\/\/uenf.br\/reitoria\/agenciainovacao\/?page_id=197"},"modified":"2025-08-14T14:16:30","modified_gmt":"2025-08-14T14:16:30","slug":"tec-campos","status":"publish","type":"page","link":"https:\/\/uenf.br\/reitoria\/agenciainovacao\/empreendedorismo-e-inovacao\/tec-campos\/","title":{"rendered":"TEC Campos Incubadora de Empresas"},"content":{"rendered":"<p>Criada em 2008, a TEC Campos \u00e9 a primeira incubadora de empresas do norte fluminense. Nasceu da parceria da UENF com as principais institui\u00e7\u00f5es do norte-fluminense comprometidas com o desenvolvimento regional, como: IF Fluminense, FUNDENOR, PR\u00d3-IFF, FENORTE, SEBRAE, ACIC, FIRJAN e PMCG.<\/p>\n<p>A TEC Campos abriga empreendimentos de base tecnol\u00f3gica e de base tradicional com \u00eanfase em inova\u00e7\u00e3o, visando torn\u00e1-las mais competitivas. Tem como miss\u00e3o fomentar a cria\u00e7\u00e3o de empresas inovadoras atrav\u00e9s da integra\u00e7\u00e3o entre Centros de Pesquisa e institui\u00e7\u00f5es p\u00fablicas e privadas oferecendo, de forma compartilhada, bens e servi\u00e7os por tempo determinado gerando desenvolvimento sustent\u00e1vel onde atua.<\/p>\n<p>Para saber mais, visite o <em>website<\/em> de TEC Campos:\u00a0<a href=\"http:\/\/www.teccampos.com.br\/institucional\" target=\"_blank\">www.teccampos.com.br<\/a><\/p>\n","protected":false},"excerpt":{"rendered":"<p>Criada em 2008, a TEC Campos \u00e9 a primeira incubadora de empresas do norte fluminense. Nasceu da parceria da UENF&#8230;<\/p>\n","protected":false},"author":20,"featured_media":0,"parent":324,"menu_order":10,"comment_status":"closed","ping_status":"closed","template":"","meta":{"footnotes":""},"class_list":["post-197","page","type-page","status-publish","hentry"],"_links":{"self":[{"href":"https:\/\/uenf.br\/reitoria\/agenciainovacao\/wp-json\/wp\/v2\/pages\/197","targetHints":{"allow":["GET"]}}],"collection":[{"href":"https:\/\/uenf.br\/reitoria\/agenciainovacao\/wp-json\/wp\/v2\/pages"}],"about":[{"href":"https:\/\/uenf.br\/reitoria\/agenciainovacao\/wp-json\/wp\/v2\/types\/page"}],"author":[{"embeddable":true,"href":"https:\/\/uenf.br\/reitoria\/agenciainovacao\/wp-json\/wp\/v2\/users\/20"}],"replies":[{"embeddable":true,"href":"https:\/\/uenf.br\/reitoria\/agenciainovacao\/wp-json\/wp\/v2\/comments?post=197"}],"version-history":[{"count":0,"href":"https:\/\/uenf.br\/reitoria\/agenciainovacao\/wp-json\/wp\/v2\/pages\/197\/revisions"}],"up":[{"embeddable":true,"href":"https:\/\/uenf.br\/reitoria\/agenciainovacao\/wp-json\/wp\/v2\/pages\/324"}],"wp:attachment":[{"href":"https:\/\/uenf.br\/reitoria\/agenciainovacao\/wp-json\/wp\/v2\/media?parent=197"}],"curies":[{"name":"wp","href":"https:\/\/api.w.org\/{rel}","templated":true}]}}