{"id":207,"date":"2012-07-27T19:04:35","date_gmt":"2012-07-27T19:04:35","guid":{"rendered":"http:\/\/uenf.br\/reitoria\/agenciainovacao\/?page_id=207"},"modified":"2025-02-06T20:12:50","modified_gmt":"2025-02-06T20:12:50","slug":"formularios-e-arquivos","status":"publish","type":"page","link":"https:\/\/uenf.br\/reitoria\/agenciainovacao\/convenios-e-contratos\/formularios-e-arquivos\/","title":{"rendered":"Formul\u00e1rios e arquivos"},"content":{"rendered":"<p><a href=\"https:\/\/uenf.br\/reitoria\/agenciainovacao\/files\/2023\/11\/minuta-padrao-convenios-com-orgaos-federais-sem-obras.23nov23.pdf\">Minuta Modelo de CONV\u00caNIO com \u00f3rg\u00e3o ou entidade da Administra\u00e7\u00e3o P\u00fablica (sem obras ou servi\u00e7o de engenharia)<\/a><\/p>\n<p><a href=\"https:\/\/uenf.br\/reitoria\/agenciainovacao\/files\/2025\/02\/Processo-de-credenciamento-\u2014-ANP.pdf\">Processo de credenciamento \u2014 ANP<\/a><\/p>\n","protected":false},"excerpt":{"rendered":"<p>Minuta Modelo de CONV\u00caNIO com \u00f3rg\u00e3o ou entidade da Administra\u00e7\u00e3o P\u00fablica (sem obras ou servi\u00e7o de engenharia) Processo de credenciamento&#8230;<\/p>\n","protected":false},"author":20,"featured_media":0,"parent":8,"menu_order":6,"comment_status":"closed","ping_status":"open","template":"","meta":{"footnotes":""},"class_list":["post-207","page","type-page","status-publish","hentry"],"_links":{"self":[{"href":"https:\/\/uenf.br\/reitoria\/agenciainovacao\/wp-json\/wp\/v2\/pages\/207","targetHints":{"allow":["GET"]}}],"collection":[{"href":"https:\/\/uenf.br\/reitoria\/agenciainovacao\/wp-json\/wp\/v2\/pages"}],"about":[{"href":"https:\/\/uenf.br\/reitoria\/agenciainovacao\/wp-json\/wp\/v2\/types\/page"}],"author":[{"embeddable":true,"href":"https:\/\/uenf.br\/reitoria\/agenciainovacao\/wp-json\/wp\/v2\/users\/20"}],"replies":[{"embeddable":true,"href":"https:\/\/uenf.br\/reitoria\/agenciainovacao\/wp-json\/wp\/v2\/comments?post=207"}],"version-history":[{"count":0,"href":"https:\/\/uenf.br\/reitoria\/agenciainovacao\/wp-json\/wp\/v2\/pages\/207\/revisions"}],"up":[{"embeddable":true,"href":"https:\/\/uenf.br\/reitoria\/agenciainovacao\/wp-json\/wp\/v2\/pages\/8"}],"wp:attachment":[{"href":"https:\/\/uenf.br\/reitoria\/agenciainovacao\/wp-json\/wp\/v2\/media?parent=207"}],"curies":[{"name":"wp","href":"https:\/\/api.w.org\/{rel}","templated":true}]}}