{"id":214,"date":"2012-07-30T14:30:43","date_gmt":"2012-07-30T14:30:43","guid":{"rendered":"http:\/\/uenf.br\/reitoria\/agenciainovacao\/?page_id=214"},"modified":"2012-08-20T19:03:15","modified_gmt":"2012-08-20T19:03:15","slug":"contato","status":"publish","type":"page","link":"https:\/\/uenf.br\/reitoria\/agenciainovacao\/empreendedorismo-e-inovacao\/tec-campos\/contato\/","title":{"rendered":"Contato de TEC Campos"},"content":{"rendered":"<table width=\"700\" border=\"0\" cellspacing=\"0\" cellpadding=\"0\">\n<tbody>\n<tr>\n<td valign=\"top\" width=\"280\" height=\"0\"><strong>Endere\u00e7o:<\/strong><br \/>\nAvenida Alberto Lamego, 2000<br \/>\nParque Calif\u00f3rnia<br \/>\nCampos dos Goytacazes &#8211; RJ<br \/>\n28013-602<\/p>\n<p>(Veja o mapa no fim da p\u00e1gina)<\/p>\n<p><strong>TEC Campos est\u00e1 localizada na entrada principal da UENF, anexada ao Centro de Eventos da Universidade.<\/strong><\/td>\n<td valign=\"top\" width=\"020\" height=\"0\"><\/td>\n<td valign=\"top\" width=\"400\" height=\"0\"><strong>Ronaldo Paranhos, Prof. D.Sc.<\/strong><br \/>\n<em>Diretor-Presidente da TEC Campos<\/em><br \/>\nparanhos@uenf.br<\/p>\n<p><strong>Adriana Crespo<\/strong><br \/>\n<em>Gerente<br \/>\n<\/em>tec_campos@hotmail.com<br \/>\n(22) 2731 4003<br \/>\n(22) 2739 7330<\/p>\n<p><strong><strong>T\u00falio Baita Reis<br \/>\n<\/strong><\/strong><em>Assistente de Projetos<br \/>\n<\/em>tulio.teccampos@hotmail.com<br \/>\n(22) 2731 4003<br \/>\n(22) 2739 7330<\/p>\n<p><strong>Fab\u00edola Pires<\/strong><br \/>\ntec_campos@hotmail.com<\/p>\n<p><strong>Jo\u00edce Pedro<\/strong><br \/>\njoice.teccampos@hotmail.com<\/td>\n<\/tr>\n<\/tbody>\n<\/table>\n<p><iframe loading=\"lazy\" src=\"https:\/\/maps.google.com.br\/maps?f=q&amp;source=s_q&amp;hl=pt-BR&amp;geocode=&amp;q=UENF+-+Universidade+Estadual+do+Norte+Fluminense+Darcy+Ribeiro+-+Avenida+Alberto+Lamego,+Campos+dos+Goytacazes+-+Rio+de+Janeiro&amp;aq=0&amp;oq=uenf&amp;sll=-21.760583,-41.294324&amp;sspn=0.001597,0.002411&amp;t=h&amp;ie=UTF8&amp;hq=UENF+-+Universidade+Estadual+do+Norte+Fluminense+Darcy+Ribeiro+-+Avenida+Alberto+Lamego,+Campos+dos+Goytacazes+-+Rio+de+Janeiro&amp;cid=12810380464566466554&amp;hnear=&amp;ll=-21.759699,-41.291814&amp;spn=0.024273,0.038581&amp;iwloc=A&amp;output=embed\" frameborder=\"0\" marginwidth=\"0\" marginheight=\"0\" scrolling=\"no\" width=\"700\" height=\"600\"><\/iframe><br \/>\n<small><a style=\"color: #0000ff; text-align: left;\" href=\"https:\/\/maps.google.com.br\/maps?f=q&amp;source=embed&amp;hl=pt-BR&amp;geocode=&amp;q=UENF+-+Universidade+Estadual+do+Norte+Fluminense+Darcy+Ribeiro+-+Avenida+Alberto+Lamego,+Campos+dos+Goytacazes+-+Rio+de+Janeiro&amp;aq=0&amp;oq=uenf&amp;sll=-21.760583,-41.294324&amp;sspn=0.001597,0.002411&amp;t=h&amp;ie=UTF8&amp;hq=UENF+-+Universidade+Estadual+do+Norte+Fluminense+Darcy+Ribeiro+-+Avenida+Alberto+Lamego,+Campos+dos+Goytacazes+-+Rio+de+Janeiro&amp;cid=12810380464566466554&amp;hnear=&amp;ll=-21.759699,-41.291814&amp;spn=0.024273,0.038581&amp;iwloc=A\">Exibir mapa ampliado<\/a><\/small><\/p>\n","protected":false},"excerpt":{"rendered":"<p>Endere\u00e7o: Avenida Alberto Lamego, 2000 Parque Calif\u00f3rnia Campos dos Goytacazes &#8211; RJ 28013-602 (Veja o mapa no fim da p\u00e1gina)&#8230;<\/p>\n","protected":false},"author":20,"featured_media":0,"parent":197,"menu_order":2,"comment_status":"closed","ping_status":"open","template":"","meta":{"footnotes":""},"class_list":["post-214","page","type-page","status-publish","hentry"],"_links":{"self":[{"href":"https:\/\/uenf.br\/reitoria\/agenciainovacao\/wp-json\/wp\/v2\/pages\/214","targetHints":{"allow":["GET"]}}],"collection":[{"href":"https:\/\/uenf.br\/reitoria\/agenciainovacao\/wp-json\/wp\/v2\/pages"}],"about":[{"href":"https:\/\/uenf.br\/reitoria\/agenciainovacao\/wp-json\/wp\/v2\/types\/page"}],"author":[{"embeddable":true,"href":"https:\/\/uenf.br\/reitoria\/agenciainovacao\/wp-json\/wp\/v2\/users\/20"}],"replies":[{"embeddable":true,"href":"https:\/\/uenf.br\/reitoria\/agenciainovacao\/wp-json\/wp\/v2\/comments?post=214"}],"version-history":[{"count":0,"href":"https:\/\/uenf.br\/reitoria\/agenciainovacao\/wp-json\/wp\/v2\/pages\/214\/revisions"}],"up":[{"embeddable":true,"href":"https:\/\/uenf.br\/reitoria\/agenciainovacao\/wp-json\/wp\/v2\/pages\/197"}],"wp:attachment":[{"href":"https:\/\/uenf.br\/reitoria\/agenciainovacao\/wp-json\/wp\/v2\/media?parent=214"}],"curies":[{"name":"wp","href":"https:\/\/api.w.org\/{rel}","templated":true}]}}