{"id":324,"date":"2012-08-20T19:04:37","date_gmt":"2012-08-20T19:04:37","guid":{"rendered":"http:\/\/uenf.br\/reitoria\/agenciainovacao\/?page_id=324"},"modified":"2025-08-14T14:40:02","modified_gmt":"2025-08-14T14:40:02","slug":"empreendedorismo-e-inovacao","status":"publish","type":"page","link":"https:\/\/uenf.br\/reitoria\/agenciainovacao\/empreendedorismo-e-inovacao\/","title":{"rendered":"Empreendedorismo e Inova\u00e7\u00e3o"},"content":{"rendered":"<p>Semestralmente, a Ag\u00eancia UENF de Inova\u00e7\u00e3o, a AgiUENF, oferece a disciplina de Empreendedorismo e Inova\u00e7\u00e3o para os Cursos de Gradua\u00e7\u00e3o e P\u00f3s-Gradua\u00e7\u00e3o da Universidade.<\/p>\n<p>A disciplina \u00e9 eletiva e est\u00e1 atrelada a Pr\u00f3-Reitoria de Gradua\u00e7\u00e3o (Prograd).<\/p>\n<p>Nesta disciplina, trata-se do denominado empreendedorismo coorporativo, onde entende-se os novos empreendedores n\u00e3o necessariamente como empres\u00e1rios, mas como profissionais com a capacidade de articular novas ideias e transform\u00e1-las em projetos. Sendo assim, esses novos empreendedores s\u00e3o agentes da inova\u00e7\u00e3o em suas institui\u00e7\u00f5es, sejam essas p\u00fablicas, privadas ou do terceiro setor.<\/p>\n<p>A disciplina aborda:<br \/>\n<strong>.:<\/strong> Conceitos de empreendedorismo e inova\u00e7\u00e3o;<br \/>\n<strong>.:<\/strong> Estudos de caso;<br \/>\n<strong>.:<\/strong> Metodologia e instrumentos para consolida\u00e7\u00e3o de ideias em projetos;<br \/>\n<strong>.:<\/strong> Propriedade industrial.<\/p>\n","protected":false},"excerpt":{"rendered":"<p>Semestralmente, a Ag\u00eancia UENF de Inova\u00e7\u00e3o, a AgiUENF, oferece a disciplina de Empreendedorismo e Inova\u00e7\u00e3o para os Cursos de Gradua\u00e7\u00e3o&#8230;<\/p>\n","protected":false},"author":20,"featured_media":0,"parent":0,"menu_order":3,"comment_status":"closed","ping_status":"closed","template":"","meta":{"footnotes":""},"class_list":["post-324","page","type-page","status-publish","hentry"],"_links":{"self":[{"href":"https:\/\/uenf.br\/reitoria\/agenciainovacao\/wp-json\/wp\/v2\/pages\/324","targetHints":{"allow":["GET"]}}],"collection":[{"href":"https:\/\/uenf.br\/reitoria\/agenciainovacao\/wp-json\/wp\/v2\/pages"}],"about":[{"href":"https:\/\/uenf.br\/reitoria\/agenciainovacao\/wp-json\/wp\/v2\/types\/page"}],"author":[{"embeddable":true,"href":"https:\/\/uenf.br\/reitoria\/agenciainovacao\/wp-json\/wp\/v2\/users\/20"}],"replies":[{"embeddable":true,"href":"https:\/\/uenf.br\/reitoria\/agenciainovacao\/wp-json\/wp\/v2\/comments?post=324"}],"version-history":[{"count":0,"href":"https:\/\/uenf.br\/reitoria\/agenciainovacao\/wp-json\/wp\/v2\/pages\/324\/revisions"}],"wp:attachment":[{"href":"https:\/\/uenf.br\/reitoria\/agenciainovacao\/wp-json\/wp\/v2\/media?parent=324"}],"curies":[{"name":"wp","href":"https:\/\/api.w.org\/{rel}","templated":true}]}}