{"id":326,"date":"2012-08-20T20:37:29","date_gmt":"2012-08-20T20:37:29","guid":{"rendered":"http:\/\/uenf.br\/reitoria\/agenciainovacao\/?page_id=326"},"modified":"2012-08-31T17:24:24","modified_gmt":"2012-08-31T17:24:24","slug":"transparencia","status":"publish","type":"page","link":"https:\/\/uenf.br\/reitoria\/agenciainovacao\/transparencia\/","title":{"rendered":"Transpar\u00eancia"},"content":{"rendered":"<p>Esta se\u00e7\u00e3o tem por objetivo contribuir para a aplica\u00e7\u00e3o da <a href=\"http:\/\/www.planalto.gov.br\/ccivil_03\/_Ato2011-2014\/2011\/Lei\/L12527.htm\" target=\"_blank\">Lei de Acesso \u00e0 Informa\u00e7\u00e3o<\/a> que assegura a todos os cidad\u00e3os o pleno acesso \u00e0s informa\u00e7\u00f5es contidas nos \u00f3rg\u00e3os p\u00fablicos.<\/p>\n<p>Aqui encontram-se todos dados \/ arquivos mencionados no <em>website<\/em> da Ag\u00eancia UENF de Inova\u00e7\u00e3o, a AG.UENF. Para mais informa\u00e7\u00f5es, acesse o <a href=\"http:\/\/uenf.br\/reitoria\/sic\/\" target=\"_blank\">Servi\u00e7o de Informa\u00e7\u00e3o ao Cidad\u00e3o da UENF<\/a>.<\/p>\n<p><strong>Resolu\u00e7\u00f5es:<\/strong><br \/>\n<strong>.:<\/strong> <a href=\"http:\/\/uenf.br\/reitoria\/agenciainovacao\/files\/2012\/08\/resolucao_consuni_2000_n04.pdf\" target=\"_blank\">Resolu\u00e7\u00e3o n.4\/2000<\/a> do Conselho Universit\u00e1rio (CONSUNI) da UENF: <em>Normas para regulamenta\u00e7\u00e3o de projetos patrocinados, presta\u00e7\u00e3o de servi\u00e7os por Professores da UENF e da propriedade industrial<\/em>;<\/p>\n<p><strong>.:<\/strong> <a href=\"http:\/\/uenf.br\/reitoria\/agenciainovacao\/files\/2012\/08\/resolucao_consuni_2011_n03.pdf\" target=\"_blank\">Resolu\u00e7\u00e3o n.3\/2011<\/a> do CONSUNI UENF: <em>Estabelece crit\u00e9rios m\u00ednimos para a aprova\u00e7\u00e3o, a renova\u00e7\u00e3o e o encerramento de conv\u00eanios na UENF, para a aprova\u00e7\u00e3o de novos conv\u00eanios com remunera\u00e7\u00e3o para pesquisadores, e d\u00e1 outras provid\u00eancias<\/em>.<\/p>\n<p><strong>.:<\/strong>\u00a0<a href=\"http:\/\/uenf.br\/reitoria\/agenciainovacao\/files\/2012\/08\/resolucao_consuni_2011_n05.pdf\" target=\"_blank\">Resolu\u00e7\u00e3o n.5\/2011<\/a> do CONSUNI UENF: <em>Disp\u00f5es sobre a estrutura\u00e7\u00e3o da Ag\u00eancia UENF de Inova\u00e7\u00e3o e d\u00e1 outras provid\u00eancias<\/em>.<\/p>\n","protected":false},"excerpt":{"rendered":"<p>Esta se\u00e7\u00e3o tem por objetivo contribuir para a aplica\u00e7\u00e3o da Lei de Acesso \u00e0 Informa\u00e7\u00e3o que assegura a todos os&#8230;<\/p>\n","protected":false},"author":20,"featured_media":0,"parent":0,"menu_order":12,"comment_status":"closed","ping_status":"open","template":"","meta":{"footnotes":""},"class_list":["post-326","page","type-page","status-publish","hentry"],"_links":{"self":[{"href":"https:\/\/uenf.br\/reitoria\/agenciainovacao\/wp-json\/wp\/v2\/pages\/326","targetHints":{"allow":["GET"]}}],"collection":[{"href":"https:\/\/uenf.br\/reitoria\/agenciainovacao\/wp-json\/wp\/v2\/pages"}],"about":[{"href":"https:\/\/uenf.br\/reitoria\/agenciainovacao\/wp-json\/wp\/v2\/types\/page"}],"author":[{"embeddable":true,"href":"https:\/\/uenf.br\/reitoria\/agenciainovacao\/wp-json\/wp\/v2\/users\/20"}],"replies":[{"embeddable":true,"href":"https:\/\/uenf.br\/reitoria\/agenciainovacao\/wp-json\/wp\/v2\/comments?post=326"}],"version-history":[{"count":0,"href":"https:\/\/uenf.br\/reitoria\/agenciainovacao\/wp-json\/wp\/v2\/pages\/326\/revisions"}],"wp:attachment":[{"href":"https:\/\/uenf.br\/reitoria\/agenciainovacao\/wp-json\/wp\/v2\/media?parent=326"}],"curies":[{"name":"wp","href":"https:\/\/api.w.org\/{rel}","templated":true}]}}