{"id":342,"date":"2012-08-27T23:18:11","date_gmt":"2012-08-27T23:18:11","guid":{"rendered":"http:\/\/uenf.br\/reitoria\/agenciainovacao\/?page_id=342"},"modified":"2013-03-18T20:06:52","modified_gmt":"2013-03-18T20:06:52","slug":"armadilha","status":"publish","type":"page","link":"https:\/\/uenf.br\/reitoria\/agenciainovacao\/portifolios\/portfolio-uenf-de-patentes\/armadilha\/","title":{"rendered":"Armadilha natural para controle de insetos"},"content":{"rendered":"<p><strong><span style=\"color: #888888;\">INVENTOR<\/span><br \/>\n<\/strong><strong>Richard Ian Samuels, Prof. D.Sc.<\/strong>\u00a0<em><a href=\"http:\/\/lattes.cnpq.br\/1377493381219615\" target=\"_blank\">Visitar Curr\u00edculo Lattes<br \/>\n<\/a>Laborat\u00f3rio de Entomologia e Fitopatologia (LEF &#8211; CCTA &#8211; UENF)<\/em><\/p>\n<p><strong><span style=\"color: #888888;\">CONTATO<\/span><br \/>\n<\/strong>E-mail \u00a0<strong>patentes@uenf.br<\/strong> || Telefone <strong>(22)\u00a02739 7331<\/strong><\/p>\n<p><strong style=\"color: #888888;\">DESCRI\u00c7\u00c3O GERAL<br \/>\n<\/strong>Trata-se de uma armadilha para combater insetos adultos (preferivelmente mosquitos adultos) por meio de agentes biol\u00f3gicos naturais. A armadilha tem um tecido preto que infecta e mata insetos, sem causar riscos \u00e0 sa\u00fade humana e de outros animais.<\/p>\n<p>A armadilha apresenta grande vantagem sobre inseticidas qu\u00edmicos, os mais utilizados para o controle de insetos adultos. Inseticidas qu\u00edmicos prejudicam a sa\u00fade das pessoas expostas \u00e0s pulveriza\u00e7\u00f5es e possibilitam o surgimento de popula\u00e7\u00f5es resistentes a diferentes subst\u00e2ncias.<\/p>\n<p>Ressalta-se ainda que no mercado n\u00e3o existem inseticidas baseados em agentes biol\u00f3gicos de controle direcionados para insetos adultos (apenas existem produtos para larvas de mosquito).<\/p>\n<p><span style=\"color: #888888;\"><strong>OBJETIVOS<\/strong><\/span><br \/>\n(1) Substituir o uso de inseticidas qu\u00edmicos, (2) eliminar a a\u00e7\u00e3o mal\u00e9fica dos inseticidas sobre os humanos, (3) combater insetos adultos e reduzir a incid\u00eancia de doen\u00e7as como dengue, febre amarela, mal\u00e1ria etc.<\/p>\n<p><span style=\"color: #888888;\"><strong>P\u00daBLICO-ALVO<\/strong><\/span><br \/>\nA armadilha pode ser instalada em locais p\u00fablicos, privados e residenciais.<\/p>\n","protected":false},"excerpt":{"rendered":"<p>INVENTOR Richard Ian Samuels, Prof. D.Sc.\u00a0Visitar Curr\u00edculo Lattes Laborat\u00f3rio de Entomologia e Fitopatologia (LEF &#8211; CCTA &#8211; UENF) CONTATO E-mail&#8230;<\/p>\n","protected":false},"author":20,"featured_media":0,"parent":80,"menu_order":3,"comment_status":"closed","ping_status":"open","template":"","meta":{"footnotes":""},"class_list":["post-342","page","type-page","status-publish","hentry"],"_links":{"self":[{"href":"https:\/\/uenf.br\/reitoria\/agenciainovacao\/wp-json\/wp\/v2\/pages\/342","targetHints":{"allow":["GET"]}}],"collection":[{"href":"https:\/\/uenf.br\/reitoria\/agenciainovacao\/wp-json\/wp\/v2\/pages"}],"about":[{"href":"https:\/\/uenf.br\/reitoria\/agenciainovacao\/wp-json\/wp\/v2\/types\/page"}],"author":[{"embeddable":true,"href":"https:\/\/uenf.br\/reitoria\/agenciainovacao\/wp-json\/wp\/v2\/users\/20"}],"replies":[{"embeddable":true,"href":"https:\/\/uenf.br\/reitoria\/agenciainovacao\/wp-json\/wp\/v2\/comments?post=342"}],"version-history":[{"count":0,"href":"https:\/\/uenf.br\/reitoria\/agenciainovacao\/wp-json\/wp\/v2\/pages\/342\/revisions"}],"up":[{"embeddable":true,"href":"https:\/\/uenf.br\/reitoria\/agenciainovacao\/wp-json\/wp\/v2\/pages\/80"}],"wp:attachment":[{"href":"https:\/\/uenf.br\/reitoria\/agenciainovacao\/wp-json\/wp\/v2\/media?parent=342"}],"curies":[{"name":"wp","href":"https:\/\/api.w.org\/{rel}","templated":true}]}}